{"id":4770,"date":"2025-10-16T13:20:06","date_gmt":"2025-10-16T11:20:06","guid":{"rendered":"https:\/\/harly-tea.at\/?post_type=product&#038;p=4770"},"modified":"2025-10-16T13:20:07","modified_gmt":"2025-10-16T11:20:07","slug":"honey-rain-of-mengding-meng-ding-gan-lu-100g","status":"publish","type":"product","link":"https:\/\/harly-tea.at\/de\/produkt\/honey-rain-of-mengding-meng-ding-gan-lu-100g\/","title":{"rendered":"Honey Rain of Mengding (Meng Ding Gan Lu)  100g"},"content":{"rendered":"<p data-start=\"0\" data-end=\"276\"><strong data-start=\"0\" data-end=\"20\">Meng Ding Gan Lu<\/strong> ist ein hochwertiger Gr\u00fcntee vom Mengshan-Berg in der Provinz Sichuan und z\u00e4hlt zu den <strong data-start=\"108\" data-end=\"141\" data-is-only-node=\"\">Zehn ber\u00fchmtesten Tees Chinas<\/strong>. Der Ursprung des Teeanbaus dort reicht bis etwa <strong data-start=\"191\" data-end=\"206\">200 v. Chr.<\/strong> zur\u00fcck, als der M\u00f6nch <strong data-start=\"229\" data-end=\"243\">Wu Li Zhen<\/strong> die ersten Teepflanzen setzte.<\/p>\n<p data-start=\"278\" data-end=\"520\" data-is-last-node=\"\" data-is-only-node=\"\">Die traditionelle Herstellung ist <strong data-start=\"312\" data-end=\"325\">aufwendig<\/strong>, mit <strong data-start=\"331\" data-end=\"364\">dreimaligem R\u00f6sten und Rollen<\/strong> \u00fcber <strong data-start=\"370\" data-end=\"388\">Holzkohlefeuer<\/strong>. Das Ergebnis ist ein <strong data-start=\"411\" data-end=\"436\">klarer, s\u00fc\u00dflicher Tee<\/strong> mit <strong data-start=\"441\" data-end=\"467\">Honig- und Fruchtnoten<\/strong> \u2013 ein Paradebeispiel feinster chinesischer Teekunst.<\/p>\n<p data-start=\"278\" data-end=\"520\" data-is-last-node=\"\" data-is-only-node=\"\">\n<p data-start=\"278\" data-end=\"520\" data-is-last-node=\"\" data-is-only-node=\"\"><div class=\"row mt-5\">\n   <div class=\"col-md-12 text-center\">\n      <h3>Zubereitungsempfehlung<\/h3>\n   <\/div>\n   <\/div><div class=\"row\">   <div class=\"col-md-4 wc-info-box\">\n      <i class=\"fa fa-3x fa-scale-balanced\"><\/i>\n      <h4>5 Gramm Tee pro 200ml<\/h4>\n      <\/div>   <div class=\"col-md-4 wc-info-box\">\n      <i class=\"fa fa-3x fa-temperature-full\"><\/i>\n      <h4>80\u00b0C Wassertemperatur<\/h4>\n      <\/div>   <div class=\"col-md-4 wc-info-box\">\n      <i class=\"fa fa-3x fa-clock\"><\/i>\n      <h4>2-4 Minuten Ziehzeit<\/h4>\n      <\/div><\/div><\/p>\n","protected":false},"excerpt":{"rendered":"<p>Meng Ding Gan Lu ist ein hochwertiger Gr\u00fcntee vom Mengshan-Berg in der Provinz Sichuan und z\u00e4hlt zu den Zehn ber\u00fchmtesten<\/p>\n","protected":false},"featured_media":4771,"template":"","meta":[],"product_brand":[],"product_cat":[16,17],"product_tag":[],"class_list":{"0":"post-4770","1":"product","2":"type-product","3":"status-publish","4":"has-post-thumbnail","6":"product_cat-tee","7":"product_cat-gruenertee","9":"first","10":"instock","11":"taxable","12":"shipping-taxable","13":"purchasable","14":"product-type-simple"},"_links":{"self":[{"href":"https:\/\/harly-tea.at\/de\/wp-json\/wp\/v2\/product\/4770","targetHints":{"allow":["GET"]}}],"collection":[{"href":"https:\/\/harly-tea.at\/de\/wp-json\/wp\/v2\/product"}],"about":[{"href":"https:\/\/harly-tea.at\/de\/wp-json\/wp\/v2\/types\/product"}],"wp:featuredmedia":[{"embeddable":true,"href":"https:\/\/harly-tea.at\/de\/wp-json\/wp\/v2\/media\/4771"}],"wp:attachment":[{"href":"https:\/\/harly-tea.at\/de\/wp-json\/wp\/v2\/media?parent=4770"}],"wp:term":[{"taxonomy":"product_brand","embeddable":true,"href":"https:\/\/harly-tea.at\/de\/wp-json\/wp\/v2\/product_brand?post=4770"},{"taxonomy":"product_cat","embeddable":true,"href":"https:\/\/harly-tea.at\/de\/wp-json\/wp\/v2\/product_cat?post=4770"},{"taxonomy":"product_tag","embeddable":true,"href":"https:\/\/harly-tea.at\/de\/wp-json\/wp\/v2\/product_tag?post=4770"}],"curies":[{"name":"wp","href":"https:\/\/api.w.org\/{rel}","templated":true}]}}