{"id":4773,"date":"2025-10-16T13:27:18","date_gmt":"2025-10-16T11:27:18","guid":{"rendered":"https:\/\/harly-tea.at\/?post_type=product&#038;p=4773"},"modified":"2025-10-16T13:27:19","modified_gmt":"2025-10-16T11:27:19","slug":"yunnan-old-tree-silver-needle-2024-100g","status":"publish","type":"product","link":"https:\/\/harly-tea.at\/de\/produkt\/yunnan-old-tree-silver-needle-2024-100g\/","title":{"rendered":"Yunnan Old Tree Silver Needle 2024 &#8211; 100g"},"content":{"rendered":"<p data-start=\"0\" data-end=\"163\"><strong data-start=\"0\" data-end=\"33\">Old Tree Yunnan Silver Needle<\/strong> (<em data-start=\"35\" data-end=\"68\">Yunnan Lao Shu Bai Hao Yin Zhen<\/em>) ist ein <strong data-start=\"88\" data-end=\"112\" data-is-only-node=\"\">hochwertiger Wei\u00dftee<\/strong> aus dem Dorf <strong data-start=\"126\" data-end=\"144\">Ming Feng Shan<\/strong>, Jinggu, Yunnan.<\/p>\n<p data-start=\"165\" data-end=\"479\">Die <strong data-start=\"169\" data-end=\"187\">zarten Knospen<\/strong> werden <strong data-start=\"195\" data-end=\"211\">handverlesen<\/strong> zu silbrig gl\u00e4nzenden Nadeln verarbeitet. Der Aufguss ist <strong data-start=\"270\" data-end=\"284\">hell, klar<\/strong> und entfaltet <strong data-start=\"299\" data-end=\"344\">pflanzlich-blumige, leicht holzige Aromen<\/strong>. Geschmacklich zeigt der Tee <strong data-start=\"374\" data-end=\"433\">weiche S\u00fc\u00dfe, feine W\u00fcrze und fruchtig-holzigen Nachhall<\/strong> bei <strong data-start=\"438\" data-end=\"476\">sauberem, erfrischendem Mundgef\u00fchl<\/strong>.<\/p>\n<p data-start=\"481\" data-end=\"673\" data-is-last-node=\"\" data-is-only-node=\"\">Der Teegarten auf <strong data-start=\"499\" data-end=\"514\">1900 m H\u00f6he<\/strong> ist Teil der <strong data-start=\"528\" data-end=\"556\">alten Mingfeng-Teeg\u00e4rten<\/strong> in Yongde und bietet dank <strong data-start=\"583\" data-end=\"619\">Mischwald mit Kiefern und Birken<\/strong> optimale Wachstumsbedingungen f\u00fcr die alten Teeb\u00e4ume.<\/p>\n<p data-start=\"481\" data-end=\"673\" data-is-last-node=\"\" data-is-only-node=\"\"><div class=\"row mt-5\">\n   <div class=\"col-md-12 text-center\">\n      <h3>Zubereitungsempfehlung<\/h3>\n   <\/div>\n   <\/div><div class=\"row\">   <div class=\"col-md-4 wc-info-box\">\n      <i class=\"fa fa-3x fa-scale-balanced\"><\/i>\n      <h4>5 Gramm Tee pro 200ml<\/h4>\n      <\/div>   <div class=\"col-md-4 wc-info-box\">\n      <i class=\"fa fa-3x fa-temperature-full\"><\/i>\n      <h4>70-80\u00b0C Wassertemperatur<\/h4>\n      <\/div>   <div class=\"col-md-4 wc-info-box\">\n      <i class=\"fa fa-3x fa-clock\"><\/i>\n      <h4>2-4 Minuten Ziehzeit<\/h4>\n      <\/div><\/div><\/p>\n","protected":false},"excerpt":{"rendered":"<p>Old Tree Yunnan Silver Needle (Yunnan Lao Shu Bai Hao Yin Zhen) ist ein hochwertiger Wei\u00dftee aus dem Dorf Ming<\/p>\n","protected":false},"featured_media":4774,"template":"","meta":[],"product_brand":[],"product_cat":[16,60],"product_tag":[],"class_list":{"0":"post-4773","1":"product","2":"type-product","3":"status-publish","4":"has-post-thumbnail","6":"product_cat-tee","7":"product_cat-weisser-tee","9":"first","10":"instock","11":"taxable","12":"shipping-taxable","13":"purchasable","14":"product-type-simple"},"_links":{"self":[{"href":"https:\/\/harly-tea.at\/de\/wp-json\/wp\/v2\/product\/4773","targetHints":{"allow":["GET"]}}],"collection":[{"href":"https:\/\/harly-tea.at\/de\/wp-json\/wp\/v2\/product"}],"about":[{"href":"https:\/\/harly-tea.at\/de\/wp-json\/wp\/v2\/types\/product"}],"wp:featuredmedia":[{"embeddable":true,"href":"https:\/\/harly-tea.at\/de\/wp-json\/wp\/v2\/media\/4774"}],"wp:attachment":[{"href":"https:\/\/harly-tea.at\/de\/wp-json\/wp\/v2\/media?parent=4773"}],"wp:term":[{"taxonomy":"product_brand","embeddable":true,"href":"https:\/\/harly-tea.at\/de\/wp-json\/wp\/v2\/product_brand?post=4773"},{"taxonomy":"product_cat","embeddable":true,"href":"https:\/\/harly-tea.at\/de\/wp-json\/wp\/v2\/product_cat?post=4773"},{"taxonomy":"product_tag","embeddable":true,"href":"https:\/\/harly-tea.at\/de\/wp-json\/wp\/v2\/product_tag?post=4773"}],"curies":[{"name":"wp","href":"https:\/\/api.w.org\/{rel}","templated":true}]}}