{"id":478,"date":"2022-08-09T21:20:19","date_gmt":"2022-08-09T19:20:19","guid":{"rendered":"https:\/\/harly-tea.at\/produkt\/lung-ching-superior\/"},"modified":"2022-09-07T13:37:33","modified_gmt":"2022-09-07T11:37:33","slug":"lung-ching-superior","status":"publish","type":"product","link":"https:\/\/harly-tea.at\/de\/produkt\/lung-ching-superior\/","title":{"rendered":"LUNG CHING Superior"},"content":{"rendered":"<p>Die s\u00fcdostchinesische Provinz Zhejiang wird seit der Tang-Dynasiet am Westsee Xihu bei der Stadt Longjing dieser Tee angebaut (auch bekannt als Drachenbrunnen-Tee). Sehr leicht, ein wenig s\u00fc\u00dffruchtig, ohne Verlust des klassischen Gr\u00fcntee-Charakters. Die Spitzenqualit\u00e4t wird nach dem Welken schonend von Hand in Pfannen getrocknet und kommt so zu seinem flachen, smaragdgr\u00fcnen Blatt.<\/p>\n<div class=\"row mt-5\">\n   <div class=\"col-md-12 text-center\">\n      <h3>Zubereitungsempfehlung<\/h3>\n   <\/div>\n   <\/div><div class=\"row\">   <div class=\"col-md-4 wc-info-box\">\n      <i class=\"fa fa-3x fa-scale-balanced\"><\/i>\n      <h4>3-4 Gramm Tee pro 200ml<\/h4>\n      <\/div>   <div class=\"col-md-4 wc-info-box\">\n      <i class=\"fa fa-3x fa-temperature-full\"><\/i>\n      <h4>80\u00b0C Wassertemperatur<\/h4>\n      <\/div>   <div class=\"col-md-4 wc-info-box\">\n      <i class=\"fa fa-3x fa-clock\"><\/i>\n      <h4>3 Minuten Ziehzeit<\/h4>\n      <\/div><\/div>\n","protected":false},"excerpt":{"rendered":"<p>Die s\u00fcdostchinesische Provinz Zhejiang wird seit der Tang-Dynasiet am Westsee Xihu bei der Stadt Longjing dieser Tee angebaut (auch bekannt<\/p>\n","protected":false},"featured_media":0,"template":"","meta":[],"product_brand":[],"product_cat":[17,16],"product_tag":[],"class_list":{"0":"post-478","1":"product","2":"type-product","3":"status-publish","5":"product_cat-gruenertee","6":"product_cat-tee","8":"first","9":"instock","10":"taxable","11":"shipping-taxable","12":"purchasable","13":"product-type-simple"},"_links":{"self":[{"href":"https:\/\/harly-tea.at\/de\/wp-json\/wp\/v2\/product\/478","targetHints":{"allow":["GET"]}}],"collection":[{"href":"https:\/\/harly-tea.at\/de\/wp-json\/wp\/v2\/product"}],"about":[{"href":"https:\/\/harly-tea.at\/de\/wp-json\/wp\/v2\/types\/product"}],"wp:attachment":[{"href":"https:\/\/harly-tea.at\/de\/wp-json\/wp\/v2\/media?parent=478"}],"wp:term":[{"taxonomy":"product_brand","embeddable":true,"href":"https:\/\/harly-tea.at\/de\/wp-json\/wp\/v2\/product_brand?post=478"},{"taxonomy":"product_cat","embeddable":true,"href":"https:\/\/harly-tea.at\/de\/wp-json\/wp\/v2\/product_cat?post=478"},{"taxonomy":"product_tag","embeddable":true,"href":"https:\/\/harly-tea.at\/de\/wp-json\/wp\/v2\/product_tag?post=478"}],"curies":[{"name":"wp","href":"https:\/\/api.w.org\/{rel}","templated":true}]}}