{"id":4780,"date":"2025-10-19T13:40:44","date_gmt":"2025-10-19T11:40:44","guid":{"rendered":"https:\/\/harly-tea.at\/?post_type=product&#038;p=4780"},"modified":"2025-11-03T19:20:05","modified_gmt":"2025-11-03T18:20:05","slug":"lesung-jazz-am-halloween-abend-wolfgang-jezek-liest-aus-giftglobuli","status":"publish","type":"product","link":"https:\/\/harly-tea.at\/de\/produkt\/lesung-jazz-am-halloween-abend-wolfgang-jezek-liest-aus-giftglobuli\/","title":{"rendered":"Lesung &#038; Jazz am Halloween-Abend: Wolfgang Jezek liest aus &#8222;Giftglobuli&#8220;"},"content":{"rendered":"<p data-start=\"314\" data-end=\"610\">Am <strong data-start=\"317\" data-end=\"332\">31. Oktober<\/strong> verwandelt sich\u00a0 <strong data-start=\"353\" data-end=\"376\">Harly&#8217;s Tea<\/strong>\u00a0in einen Ort f\u00fcr Literatur, Musik und spannende Gespr\u00e4che.<br data-start=\"435\" data-end=\"438\" \/>Der Autor <a href=\"http:\/\/www.autor-jezek.at\/\" target=\"_blank\" rel=\"noopener\"><strong data-start=\"448\" data-end=\"466\">Wolfgang Jezek<\/strong><\/a> liest aus seinem Buch <em data-start=\"489\" data-end=\"502\">Giftglobuli<\/em> \u2013 &#8222;<em>Eine Chemieprofessorin und fanatische Hom\u00f6opathiegegnerin wird in Wien tot aufgefunden. Alles spricht daf\u00fcr, dass sie an einer Tollkirschenvergiftung gestorben ist. Doch wie ist das Gift in ihren K\u00f6rper gelangt? Die Journalistin Elvira Sommerauer beginnt, zusammen mit dem desillusionierten Kommissar Manfred Zapletal, zu ermitteln. Schnell ger\u00e4t sie in die Kampfzone zwischen Hom\u00f6opathen und deren Gegnern. Ist der Professorin ihr Hass gegen die umstrittene Heilmethode zum Verh\u00e4ngnis geworden?&#8220;<\/em>\u00a0 &#8211;\u00a0 eine bissige, kluge und humorvolle Auseinandersetzung mit modernen Mythen und falschen Heilversprechen.<\/p>\n<p data-start=\"612\" data-end=\"744\">Begleitet wird der Abend von <strong data-start=\"641\" data-end=\"654\">JazzMusik<\/strong>, <strong data-start=\"662\" data-end=\"689\">Interview mit dem Autor<\/strong> sowie einer offenen <strong data-start=\"710\" data-end=\"724\">Diskussion<\/strong> mit dem Publikum. Dazu servieren wir <strong data-start=\"794\" data-end=\"823\">passende Teespezialit\u00e4ten<\/strong>, die perfekt zum herbstlich-magischen Abend passen.<\/p>\n<p data-start=\"746\" data-end=\"907\">\n","protected":false},"excerpt":{"rendered":"<p><strong data-start=\"750\" data-end=\"760\">Datum:<\/strong> 31. Oktober (Halloween-Abend)<br data-start=\"790\" data-end=\"793\" \/><strong data-start=\"796\" data-end=\"809\">Programm:<\/strong> Lesung, Jazz, Tee, Interview &amp; Diskussion<br data-start=\"846\" data-end=\"849\" \/><strong data-start=\"853\" data-end=\"866\">Eintritt:<\/strong> Frei<\/p>\n<p><strong>Begrenzte Anzahl an Pl\u00e4tzen \u2013 bitte rechtzeitig reservieren!<\/strong><\/p>\n","protected":false},"featured_media":4799,"template":"","meta":[],"product_brand":[],"product_cat":[186],"product_tag":[],"class_list":{"0":"post-4780","1":"product","2":"type-product","3":"status-publish","4":"has-post-thumbnail","6":"product_cat-musiklesungen","8":"first","9":"outofstock","10":"taxable","11":"shipping-taxable","12":"purchasable","13":"product-type-simple"},"_links":{"self":[{"href":"https:\/\/harly-tea.at\/de\/wp-json\/wp\/v2\/product\/4780","targetHints":{"allow":["GET"]}}],"collection":[{"href":"https:\/\/harly-tea.at\/de\/wp-json\/wp\/v2\/product"}],"about":[{"href":"https:\/\/harly-tea.at\/de\/wp-json\/wp\/v2\/types\/product"}],"wp:featuredmedia":[{"embeddable":true,"href":"https:\/\/harly-tea.at\/de\/wp-json\/wp\/v2\/media\/4799"}],"wp:attachment":[{"href":"https:\/\/harly-tea.at\/de\/wp-json\/wp\/v2\/media?parent=4780"}],"wp:term":[{"taxonomy":"product_brand","embeddable":true,"href":"https:\/\/harly-tea.at\/de\/wp-json\/wp\/v2\/product_brand?post=4780"},{"taxonomy":"product_cat","embeddable":true,"href":"https:\/\/harly-tea.at\/de\/wp-json\/wp\/v2\/product_cat?post=4780"},{"taxonomy":"product_tag","embeddable":true,"href":"https:\/\/harly-tea.at\/de\/wp-json\/wp\/v2\/product_tag?post=4780"}],"curies":[{"name":"wp","href":"https:\/\/api.w.org\/{rel}","templated":true}]}}