{"id":481,"date":"2022-08-09T21:20:19","date_gmt":"2022-08-09T19:20:19","guid":{"rendered":"https:\/\/harly-tea.at\/produkt\/bancha-selection\/"},"modified":"2023-02-17T11:19:36","modified_gmt":"2023-02-17T10:19:36","slug":"bancha-selection","status":"publish","type":"product","link":"https:\/\/harly-tea.at\/de\/produkt\/bancha-selection\/","title":{"rendered":"BANCHA Selection"},"content":{"rendered":"<p>Bancha wird vom selben Teestrauch wie der Sencha geerntet, allerdings handelt es sich um die unteren, gr\u00f6\u00dferen Bl\u00e4tter. Dieser hochvolumige Tee mit gro\u00dfen flachgepresstem Blatt ist koffeinarm und hat einen milden, angenehmen Geschmack. Bancha ist der klassische Alltagstee in Japan.<\/p>\n<div class=\"row mt-5\">\n   <div class=\"col-md-12 text-center\">\n      <h3>Zubereitungsempfehlung<\/h3>\n   <\/div>\n   <\/div><div class=\"row\">   <div class=\"col-md-4 wc-info-box\">\n      <i class=\"fa fa-3x fa-scale-balanced\"><\/i>\n      <h4>3-4 Gramm Tee pro 200ml<\/h4>\n      <\/div>   <div class=\"col-md-4 wc-info-box\">\n      <i class=\"fa fa-3x fa-temperature-full\"><\/i>\n      <h4>75-80\u00b0C Wassertemperatur<\/h4>\n      <\/div>   <div class=\"col-md-4 wc-info-box\">\n      <i class=\"fa fa-3x fa-clock\"><\/i>\n      <h4>1-3 Minuten Ziehzeit<\/h4>\n      <\/div><\/div>\n<p>&nbsp;<\/p>\n<p><!-- 3-4 Gramm Tee pro 200ml 75-80 Grad Celsius Wassertemperatur 1-3 Minuten Ziehzeit --><\/p>\n","protected":false},"excerpt":{"rendered":"<p>Bancha wird vom selben Teestrauch wie der Sencha geerntet, allerdings handelt es sich um die unteren, gr\u00f6\u00dferen Bl\u00e4tter. Dieser hochvolumige<\/p>\n","protected":false},"featured_media":797,"template":"","meta":[],"product_brand":[],"product_cat":[17,16],"product_tag":[],"class_list":{"0":"post-481","1":"product","2":"type-product","3":"status-publish","4":"has-post-thumbnail","6":"product_cat-gruenertee","7":"product_cat-tee","9":"first","10":"instock","11":"taxable","12":"shipping-taxable","13":"purchasable","14":"product-type-simple"},"_links":{"self":[{"href":"https:\/\/harly-tea.at\/de\/wp-json\/wp\/v2\/product\/481","targetHints":{"allow":["GET"]}}],"collection":[{"href":"https:\/\/harly-tea.at\/de\/wp-json\/wp\/v2\/product"}],"about":[{"href":"https:\/\/harly-tea.at\/de\/wp-json\/wp\/v2\/types\/product"}],"wp:featuredmedia":[{"embeddable":true,"href":"https:\/\/harly-tea.at\/de\/wp-json\/wp\/v2\/media\/797"}],"wp:attachment":[{"href":"https:\/\/harly-tea.at\/de\/wp-json\/wp\/v2\/media?parent=481"}],"wp:term":[{"taxonomy":"product_brand","embeddable":true,"href":"https:\/\/harly-tea.at\/de\/wp-json\/wp\/v2\/product_brand?post=481"},{"taxonomy":"product_cat","embeddable":true,"href":"https:\/\/harly-tea.at\/de\/wp-json\/wp\/v2\/product_cat?post=481"},{"taxonomy":"product_tag","embeddable":true,"href":"https:\/\/harly-tea.at\/de\/wp-json\/wp\/v2\/product_tag?post=481"}],"curies":[{"name":"wp","href":"https:\/\/api.w.org\/{rel}","templated":true}]}}