{"id":4813,"date":"2025-11-03T17:52:00","date_gmt":"2025-11-03T16:52:00","guid":{"rendered":"https:\/\/harly-tea.at\/?post_type=product&#038;p=4813"},"modified":"2026-02-02T14:17:23","modified_gmt":"2026-02-02T13:17:23","slug":"granatapfel","status":"publish","type":"product","link":"https:\/\/harly-tea.at\/de\/produkt\/granatapfel\/","title":{"rendered":"Granatapfel"},"content":{"rendered":"<p>Diese edle Schwarzteemischung vereint das kr\u00e4ftige Aroma feinster Tees mit der fruchtigen Frische von Cranberry und der s\u00fc\u00df-herben Note des Granatapfels. Verfeinert mit leuchtenden Cranberryscheiben, echten Granatapfelkernen und zarten Rosenbl\u00fcten entsteht eine harmonische, farbintensive Komposition \u2013 belebend, fruchtig und vollmundig im Geschmack.<\/p>\n<p>Zutaten: schwarzer Tee (93%), Aroma, gefr.-getr. Cranberryscheiben, gefr.-getr. Himbeerst\u00fccke, Granatapfelkerne, Rosenbl\u00fcten<\/p>\n<div class=\"row mt-5\">\n   <div class=\"col-md-12 text-center\">\n      <h3>Zubereitungsempfehlung<\/h3>\n   <\/div>\n   <\/div><div class=\"row\">   <div class=\"col-md-4 wc-info-box\">\n      <i class=\"fa fa-3x fa-scale-balanced\"><\/i>\n      <h4>3 Gramm Tee pro 200ml<\/h4>\n      <\/div>   <div class=\"col-md-4 wc-info-box\">\n      <i class=\"fa fa-3x fa-temperature-full\"><\/i>\n      <h4>100\u00b0C Wassertemperatur<\/h4>\n      <\/div>   <div class=\"col-md-4 wc-info-box\">\n      <i class=\"fa fa-3x fa-clock\"><\/i>\n      <h4>3 Minuten Ziehzeit<\/h4>\n      <\/div><\/div>\n","protected":false},"excerpt":{"rendered":"<p>Diese edle Schwarzteemischung vereint das kr\u00e4ftige Aroma feinster Tees mit der fruchtigen Frische von Cranberry und der s\u00fc\u00df-herben Note des<\/p>\n","protected":false},"featured_media":4814,"template":"","meta":[],"product_brand":[],"product_cat":[16,100],"product_tag":[],"class_list":{"0":"post-4813","1":"product","2":"type-product","3":"status-publish","4":"has-post-thumbnail","6":"product_cat-tee","7":"product_cat-aromatisierter-schwarztee","9":"first","10":"instock","11":"taxable","12":"shipping-taxable","13":"purchasable","14":"product-type-simple"},"_links":{"self":[{"href":"https:\/\/harly-tea.at\/de\/wp-json\/wp\/v2\/product\/4813","targetHints":{"allow":["GET"]}}],"collection":[{"href":"https:\/\/harly-tea.at\/de\/wp-json\/wp\/v2\/product"}],"about":[{"href":"https:\/\/harly-tea.at\/de\/wp-json\/wp\/v2\/types\/product"}],"wp:featuredmedia":[{"embeddable":true,"href":"https:\/\/harly-tea.at\/de\/wp-json\/wp\/v2\/media\/4814"}],"wp:attachment":[{"href":"https:\/\/harly-tea.at\/de\/wp-json\/wp\/v2\/media?parent=4813"}],"wp:term":[{"taxonomy":"product_brand","embeddable":true,"href":"https:\/\/harly-tea.at\/de\/wp-json\/wp\/v2\/product_brand?post=4813"},{"taxonomy":"product_cat","embeddable":true,"href":"https:\/\/harly-tea.at\/de\/wp-json\/wp\/v2\/product_cat?post=4813"},{"taxonomy":"product_tag","embeddable":true,"href":"https:\/\/harly-tea.at\/de\/wp-json\/wp\/v2\/product_tag?post=4813"}],"curies":[{"name":"wp","href":"https:\/\/api.w.org\/{rel}","templated":true}]}}