{"id":482,"date":"2022-08-09T21:20:19","date_gmt":"2022-08-09T19:20:19","guid":{"rendered":"https:\/\/harly-tea.at\/produkt\/gabalong-gruentee\/"},"modified":"2022-09-25T16:16:15","modified_gmt":"2022-09-25T14:16:15","slug":"gabalong-gruentee","status":"publish","type":"product","link":"https:\/\/harly-tea.at\/de\/produkt\/gabalong-gruentee\/","title":{"rendered":"Gabalong Gr\u00fcntee"},"content":{"rendered":"<p>Dieser unter speziellen Bedingungen hergestellte, japanische Gr\u00fcntee wird haupts\u00e4chlich im Shizuoka-Distrikt, nahe der Stadt Osaka, produziert.<br \/>\n\u201eGaba\u201c steht f\u00fcr Gamma-Aminos\u00e4ure und \u201elong\u201c ist die Ableitung von<br \/>\nOolong. Urspr\u00fcnglich wollte man beim \u201eNational Tea Research Institute\u201c<br \/>\nnur herausfinden, ob sich Tee l\u00e4nger haltbar machen l\u00e4sst. So wurde<br \/>\ndem traditionell gefertigten, jungen Blattgut Stickstoff zugesetzt, um<br \/>\nanschlie\u00dfend in gro\u00dfen S\u00e4cken f\u00fcr ca. 14-15 Stunden gelagert zu werden;<br \/>\ndabei entstand ein Produkt, dessen Gehalt an Gaba weitaus h\u00f6her als bei<\/p>\n","protected":false},"excerpt":{"rendered":"<p>Dieser unter speziellen Bedingungen hergestellte, japanische Gr\u00fcntee wird haupts\u00e4chlich im Shizuoka-Distrikt, nahe der Stadt Osaka, produziert. \u201eGaba\u201c steht f\u00fcr Gamma-Aminos\u00e4ure<\/p>\n","protected":false},"featured_media":1285,"template":"","meta":[],"product_brand":[],"product_cat":[17,16],"product_tag":[],"class_list":{"0":"post-482","1":"product","2":"type-product","3":"status-publish","4":"has-post-thumbnail","6":"product_cat-gruenertee","7":"product_cat-tee","9":"first","10":"instock","11":"taxable","12":"shipping-taxable","13":"purchasable","14":"product-type-simple"},"_links":{"self":[{"href":"https:\/\/harly-tea.at\/de\/wp-json\/wp\/v2\/product\/482","targetHints":{"allow":["GET"]}}],"collection":[{"href":"https:\/\/harly-tea.at\/de\/wp-json\/wp\/v2\/product"}],"about":[{"href":"https:\/\/harly-tea.at\/de\/wp-json\/wp\/v2\/types\/product"}],"wp:featuredmedia":[{"embeddable":true,"href":"https:\/\/harly-tea.at\/de\/wp-json\/wp\/v2\/media\/1285"}],"wp:attachment":[{"href":"https:\/\/harly-tea.at\/de\/wp-json\/wp\/v2\/media?parent=482"}],"wp:term":[{"taxonomy":"product_brand","embeddable":true,"href":"https:\/\/harly-tea.at\/de\/wp-json\/wp\/v2\/product_brand?post=482"},{"taxonomy":"product_cat","embeddable":true,"href":"https:\/\/harly-tea.at\/de\/wp-json\/wp\/v2\/product_cat?post=482"},{"taxonomy":"product_tag","embeddable":true,"href":"https:\/\/harly-tea.at\/de\/wp-json\/wp\/v2\/product_tag?post=482"}],"curies":[{"name":"wp","href":"https:\/\/api.w.org\/{rel}","templated":true}]}}