{"id":4821,"date":"2025-11-05T21:37:22","date_gmt":"2025-11-05T20:37:22","guid":{"rendered":"https:\/\/harly-tea.at\/?post_type=product&#038;p=4821"},"modified":"2026-03-16T11:58:24","modified_gmt":"2026-03-16T10:58:24","slug":"tasting-box-oolongs","status":"publish","type":"product","link":"https:\/\/harly-tea.at\/de\/produkt\/tasting-box-oolongs\/","title":{"rendered":"Tasting Box &#8211; Oolongs f\u00fcr Geniesser"},"content":{"rendered":"<p class=\"cvGsUA direction-ltr align-start para-style-body\"><span class=\"a_GcMg font-feature-liga-off font-feature-clig-off font-feature-calt-off text-decoration-none text-strikethrough-none\">Wir laden Sie ein zu einer Reise durch die Welt der semi-oxidierten Tees.<\/span><\/p>\n<p class=\"cvGsUA direction-ltr align-start para-style-body\"><span class=\"a_GcMg font-feature-liga-off font-feature-clig-off font-feature-calt-off text-decoration-none text-strikethrough-none\">Jeder Aufguss entfaltet seine eigene Pers\u00f6nlichkeit \u2013 von blumig-frisch \u00fcber cremig-milchig bis leicht ger\u00f6stet und warm. Entdecken Sie die Vielfalt, genie\u00dfen Sie die Nuancen und lassen Sie sich von jedem Schluck verzaubern.<\/span><\/p>\n<p class=\"cvGsUA direction-ltr align-start para-style-body\"><span class=\"a_GcMg font-feature-liga-off font-feature-clig-off font-feature-calt-off text-decoration-none text-strikethrough-none\">Oolong entfaltet sein volles Aroma am besten in einer kleinen (Ton-)Teekanne und mit mehreren Aufg\u00fcssen.<\/span><\/p>\n","protected":false},"excerpt":{"rendered":"<p class=\"cvGsUA direction-ltr align-justify para-style-body\"><span class=\"OYPEnA text-decoration-none text-strikethrough-none\">INHALT:<\/span><\/p>\n<p class=\"cvGsUA direction-ltr align-justify para-style-body\"><span class=\"a_GcMg font-feature-liga-off font-feature-clig-off font-feature-calt-off text-decoration-none text-strikethrough-none\">x20 gr. Jing Shuan &#8211; Thailand<\/span><\/p>\n<p class=\"cvGsUA direction-ltr align-justify para-style-body\"><span class=\"a_GcMg font-feature-liga-off font-feature-clig-off font-feature-calt-off text-decoration-none text-strikethrough-none\">1&#215;20 gr. Wuyi Big Red Robe &#8211; China<\/span><\/p>\n<p class=\"cvGsUA direction-ltr align-justify para-style-body\"><span class=\"a_GcMg font-feature-liga-off font-feature-clig-off font-feature-calt-off text-decoration-none text-strikethrough-none\">1X20 gr. Gui Hua Osmanthus &#8211; China<\/span><\/p>\n<p class=\"cvGsUA direction-ltr align-justify para-style-body\"><span class=\"a_GcMg font-feature-liga-off font-feature-clig-off font-feature-calt-off text-decoration-none text-strikethrough-none\">1X20 gr. Fujian All Seasons &#8211;<\/span> <span class=\"a_GcMg font-feature-liga-off font-feature-clig-off font-feature-calt-off text-decoration-none text-strikethrough-none\">China<\/span><\/p>\n<p class=\"cvGsUA direction-ltr align-justify para-style-body\"><span class=\"a_GcMg font-feature-liga-off font-feature-clig-off font-feature-calt-off text-decoration-none text-strikethrough-none\">1X20 gr. Formosa Pouchong &#8211; Taiwan<\/span><\/p>\n","protected":false},"featured_media":3211,"template":"","meta":[],"product_brand":[],"product_cat":[71,67],"product_tag":[198,196,197],"class_list":{"0":"post-4821","1":"product","2":"type-product","3":"status-publish","4":"has-post-thumbnail","6":"product_cat-tee-kollektionen","7":"product_cat-geschenke","8":"product_tag-geschenk","9":"product_tag-oolong","10":"product_tag-tasting","12":"first","13":"instock","14":"taxable","15":"shipping-taxable","16":"purchasable","17":"product-type-simple"},"_links":{"self":[{"href":"https:\/\/harly-tea.at\/de\/wp-json\/wp\/v2\/product\/4821","targetHints":{"allow":["GET"]}}],"collection":[{"href":"https:\/\/harly-tea.at\/de\/wp-json\/wp\/v2\/product"}],"about":[{"href":"https:\/\/harly-tea.at\/de\/wp-json\/wp\/v2\/types\/product"}],"wp:featuredmedia":[{"embeddable":true,"href":"https:\/\/harly-tea.at\/de\/wp-json\/wp\/v2\/media\/3211"}],"wp:attachment":[{"href":"https:\/\/harly-tea.at\/de\/wp-json\/wp\/v2\/media?parent=4821"}],"wp:term":[{"taxonomy":"product_brand","embeddable":true,"href":"https:\/\/harly-tea.at\/de\/wp-json\/wp\/v2\/product_brand?post=4821"},{"taxonomy":"product_cat","embeddable":true,"href":"https:\/\/harly-tea.at\/de\/wp-json\/wp\/v2\/product_cat?post=4821"},{"taxonomy":"product_tag","embeddable":true,"href":"https:\/\/harly-tea.at\/de\/wp-json\/wp\/v2\/product_tag?post=4821"}],"curies":[{"name":"wp","href":"https:\/\/api.w.org\/{rel}","templated":true}]}}