{"id":4822,"date":"2025-11-05T21:52:27","date_gmt":"2025-11-05T20:52:27","guid":{"rendered":"https:\/\/harly-tea.at\/?post_type=product&#038;p=4822"},"modified":"2026-02-02T14:16:49","modified_gmt":"2026-02-02T13:16:49","slug":"tasting-box-aged-teas","status":"publish","type":"product","link":"https:\/\/harly-tea.at\/de\/produkt\/tasting-box-aged-teas\/","title":{"rendered":"Tasting Box &#8211; Aged &#038; Rare Tea f\u00fcr Entdecker"},"content":{"rendered":"<p class=\"cvGsUA direction-ltr align-start para-style-body\"><span class=\"a_GcMg font-feature-liga-off font-feature-clig-off font-feature-calt-off text-decoration-none text-strikethrough-none\">Aged &amp; Rare Tea Tasting Box \u2013 Zeit in der Tasse<\/span><\/p>\n<p class=\"cvGsUA direction-ltr align-start para-style-body\"><span class=\"a_GcMg font-feature-liga-off font-feature-clig-off font-feature-calt-off text-decoration-none text-strikethrough-none\">Diese Auswahl vereint f\u00fcnf au\u00dfergew\u00f6hnliche Tees, die durch gezielte Lagerung und Reifung ein komplexes Aromenspektrum entwickeln konnten. Gereifte Tees zeichnen sich durch abgerundete Texturen, sanfte Tiefe und eine beeindruckende aromatische Vielfalt aus \u2013 von holzig-warm bis honigs\u00fc\u00df und mineralisch..Sie erleben mit diesen Tees die langsame Veredelung von Aroma und Textur.<\/span><\/p>\n","protected":false},"excerpt":{"rendered":"<p class=\"cvGsUA direction-ltr align-justify para-style-body\"><span class=\"a_GcMg font-feature-liga-off font-feature-clig-off font-feature-calt-off text-decoration-none text-strikethrough-none\">INHALT:<\/span><\/p>\n<p class=\"cvGsUA direction-ltr align-justify para-style-body\"><span class=\"a_GcMg font-feature-liga-off font-feature-clig-off font-feature-calt-off text-decoration-none text-strikethrough-none\">1&#215;15 gr. 1986 Traditional Aged Wenshan Bao Zhong<\/span><\/p>\n<p class=\"cvGsUA direction-ltr align-justify para-style-body\"><span class=\"a_GcMg font-feature-liga-off font-feature-clig-off font-feature-calt-off text-decoration-none text-strikethrough-none\">1&#215;15 gr.<\/span> <span class=\"a_GcMg font-feature-liga-off font-feature-clig-off font-feature-calt-off text-decoration-none text-strikethrough-none\">1997 Taiwan Wu Long Chen Cha<\/span><\/p>\n<p class=\"cvGsUA direction-ltr align-justify para-style-body\"><span class=\"a_GcMg font-feature-liga-off font-feature-clig-off font-feature-calt-off text-decoration-none text-strikethrough-none\">1X15 gr.<\/span> <span class=\"a_GcMg font-feature-liga-off font-feature-clig-off font-feature-calt-off text-decoration-none text-strikethrough-none\">2017 Taiwan Wuyi Hong Shui Oolong<\/span><\/p>\n<p class=\"cvGsUA direction-ltr align-justify para-style-body\"><span class=\"a_GcMg font-feature-liga-off font-feature-clig-off font-feature-calt-off text-decoration-none text-strikethrough-none\">1X15 gr.<\/span> <span class=\"a_GcMg font-feature-liga-off font-feature-clig-off font-feature-calt-off text-decoration-none text-strikethrough-none\">2019 aged Carcoal Baked (Tan Bai) Ti Kuan<\/span><\/p>\n<p class=\"cvGsUA direction-ltr align-justify para-style-body\"><span class=\"a_GcMg font-feature-liga-off font-feature-clig-off font-feature-calt-off text-decoration-none text-strikethrough-none\">1X15 gr. 2020 Yunnan Old Tree White Peony <\/span><span class=\"a_GcMg font-feature-liga-off font-feature-clig-off font-feature-calt-off text-decoration-none text-strikethrough-none\">Bai Mu Dan Lao Bai Cha Bing<\/span><\/p>\n","protected":false},"featured_media":4823,"template":"","meta":[],"product_brand":[],"product_cat":[71,67],"product_tag":[198,196,197],"class_list":{"0":"post-4822","1":"product","2":"type-product","3":"status-publish","4":"has-post-thumbnail","6":"product_cat-tee-kollektionen","7":"product_cat-geschenke","8":"product_tag-geschenk","9":"product_tag-oolong","10":"product_tag-tasting","12":"first","13":"outofstock","14":"taxable","15":"shipping-taxable","16":"purchasable","17":"product-type-simple"},"_links":{"self":[{"href":"https:\/\/harly-tea.at\/de\/wp-json\/wp\/v2\/product\/4822","targetHints":{"allow":["GET"]}}],"collection":[{"href":"https:\/\/harly-tea.at\/de\/wp-json\/wp\/v2\/product"}],"about":[{"href":"https:\/\/harly-tea.at\/de\/wp-json\/wp\/v2\/types\/product"}],"wp:featuredmedia":[{"embeddable":true,"href":"https:\/\/harly-tea.at\/de\/wp-json\/wp\/v2\/media\/4823"}],"wp:attachment":[{"href":"https:\/\/harly-tea.at\/de\/wp-json\/wp\/v2\/media?parent=4822"}],"wp:term":[{"taxonomy":"product_brand","embeddable":true,"href":"https:\/\/harly-tea.at\/de\/wp-json\/wp\/v2\/product_brand?post=4822"},{"taxonomy":"product_cat","embeddable":true,"href":"https:\/\/harly-tea.at\/de\/wp-json\/wp\/v2\/product_cat?post=4822"},{"taxonomy":"product_tag","embeddable":true,"href":"https:\/\/harly-tea.at\/de\/wp-json\/wp\/v2\/product_tag?post=4822"}],"curies":[{"name":"wp","href":"https:\/\/api.w.org\/{rel}","templated":true}]}}