{"id":4827,"date":"2025-11-05T22:02:40","date_gmt":"2025-11-05T21:02:40","guid":{"rendered":"https:\/\/harly-tea.at\/?post_type=product&#038;p=4827"},"modified":"2026-04-05T12:40:13","modified_gmt":"2026-04-05T10:40:13","slug":"tasting-box-black-box","status":"publish","type":"product","link":"https:\/\/harly-tea.at\/de\/produkt\/tasting-box-black-box\/","title":{"rendered":"Tasting Box &#8211; Black Box"},"content":{"rendered":"<p class=\"cvGsUA direction-ltr align-start para-style-body\"><span class=\"a_GcMg font-feature-liga-off font-feature-clig-off font-feature-calt-off text-decoration-none text-strikethrough-none\">Black Tea Tasting Box \u2013 Schwarztee aus aller Welt<\/span><\/p>\n<p class=\"cvGsUA direction-ltr align-start para-style-body\"><span class=\"a_GcMg font-feature-liga-off font-feature-clig-off font-feature-calt-off text-decoration-none text-strikethrough-none\">F\u00fcnf au\u00dfergew\u00f6hnliche Schwarztees, handverlesen aus Malawi, S\u00fcdkorea, Myanmar, Japan und der T\u00fcrkei.<\/span><\/p>\n<p class=\"cvGsUA direction-ltr align-start para-style-body\"><span class=\"a_GcMg font-feature-liga-off font-feature-clig-off font-feature-calt-off text-decoration-none text-strikethrough-none\">Jeder Tee tr\u00e4gt seine Herkunft in die Tasse \u2013 kr\u00e4ftig und rauchig wie ein guter Whisky oder mit malzigen, nussigen, honigs\u00fc\u00dfen und w\u00fcrzigen Nuancen. Entdecke die Vielfalt und erlebe eine kleine Weltreise mit jedem Schluck.<\/span><\/p>\n","protected":false},"excerpt":{"rendered":"<p class=\"cvGsUA direction-ltr align-justify para-style-body\"><span class=\"a_GcMg font-feature-liga-off font-feature-clig-off font-feature-calt-off text-decoration-none text-strikethrough-none\">INHALT:<\/span><\/p>\n<p class=\"cvGsUA direction-ltr align-justify para-style-body\"><span class=\"a_GcMg font-feature-liga-off font-feature-clig-off font-feature-calt-off text-decoration-none text-strikethrough-none\">1&#215;15 gr. Thyolo Moto &#8211; Malawi<\/span><\/p>\n<p class=\"cvGsUA direction-ltr align-justify para-style-body\"><span class=\"a_GcMg font-feature-liga-off font-feature-clig-off font-feature-calt-off text-decoration-none text-strikethrough-none\">1X15 gr. Borim Sejak &#8211; S\u00fcdkorea<\/span><\/p>\n<p class=\"cvGsUA direction-ltr align-justify para-style-body\"><span class=\"a_GcMg font-feature-liga-off font-feature-clig-off font-feature-calt-off text-decoration-none text-strikethrough-none\">1X15 gr. Ruby 18 &#8211; Taiwan<\/span><\/p>\n<p class=\"cvGsUA direction-ltr align-justify para-style-body\"><span class=\"a_GcMg font-feature-liga-off font-feature-clig-off font-feature-calt-off text-decoration-none text-strikethrough-none\">1&#215;20 gr. Benifuuki &#8211; Japan<\/span><\/p>\n<p class=\"cvGsUA direction-ltr align-justify para-style-body\"><span class=\"a_GcMg font-feature-liga-off font-feature-clig-off font-feature-calt-off text-decoration-none text-strikethrough-none\">1X15 gr. Maylivadi Black &#8211; T\u00fcrkei<\/span><\/p>\n<p class=\"cvGsUA direction-ltr align-justify para-style-body\">\n","protected":false},"featured_media":4828,"template":"","meta":[],"product_brand":[],"product_cat":[71,67,16],"product_tag":[198,197],"class_list":{"0":"post-4827","1":"product","2":"type-product","3":"status-publish","4":"has-post-thumbnail","6":"product_cat-tee-kollektionen","7":"product_cat-geschenke","8":"product_cat-tee","9":"product_tag-geschenk","10":"product_tag-tasting","12":"first","13":"instock","14":"taxable","15":"shipping-taxable","16":"purchasable","17":"product-type-simple"},"_links":{"self":[{"href":"https:\/\/harly-tea.at\/de\/wp-json\/wp\/v2\/product\/4827","targetHints":{"allow":["GET"]}}],"collection":[{"href":"https:\/\/harly-tea.at\/de\/wp-json\/wp\/v2\/product"}],"about":[{"href":"https:\/\/harly-tea.at\/de\/wp-json\/wp\/v2\/types\/product"}],"wp:featuredmedia":[{"embeddable":true,"href":"https:\/\/harly-tea.at\/de\/wp-json\/wp\/v2\/media\/4828"}],"wp:attachment":[{"href":"https:\/\/harly-tea.at\/de\/wp-json\/wp\/v2\/media?parent=4827"}],"wp:term":[{"taxonomy":"product_brand","embeddable":true,"href":"https:\/\/harly-tea.at\/de\/wp-json\/wp\/v2\/product_brand?post=4827"},{"taxonomy":"product_cat","embeddable":true,"href":"https:\/\/harly-tea.at\/de\/wp-json\/wp\/v2\/product_cat?post=4827"},{"taxonomy":"product_tag","embeddable":true,"href":"https:\/\/harly-tea.at\/de\/wp-json\/wp\/v2\/product_tag?post=4827"}],"curies":[{"name":"wp","href":"https:\/\/api.w.org\/{rel}","templated":true}]}}