{"id":483,"date":"2022-08-09T21:20:19","date_gmt":"2022-08-09T19:20:19","guid":{"rendered":"https:\/\/harly-tea.at\/produkt\/premium-gyokuro-hiki\/"},"modified":"2026-03-12T12:00:03","modified_gmt":"2026-03-12T11:00:03","slug":"premium-gyokuro-hiki","status":"publish","type":"product","link":"https:\/\/harly-tea.at\/de\/produkt\/premium-gyokuro-hiki\/","title":{"rendered":"Premium Gyokuro  Hiki"},"content":{"rendered":"<p>Diese von Hand hergestellte Rarit\u00e4t stammt aus einem Garten nahe des Flusses Hiki im Wakayama-Distrikt und besticht durch ihre langen, nadelf\u00f6rmigen, tannengr\u00fcnen Bl\u00e4tter. Im Abguss hellgelb und leuchtend-klar mit der typisch frischen Grasnote und dem intensiven,<br \/>\nvollaromatischen Geschmack. Aufgrund der sehr kleinen Gesamtproduktion leider nur in begrenzten Mengen verf\u00fcgbar.<\/p>\n<div class=\"row mt-5\">\n   <div class=\"col-md-12 text-center\">\n      <h3>Zubereitungsempfehlung<\/h3>\n   <\/div>\n   <\/div><div class=\"row\">   <div class=\"col-md-4 wc-info-box\">\n      <i class=\"fa fa-3x fa-scale-balanced\"><\/i>\n      <h4>3 Gramm Tee pro 200ml<\/h4>\n      <\/div>   <div class=\"col-md-4 wc-info-box\">\n      <i class=\"fa fa-3x fa-temperature-full\"><\/i>\n      <h4>70\u00b0C Wassertemperatur<\/h4>\n      <\/div>   <div class=\"col-md-4 wc-info-box\">\n      <i class=\"fa fa-3x fa-clock\"><\/i>\n      <h4>3 Minuten Ziehzeit<\/h4>\n      <\/div><\/div>\n","protected":false},"excerpt":{"rendered":"<p>Diese von Hand hergestellte Rarit\u00e4t stammt aus einem Garten nahe des Flusses Hiki im Wakayama-Distrikt und besticht durch ihre langen,<\/p>\n","protected":false},"featured_media":1287,"template":"","meta":[],"product_brand":[],"product_cat":[17,16],"product_tag":[],"class_list":{"0":"post-483","1":"product","2":"type-product","3":"status-publish","4":"has-post-thumbnail","6":"product_cat-gruenertee","7":"product_cat-tee","9":"first","10":"outofstock","11":"taxable","12":"shipping-taxable","13":"purchasable","14":"product-type-simple"},"_links":{"self":[{"href":"https:\/\/harly-tea.at\/de\/wp-json\/wp\/v2\/product\/483","targetHints":{"allow":["GET"]}}],"collection":[{"href":"https:\/\/harly-tea.at\/de\/wp-json\/wp\/v2\/product"}],"about":[{"href":"https:\/\/harly-tea.at\/de\/wp-json\/wp\/v2\/types\/product"}],"wp:featuredmedia":[{"embeddable":true,"href":"https:\/\/harly-tea.at\/de\/wp-json\/wp\/v2\/media\/1287"}],"wp:attachment":[{"href":"https:\/\/harly-tea.at\/de\/wp-json\/wp\/v2\/media?parent=483"}],"wp:term":[{"taxonomy":"product_brand","embeddable":true,"href":"https:\/\/harly-tea.at\/de\/wp-json\/wp\/v2\/product_brand?post=483"},{"taxonomy":"product_cat","embeddable":true,"href":"https:\/\/harly-tea.at\/de\/wp-json\/wp\/v2\/product_cat?post=483"},{"taxonomy":"product_tag","embeddable":true,"href":"https:\/\/harly-tea.at\/de\/wp-json\/wp\/v2\/product_tag?post=483"}],"curies":[{"name":"wp","href":"https:\/\/api.w.org\/{rel}","templated":true}]}}