{"id":4836,"date":"2025-11-10T13:10:45","date_gmt":"2025-11-10T12:10:45","guid":{"rendered":"https:\/\/harly-tea.at\/?post_type=product&#038;p=4836"},"modified":"2026-04-05T11:58:31","modified_gmt":"2026-04-05T09:58:31","slug":"matcha-loving-latte-bio-japan-halbschatten-teepulver-kopie","status":"publish","type":"product","link":"https:\/\/harly-tea.at\/de\/produkt\/matcha-loving-latte-bio-japan-halbschatten-teepulver-kopie\/","title":{"rendered":"Matcha Loving Latte 50 g &#8211; Bio"},"content":{"rendered":"<div class=\"product-detail-description-text\"><\/div>\n<div><b>Gr\u00fcner, weniger herb und gleichzeitig voller im Aroma aus Kagoshima. <\/b>Perfekt f\u00fcr\u00a0<span class=\"lexicon-modal\">Matcha<\/span>\u00a0Latte Lover &#8211; und nat\u00fcrlich weiterhin auch zum Backen, Kochen und Mixen!<\/p>\n<p><span class=\"lexicon-modal\">Match<a title=\"Matcha\" href=\"https:\/\/www.keiko.de\/tee-lexikon\/matcha\/\" data-ajax-modal=\"modal\" data-original-title=\"W\u00f6rtlich \u00fcbersetzt: pulverisierter Tee. Im traditionellen Sinne versteht man darunter auf Granitsteinm\u00fchlen vermahlenes Teepulver aus dem Blattgewebe von voll beschattetem Tee (Tencha)\nBis heute wird dieser Tee auch im Rahmen der Japanischen Teezeremonie zubereitet. \" data-url=\"https:\/\/www.keiko.de\/cbax\/lexicon\/modalInfo\/018abc1a1368718d815ec870aa766f30\" target=\"_blank\" rel=\"noopener\">a<\/a><\/span>\u00a0Loving Latte kann pur mit hei\u00dfem Wasser und\/oder mit gesch\u00e4umter, hei\u00dfer Milch zubereitet werden, (wir empfehlen dabei Hafer- oder Reis-Mandel Drink!) oder in Desserts, Shakes und S\u00fc\u00dfigkeiten verarbeitet werden &#8211; Erfrischend neue Aromen und die leuchtend gr\u00fcne Farbe machen Ihre Kreationen zum Eyecatcher und Gaumenschmaus!<\/p>\n<p>Um Kl\u00fcmpchen zu vermeiden, empfehlen wir, das Pulver erst mit ganz wenig Wasser zu einem dicken Brei zu verr\u00fchren und erst dann die restliche Fl\u00fcssigkeit hinzuzuf\u00fcgen.<\/p><\/div>\n<div>\n<p><strong>Zubereitung:<\/strong><\/p>\n<p>Ein bis zwei Spatelspitzen oder einen kleinen, gestrichenen Teel\u00f6ffel (ca. 1 bis 1,5 g) Matcha in die vorgew\u00e4rmte, leere Matchaschale geben. Mit 70-100ml ca 80\u00b0 hei\u00dfem Wasser auff\u00fcllen und mit einem Matchabesen mit raschen Handbewegungen (wie um ein &#8222;M&#8220; in die Tasse zu malen) den Tee ca. 20 Sekunden lang aufschlagen, bis an der Oberfl\u00e4che ein feiner Schaum entsteht.<\/p>\n<\/div>\n","protected":false},"excerpt":{"rendered":"<p>Gr\u00fcner, weniger herb und gleichzeitig voller im Aroma aus Kagoshima. Perfekt f\u00fcr\u00a0Matcha\u00a0Latte Lover &#8211; und nat\u00fcrlich weiterhin auch zum Backen,<\/p>\n","protected":false},"featured_media":4837,"template":"","meta":[],"product_brand":[],"product_cat":[62,16],"product_tag":[216],"class_list":{"0":"post-4836","1":"product","2":"type-product","3":"status-publish","4":"has-post-thumbnail","6":"product_cat-matcha","7":"product_cat-tee","8":"product_tag-matcha","10":"first","11":"instock","12":"taxable","13":"shipping-taxable","14":"purchasable","15":"product-type-simple"},"_links":{"self":[{"href":"https:\/\/harly-tea.at\/de\/wp-json\/wp\/v2\/product\/4836","targetHints":{"allow":["GET"]}}],"collection":[{"href":"https:\/\/harly-tea.at\/de\/wp-json\/wp\/v2\/product"}],"about":[{"href":"https:\/\/harly-tea.at\/de\/wp-json\/wp\/v2\/types\/product"}],"wp:featuredmedia":[{"embeddable":true,"href":"https:\/\/harly-tea.at\/de\/wp-json\/wp\/v2\/media\/4837"}],"wp:attachment":[{"href":"https:\/\/harly-tea.at\/de\/wp-json\/wp\/v2\/media?parent=4836"}],"wp:term":[{"taxonomy":"product_brand","embeddable":true,"href":"https:\/\/harly-tea.at\/de\/wp-json\/wp\/v2\/product_brand?post=4836"},{"taxonomy":"product_cat","embeddable":true,"href":"https:\/\/harly-tea.at\/de\/wp-json\/wp\/v2\/product_cat?post=4836"},{"taxonomy":"product_tag","embeddable":true,"href":"https:\/\/harly-tea.at\/de\/wp-json\/wp\/v2\/product_tag?post=4836"}],"curies":[{"name":"wp","href":"https:\/\/api.w.org\/{rel}","templated":true}]}}