{"id":486,"date":"2022-08-09T21:20:19","date_gmt":"2022-08-09T19:20:19","guid":{"rendered":"https:\/\/harly-tea.at\/produkt\/green-chef-ernte-2022\/"},"modified":"2026-02-21T22:33:58","modified_gmt":"2026-02-21T21:33:58","slug":"green-chef-ernte-2025","status":"publish","type":"product","link":"https:\/\/harly-tea.at\/de\/produkt\/green-chef-ernte-2025\/","title":{"rendered":"Green Chef (Ernte 2025)"},"content":{"rendered":"<p>Handgepfl\u00fcckter und handgemachter Gr\u00fcntee aus Rize, T\u00fcrkei. Dieser Tee pr\u00e4sentiert sich mit einer harmonisch <strong data-start=\"223\" data-end=\"253\">runden und cremigen Textur<\/strong>, die zu Beginn weich und vollmundig erscheint, bevor sie in einen <strong data-start=\"320\" data-end=\"367\">neutral-trockenen Abgang mit klarer Frische<\/strong> \u00fcbergeht. Im Duft und Geschmack entfalten sich <strong data-start=\"433\" data-end=\"474\">feine s\u00fc\u00dfliche und leicht umami Noten<\/strong>, begleitet von einem <strong data-start=\"496\" data-end=\"530\">dezenten vegetabilen Charakter<\/strong> und einem Hauch <strong data-start=\"547\" data-end=\"567\">edler Bitterkeit<\/strong>.<\/p>\n<p>Kann mehrmals aufgegossen werden. Produzent Yasemin Yazici, Aytul Turan TeaChef<\/p>\n","protected":false},"excerpt":{"rendered":"<p>Handgepfl\u00fcckter und handgemachter Gr\u00fcntee aus Rize, T\u00fcrkei. Dieser Tee pr\u00e4sentiert sich mit einer harmonisch runden und cremigen Textur, die zu<\/p>\n","protected":false},"featured_media":1283,"template":"","meta":[],"product_brand":[],"product_cat":[16,17],"product_tag":[],"class_list":{"0":"post-486","1":"product","2":"type-product","3":"status-publish","4":"has-post-thumbnail","6":"product_cat-tee","7":"product_cat-gruenertee","9":"first","10":"outofstock","11":"taxable","12":"shipping-taxable","13":"purchasable","14":"product-type-simple"},"_links":{"self":[{"href":"https:\/\/harly-tea.at\/de\/wp-json\/wp\/v2\/product\/486","targetHints":{"allow":["GET"]}}],"collection":[{"href":"https:\/\/harly-tea.at\/de\/wp-json\/wp\/v2\/product"}],"about":[{"href":"https:\/\/harly-tea.at\/de\/wp-json\/wp\/v2\/types\/product"}],"wp:featuredmedia":[{"embeddable":true,"href":"https:\/\/harly-tea.at\/de\/wp-json\/wp\/v2\/media\/1283"}],"wp:attachment":[{"href":"https:\/\/harly-tea.at\/de\/wp-json\/wp\/v2\/media?parent=486"}],"wp:term":[{"taxonomy":"product_brand","embeddable":true,"href":"https:\/\/harly-tea.at\/de\/wp-json\/wp\/v2\/product_brand?post=486"},{"taxonomy":"product_cat","embeddable":true,"href":"https:\/\/harly-tea.at\/de\/wp-json\/wp\/v2\/product_cat?post=486"},{"taxonomy":"product_tag","embeddable":true,"href":"https:\/\/harly-tea.at\/de\/wp-json\/wp\/v2\/product_tag?post=486"}],"curies":[{"name":"wp","href":"https:\/\/api.w.org\/{rel}","templated":true}]}}