{"id":4887,"date":"2025-11-24T12:39:19","date_gmt":"2025-11-24T11:39:19","guid":{"rendered":"https:\/\/harly-tea.at\/?post_type=product&#038;p=4887"},"modified":"2026-03-30T12:21:29","modified_gmt":"2026-03-30T10:21:29","slug":"hojicha-fuer-haiku","status":"publish","type":"product","link":"https:\/\/harly-tea.at\/de\/produkt\/hojicha-fuer-haiku\/","title":{"rendered":"Hojicha f\u00fcr HAIKU"},"content":{"rendered":"<h5>&#8222;Hojicha f\u00fcr Haiku&#8220;<\/h5>\n<h5>Ein Kreativ-Schreib-Workshop von <strong>Ines Breiner<\/strong> von Harly&#8217;s Team und Gr\u00fcnderin von &#8222;<a href=\"https:\/\/www.alittlelife.online\/startseite\" target=\"_blank\" rel=\"noopener\">A Little Life<\/a>&#8222;<\/h5>\n<div><\/div>\n<div>Was haben Hojicha und Haiku gemeinsam? Auf den ersten Blick nicht viel, au\u00dfer, dass beides aus Japan stammt.<\/div>\n<div><\/div>\n<div>Was passiert aber, wenn man das Eine &#8211; Hojicha &#8211; als Inspiration f\u00fcr das Andere &#8211; Haikus &#8211; verwendet? Das werden wir herausfinden! W\u00e4hrend wir k\u00f6stlichen ger\u00f6steten Tee verkosten, tasten wir uns an die Kunst des Haiku-Schreibens heran.<\/div>\n<div><\/div>\n<div>Einfach, zug\u00e4nglich und verst\u00e4ndlich.<\/div>\n<div><\/div>\n<div>Man geht mit mindestens einem selbstgeschrieben Haiku nach Hause &#8211; und ein paar Schreib\u00fcbungen in der Tasche, die es noch einfacher machen!<\/div>\n<div><\/div>\n<div>Bitte mitbringen: Lieblingsstift und Papier\/Notizbuch und viel Neugierde!<\/div>\n","protected":false},"excerpt":{"rendered":"<p><strong>N\u00e4chste Termine:<\/strong><\/p>\n<p><strong>24.03.2026 Dienstag um 18:00 Uhr<\/strong><\/p>\n","protected":false},"featured_media":4894,"template":"","meta":[],"product_brand":[],"product_cat":[167],"product_tag":[],"class_list":{"0":"post-4887","1":"product","2":"type-product","3":"status-publish","4":"has-post-thumbnail","6":"product_cat-events","8":"first","9":"outofstock","10":"taxable","11":"shipping-taxable","12":"product-type-variable"},"_links":{"self":[{"href":"https:\/\/harly-tea.at\/de\/wp-json\/wp\/v2\/product\/4887","targetHints":{"allow":["GET"]}}],"collection":[{"href":"https:\/\/harly-tea.at\/de\/wp-json\/wp\/v2\/product"}],"about":[{"href":"https:\/\/harly-tea.at\/de\/wp-json\/wp\/v2\/types\/product"}],"wp:featuredmedia":[{"embeddable":true,"href":"https:\/\/harly-tea.at\/de\/wp-json\/wp\/v2\/media\/4894"}],"wp:attachment":[{"href":"https:\/\/harly-tea.at\/de\/wp-json\/wp\/v2\/media?parent=4887"}],"wp:term":[{"taxonomy":"product_brand","embeddable":true,"href":"https:\/\/harly-tea.at\/de\/wp-json\/wp\/v2\/product_brand?post=4887"},{"taxonomy":"product_cat","embeddable":true,"href":"https:\/\/harly-tea.at\/de\/wp-json\/wp\/v2\/product_cat?post=4887"},{"taxonomy":"product_tag","embeddable":true,"href":"https:\/\/harly-tea.at\/de\/wp-json\/wp\/v2\/product_tag?post=4887"}],"curies":[{"name":"wp","href":"https:\/\/api.w.org\/{rel}","templated":true}]}}