{"id":490,"date":"2022-08-09T21:20:19","date_gmt":"2022-08-09T19:20:19","guid":{"rendered":"https:\/\/harly-tea.at\/produkt\/jasmin-dragon-phoenix-pearls-bio\/"},"modified":"2022-09-09T14:48:26","modified_gmt":"2022-09-09T12:48:26","slug":"jasmin-dragon-phoenix-pearls-bio","status":"publish","type":"product","link":"https:\/\/harly-tea.at\/de\/produkt\/jasmin-dragon-phoenix-pearls-bio\/","title":{"rendered":"JASMIN DRAGON PHOENIX PEARLS Bio"},"content":{"rendered":"<p>Diese kleinen Jasminperlen sind eine ganz besondere chinesische Gr\u00fcnteespezialit\u00e4t. Nur die feinsten und j\u00fcngsten Bl\u00e4tter bester Gr\u00fcnteequalit\u00e4ten werden mehrfach mit frischen, intensiv duftenden Jasminbl\u00fcten versetzt und anschlie\u00dfend wieder abgesiebt. Dann wird das duftende Blatt von Hand zu kleinen, festen Perlen gerollt. Der Jasminduft wird umschlossen und entfaltet sich erst nach dem Aufgie\u00dfen wieder zu voller Gr\u00f6\u00dfe. Ein Erlebnis f\u00fcr Augen, Nase und Gaumen. Die bernsteinfarbene Tasse und der gro\u00dfe Duft sind Verf\u00fchrung pur! Zutaten: Gr\u00fcner Tee, Jasminbl\u00fctenbestandteile.<\/p>\n","protected":false},"excerpt":{"rendered":"<p>Diese kleinen Jasminperlen sind eine ganz besondere chinesische Gr\u00fcnteespezialit\u00e4t. Nur die feinsten und j\u00fcngsten Bl\u00e4tter bester Gr\u00fcnteequalit\u00e4ten werden mehrfach mit<\/p>\n","protected":false},"featured_media":1795,"template":"","meta":[],"product_brand":[],"product_cat":[99,16],"product_tag":[],"class_list":{"0":"post-490","1":"product","2":"type-product","3":"status-publish","4":"has-post-thumbnail","6":"product_cat-aromatisierter-gruentee","7":"product_cat-tee","9":"first","10":"instock","11":"taxable","12":"shipping-taxable","13":"purchasable","14":"product-type-simple"},"_links":{"self":[{"href":"https:\/\/harly-tea.at\/de\/wp-json\/wp\/v2\/product\/490","targetHints":{"allow":["GET"]}}],"collection":[{"href":"https:\/\/harly-tea.at\/de\/wp-json\/wp\/v2\/product"}],"about":[{"href":"https:\/\/harly-tea.at\/de\/wp-json\/wp\/v2\/types\/product"}],"wp:featuredmedia":[{"embeddable":true,"href":"https:\/\/harly-tea.at\/de\/wp-json\/wp\/v2\/media\/1795"}],"wp:attachment":[{"href":"https:\/\/harly-tea.at\/de\/wp-json\/wp\/v2\/media?parent=490"}],"wp:term":[{"taxonomy":"product_brand","embeddable":true,"href":"https:\/\/harly-tea.at\/de\/wp-json\/wp\/v2\/product_brand?post=490"},{"taxonomy":"product_cat","embeddable":true,"href":"https:\/\/harly-tea.at\/de\/wp-json\/wp\/v2\/product_cat?post=490"},{"taxonomy":"product_tag","embeddable":true,"href":"https:\/\/harly-tea.at\/de\/wp-json\/wp\/v2\/product_tag?post=490"}],"curies":[{"name":"wp","href":"https:\/\/api.w.org\/{rel}","templated":true}]}}