{"id":4911,"date":"2025-11-24T13:28:23","date_gmt":"2025-11-24T12:28:23","guid":{"rendered":"https:\/\/harly-tea.at\/?post_type=product&#038;p=4911"},"modified":"2026-03-02T14:54:56","modified_gmt":"2026-03-02T13:54:56","slug":"teafood-pairing-eine-praktische-annaeherung","status":"publish","type":"product","link":"https:\/\/harly-tea.at\/de\/produkt\/teafood-pairing-eine-praktische-annaeherung\/","title":{"rendered":"Tea&#038;Food Pairing &#8211; Eine praktische Ann\u00e4herung"},"content":{"rendered":"<div>Tee als Getr\u00e4nkebegleitung bei einem Abendessen &#8211; wie kann das funktionieren? Gemeinsam mit Koch Jos\u00e9 Fuentes und\u00a0 Ines Breiner <a href=\"https:\/\/www.alittlelife.online\/startseite\" target=\"_blank\" rel=\"noopener\">A Little Leaf<\/a> schauen wir uns m\u00f6gliche Herangehensweisen des &#8222;Tea &amp; Food Pairings&#8220; an &#8211; nat\u00fcrlich sehr praktisch! Nach einer kurzen theoretischen Einf\u00fchrung versuchen wir uns gemeinsam an verschiedenen M\u00f6glichkeiten, f\u00fcr Vorspeise, Hauptspeise und Dessert die passenden Begleiter zu finden!<\/div>\n<div>Inkludiert: 3 G\u00e4nge Men\u00fc und Teeauswahl.<\/div>\n","protected":false},"excerpt":{"rendered":"<p><span style=\"text-decoration: underline;\"><strong>N\u00e4chste Termine:<\/strong><\/span><\/p>\n<p><strong>03.03.2026, Dienstag 18:00 Uhr<\/strong><\/p>\n<p><strong>14.04.2026, Dienstag 18:00 Uhr<\/strong><\/p>\n<p>&nbsp;<\/p>\n","protected":false},"featured_media":4896,"template":"","meta":[],"product_brand":[],"product_cat":[167],"product_tag":[],"class_list":{"0":"post-4911","1":"product","2":"type-product","3":"status-publish","4":"has-post-thumbnail","6":"product_cat-events","8":"first","9":"outofstock","10":"taxable","11":"shipping-taxable","12":"product-type-variable"},"_links":{"self":[{"href":"https:\/\/harly-tea.at\/de\/wp-json\/wp\/v2\/product\/4911","targetHints":{"allow":["GET"]}}],"collection":[{"href":"https:\/\/harly-tea.at\/de\/wp-json\/wp\/v2\/product"}],"about":[{"href":"https:\/\/harly-tea.at\/de\/wp-json\/wp\/v2\/types\/product"}],"wp:featuredmedia":[{"embeddable":true,"href":"https:\/\/harly-tea.at\/de\/wp-json\/wp\/v2\/media\/4896"}],"wp:attachment":[{"href":"https:\/\/harly-tea.at\/de\/wp-json\/wp\/v2\/media?parent=4911"}],"wp:term":[{"taxonomy":"product_brand","embeddable":true,"href":"https:\/\/harly-tea.at\/de\/wp-json\/wp\/v2\/product_brand?post=4911"},{"taxonomy":"product_cat","embeddable":true,"href":"https:\/\/harly-tea.at\/de\/wp-json\/wp\/v2\/product_cat?post=4911"},{"taxonomy":"product_tag","embeddable":true,"href":"https:\/\/harly-tea.at\/de\/wp-json\/wp\/v2\/product_tag?post=4911"}],"curies":[{"name":"wp","href":"https:\/\/api.w.org\/{rel}","templated":true}]}}