{"id":4922,"date":"2025-11-24T14:29:49","date_gmt":"2025-11-24T13:29:49","guid":{"rendered":"https:\/\/harly-tea.at\/?post_type=product&#038;p=4922"},"modified":"2026-03-12T11:18:28","modified_gmt":"2026-03-12T10:18:28","slug":"thommis-teatime-geschichten-musik-und-die-geheimnisse-des-tees","status":"publish","type":"product","link":"https:\/\/harly-tea.at\/de\/produkt\/thommis-teatime-geschichten-musik-und-die-geheimnisse-des-tees\/","title":{"rendered":"Thommis Teatime \u2013 Geschichten, Musik und die Geheimnisse des Tees"},"content":{"rendered":"<p data-olk-copy-source=\"MessageBody\">F\u00fcr Thommis Teatime hat der <a href=\"https:\/\/www.thommisteatime.de\/\" target=\"_blank\" rel=\"noopener\">Teekabarettist Thommi Baake<\/a> die Geschichte des Hei\u00dfgetr\u00e4nks neu aufgebr\u00fcht \u2013 mit feinem Humor, Fantasie und einer Prise Wahrheit.<br \/>\nEr erz\u00e4hlt Flunkergeschichten aus aller Welt, l\u00e4sst fiktive Prominente von ihrem ersten Teeerlebnis plaudern und l\u00fcftet die Geheimnisse des sagenumwobenen Teelexikons.<\/p>\n<p>Wie kam der Tee \u00fcberhaupt in die Welt?<br \/>\nHat die Queen jemals aus Beuteln getrunken?<br \/>\nUnd welche \u00fcberraschenden Wahrheiten verbergen sich zwischen den Teebl\u00e4ttern?<\/p>\n<p>Zwischen Witz, Wissen und Teeliedern zeigt Thommi Baake: Tee ist mehr als ein Getr\u00e4nk \u2013 er ist ein Erlebnis.<\/p>\n<p>Ein Teeabend, einzigartig in seiner Mischung aus Geschichten, Musik und Wissen.<\/p>\n","protected":false},"excerpt":{"rendered":"<p><strong>N\u00e4chster Termin:<\/strong><\/p>\n<p><strong>16.02.2026 Montag, um 18:30 Uhr\u00a0<\/strong><\/p>\n","protected":false},"featured_media":4925,"template":"","meta":[],"product_brand":[],"product_cat":[167,186],"product_tag":[],"class_list":{"0":"post-4922","1":"product","2":"type-product","3":"status-publish","4":"has-post-thumbnail","6":"product_cat-events","7":"product_cat-musiklesungen","9":"first","10":"outofstock","11":"taxable","12":"shipping-taxable","13":"purchasable","14":"product-type-simple"},"_links":{"self":[{"href":"https:\/\/harly-tea.at\/de\/wp-json\/wp\/v2\/product\/4922","targetHints":{"allow":["GET"]}}],"collection":[{"href":"https:\/\/harly-tea.at\/de\/wp-json\/wp\/v2\/product"}],"about":[{"href":"https:\/\/harly-tea.at\/de\/wp-json\/wp\/v2\/types\/product"}],"wp:featuredmedia":[{"embeddable":true,"href":"https:\/\/harly-tea.at\/de\/wp-json\/wp\/v2\/media\/4925"}],"wp:attachment":[{"href":"https:\/\/harly-tea.at\/de\/wp-json\/wp\/v2\/media?parent=4922"}],"wp:term":[{"taxonomy":"product_brand","embeddable":true,"href":"https:\/\/harly-tea.at\/de\/wp-json\/wp\/v2\/product_brand?post=4922"},{"taxonomy":"product_cat","embeddable":true,"href":"https:\/\/harly-tea.at\/de\/wp-json\/wp\/v2\/product_cat?post=4922"},{"taxonomy":"product_tag","embeddable":true,"href":"https:\/\/harly-tea.at\/de\/wp-json\/wp\/v2\/product_tag?post=4922"}],"curies":[{"name":"wp","href":"https:\/\/api.w.org\/{rel}","templated":true}]}}