{"id":494,"date":"2022-08-09T21:20:19","date_gmt":"2022-08-09T19:20:19","guid":{"rendered":"https:\/\/harly-tea.at\/produkt\/japan-matcha-genmaicha\/"},"modified":"2025-11-03T19:26:51","modified_gmt":"2025-11-03T18:26:51","slug":"japan-matcha-genmaicha","status":"publish","type":"product","link":"https:\/\/harly-tea.at\/de\/produkt\/japan-matcha-genmaicha\/","title":{"rendered":"Japan Matcha Genmaicha"},"content":{"rendered":"<p>Hier finden Sie nicht nur ein harmonisches Zusammenspiel von klassischem Sencha-Blatt- Tee, mildem Matcha und gesch\u00e4ltem, ger\u00f6stetem Reis. Diese weit verbreitete Variante des japanischen Genmaicha entspricht auch den h\u00f6chsten Qualit\u00e4tsstandards. Die limettenfarbene Tasse verr\u00e4t bereits eine leichte R\u00f6stnote. Der Genuss dieser Kreation spricht wahrlich alle Sinne an. Wunderbar weich im Geschmack, leicht s\u00fc\u00dflich, mit karamellartigen Anfl\u00fcgen, offenbart dieser Tee seine wahre Seele &#8230; und einen hohen Suchtfaktor, f\u00fcr Liebhaber, die w\u00fcrzige S\u00fc\u00dfe m\u00f6gen.<\/p>\n<div class=\"row mt-5\">\n   <div class=\"col-md-12 text-center\">\n      <h3>Zubereitungsempfehlung<\/h3>\n   <\/div>\n   <\/div><div class=\"row\">   <div class=\"col-md-4 wc-info-box\">\n      <i class=\"fa fa-3x fa-scale-balanced\"><\/i>\n      <h4>3 Gramm Tee pro 200ml<\/h4>\n      <\/div>   <div class=\"col-md-4 wc-info-box\">\n      <i class=\"fa fa-3x fa-temperature-full\"><\/i>\n      <h4>80\u00b0C Wassertemperatur<\/h4>\n      <\/div>   <div class=\"col-md-4 wc-info-box\">\n      <i class=\"fa fa-3x fa-clock\"><\/i>\n      <h4>3 Minuten Ziehzeit<\/h4>\n      <\/div><\/div>\n","protected":false},"excerpt":{"rendered":"<p>Hier finden Sie nicht nur ein harmonisches Zusammenspiel von klassischem Sencha-Blatt- Tee, mildem Matcha und gesch\u00e4ltem, ger\u00f6stetem Reis. Diese weit<\/p>\n","protected":false},"featured_media":1801,"template":"","meta":[],"product_brand":[],"product_cat":[99,16],"product_tag":[],"class_list":{"0":"post-494","1":"product","2":"type-product","3":"status-publish","4":"has-post-thumbnail","6":"product_cat-aromatisierter-gruentee","7":"product_cat-tee","9":"first","10":"outofstock","11":"taxable","12":"shipping-taxable","13":"purchasable","14":"product-type-simple"},"_links":{"self":[{"href":"https:\/\/harly-tea.at\/de\/wp-json\/wp\/v2\/product\/494","targetHints":{"allow":["GET"]}}],"collection":[{"href":"https:\/\/harly-tea.at\/de\/wp-json\/wp\/v2\/product"}],"about":[{"href":"https:\/\/harly-tea.at\/de\/wp-json\/wp\/v2\/types\/product"}],"wp:featuredmedia":[{"embeddable":true,"href":"https:\/\/harly-tea.at\/de\/wp-json\/wp\/v2\/media\/1801"}],"wp:attachment":[{"href":"https:\/\/harly-tea.at\/de\/wp-json\/wp\/v2\/media?parent=494"}],"wp:term":[{"taxonomy":"product_brand","embeddable":true,"href":"https:\/\/harly-tea.at\/de\/wp-json\/wp\/v2\/product_brand?post=494"},{"taxonomy":"product_cat","embeddable":true,"href":"https:\/\/harly-tea.at\/de\/wp-json\/wp\/v2\/product_cat?post=494"},{"taxonomy":"product_tag","embeddable":true,"href":"https:\/\/harly-tea.at\/de\/wp-json\/wp\/v2\/product_tag?post=494"}],"curies":[{"name":"wp","href":"https:\/\/api.w.org\/{rel}","templated":true}]}}