{"id":497,"date":"2022-08-09T21:20:24","date_gmt":"2022-08-09T19:20:24","guid":{"rendered":"https:\/\/harly-tea.at\/produkt\/china-weisser-tee-pai-mu-tan-selection\/"},"modified":"2024-06-28T07:18:36","modified_gmt":"2024-06-28T05:18:36","slug":"china-weisser-tee-pai-mu-tan-selection","status":"publish","type":"product","link":"https:\/\/harly-tea.at\/de\/produkt\/china-weisser-tee-pai-mu-tan-selection\/","title":{"rendered":"China Weisser Tee PAI MU TAN Selection"},"content":{"rendered":"<p>Diese Qualit\u00e4t geh\u00f6rt zu den bekanntesten und beliebtesten wei\u00dfen Tees und hat ein offenes, gro\u00dfes Blatt mit einem angenehmen, milden Charakter.<\/p>\n<div class=\"row mt-5\">\n   <div class=\"col-md-12 text-center\">\n      <h3>Zubereitungsempfehlung<\/h3>\n   <\/div>\n   <\/div><div class=\"row\">   <div class=\"col-md-4 wc-info-box\">\n      <i class=\"fa fa-3x fa-scale-balanced\"><\/i>\n      <h4>3-4 Gramm Tee pro 200ml<\/h4>\n      <\/div>   <div class=\"col-md-4 wc-info-box\">\n      <i class=\"fa fa-3x fa-temperature-full\"><\/i>\n      <h4>75-80\u00b0C Wassertemperatur<\/h4>\n      <\/div>   <div class=\"col-md-4 wc-info-box\">\n      <i class=\"fa fa-3x fa-clock\"><\/i>\n      <h4>3 Minuten Ziehzeit<\/h4>\n      <\/div><\/div>\n","protected":false},"excerpt":{"rendered":"<p>Diese Qualit\u00e4t geh\u00f6rt zu den bekanntesten und beliebtesten wei\u00dfen Tees und hat ein offenes, gro\u00dfes Blatt mit einem angenehmen, milden<\/p>\n","protected":false},"featured_media":2893,"template":"","meta":[],"product_brand":[],"product_cat":[16,60],"product_tag":[],"class_list":{"0":"post-497","1":"product","2":"type-product","3":"status-publish","4":"has-post-thumbnail","6":"product_cat-tee","7":"product_cat-weisser-tee","9":"first","10":"instock","11":"taxable","12":"shipping-taxable","13":"purchasable","14":"product-type-simple"},"_links":{"self":[{"href":"https:\/\/harly-tea.at\/de\/wp-json\/wp\/v2\/product\/497","targetHints":{"allow":["GET"]}}],"collection":[{"href":"https:\/\/harly-tea.at\/de\/wp-json\/wp\/v2\/product"}],"about":[{"href":"https:\/\/harly-tea.at\/de\/wp-json\/wp\/v2\/types\/product"}],"wp:featuredmedia":[{"embeddable":true,"href":"https:\/\/harly-tea.at\/de\/wp-json\/wp\/v2\/media\/2893"}],"wp:attachment":[{"href":"https:\/\/harly-tea.at\/de\/wp-json\/wp\/v2\/media?parent=497"}],"wp:term":[{"taxonomy":"product_brand","embeddable":true,"href":"https:\/\/harly-tea.at\/de\/wp-json\/wp\/v2\/product_brand?post=497"},{"taxonomy":"product_cat","embeddable":true,"href":"https:\/\/harly-tea.at\/de\/wp-json\/wp\/v2\/product_cat?post=497"},{"taxonomy":"product_tag","embeddable":true,"href":"https:\/\/harly-tea.at\/de\/wp-json\/wp\/v2\/product_tag?post=497"}],"curies":[{"name":"wp","href":"https:\/\/api.w.org\/{rel}","templated":true}]}}