{"id":4987,"date":"2025-12-16T11:00:28","date_gmt":"2025-12-16T10:00:28","guid":{"rendered":"https:\/\/harly-tea.at\/?post_type=product&#038;p=4987"},"modified":"2026-04-05T12:38:11","modified_gmt":"2026-04-05T10:38:11","slug":"gaba-tasting-box","status":"publish","type":"product","link":"https:\/\/harly-tea.at\/de\/produkt\/gaba-tasting-box\/","title":{"rendered":"GABA Tasting Box"},"content":{"rendered":"<div>\n<div>\n<div>\n<p>GABA-Tees entstehen durch eine besondere Verarbeitung: Die Teebl\u00e4tter werden in einer sauerstoffarmen Atmosph\u00e4re fermentiert, wodurch ihr Gehalt an Gamma-Aminobutters\u00e4ure (GABA) steigt.<\/p>\n<\/div>\n<div>\n<p>Dieses Verfahren schenkt den Tees nicht nur eine besondere Tiefe, sondern macht sie auch zu einem Ritual der Ruhe.<\/p>\n<div>\n<div>\n<div>\n<p>INHALT:<\/p>\n<\/div>\n<div>\n<p>1&#215;20 gr. Red Jade Gaba Hong Yu Oolong<\/p>\n<\/div>\n<div>\n<p>1&#215;20 gr. Gabalong &#8211; Japan<\/p>\n<\/div>\n<div>\n<p>1X15 gr. GABA Ming Qian Jin Xuan Lu Cha<\/p>\n<\/div>\n<\/div>\n<\/div>\n<\/div>\n<\/div>\n<\/div>\n","protected":false},"excerpt":{"rendered":"<p>GABA-Tees entstehen durch eine besondere Verarbeitung: Die Teebl\u00e4tter werden in einer sauerstoffarmen Atmosph\u00e4re fermentiert, wodurch ihr Gehalt an Gamma-Aminobutters\u00e4ure (GABA)<\/p>\n","protected":false},"featured_media":4988,"template":"","meta":[],"product_brand":[],"product_cat":[67,71],"product_tag":[217],"class_list":{"0":"post-4987","1":"product","2":"type-product","3":"status-publish","4":"has-post-thumbnail","6":"product_cat-geschenke","7":"product_cat-tee-kollektionen","8":"product_tag-gaba","10":"first","11":"instock","12":"taxable","13":"shipping-taxable","14":"purchasable","15":"product-type-simple"},"_links":{"self":[{"href":"https:\/\/harly-tea.at\/de\/wp-json\/wp\/v2\/product\/4987","targetHints":{"allow":["GET"]}}],"collection":[{"href":"https:\/\/harly-tea.at\/de\/wp-json\/wp\/v2\/product"}],"about":[{"href":"https:\/\/harly-tea.at\/de\/wp-json\/wp\/v2\/types\/product"}],"wp:featuredmedia":[{"embeddable":true,"href":"https:\/\/harly-tea.at\/de\/wp-json\/wp\/v2\/media\/4988"}],"wp:attachment":[{"href":"https:\/\/harly-tea.at\/de\/wp-json\/wp\/v2\/media?parent=4987"}],"wp:term":[{"taxonomy":"product_brand","embeddable":true,"href":"https:\/\/harly-tea.at\/de\/wp-json\/wp\/v2\/product_brand?post=4987"},{"taxonomy":"product_cat","embeddable":true,"href":"https:\/\/harly-tea.at\/de\/wp-json\/wp\/v2\/product_cat?post=4987"},{"taxonomy":"product_tag","embeddable":true,"href":"https:\/\/harly-tea.at\/de\/wp-json\/wp\/v2\/product_tag?post=4987"}],"curies":[{"name":"wp","href":"https:\/\/api.w.org\/{rel}","templated":true}]}}