{"id":501,"date":"2022-08-09T21:20:24","date_gmt":"2022-08-09T19:20:24","guid":{"rendered":"https:\/\/harly-tea.at\/produkt\/china-yin-zhen-platin-needle\/"},"modified":"2024-02-23T16:32:25","modified_gmt":"2024-02-23T15:32:25","slug":"china-yin-zhen-platin-needle","status":"publish","type":"product","link":"https:\/\/harly-tea.at\/de\/produkt\/china-yin-zhen-platin-needle\/","title":{"rendered":"China YIN ZHEN PLATIN NEEDLE"},"content":{"rendered":"<p>Eine ganz besondere Spezialit\u00e4t aus dem chinesischen Distrikt Fujian ist dieser wei\u00dfe Tee, f\u00fcr den ausschlie\u00dflich die unge\u00f6ffneten Blattknospen gepfl\u00fcckt und verarbeitet werden.<\/p>\n<p>Er sollte m\u00f6glichst in einer Glaskanne aufgegossen werden. Nach kurzer Zeit beginnt ein fantastisches Schauspiel, wenn sich zuerst die silbrigen Bl\u00e4tter am Boden absetzen, dann schnell wieder aufrichten und senkrecht im Glas &#8222;stehen&#8220;. Ein aufregend samtig-weiches und feinw\u00fcrziges Aroma gepaart mit einem elfenbeinfarbigen, duftigen Aufguss.<\/p>\n<p>Ein be- und verzauberndes Geschmackserlebnis.<\/p>\n<div class=\"row mt-5\">\n   <div class=\"col-md-12 text-center\">\n      <h3>Zubereitungsempfehlung<\/h3>\n   <\/div>\n   <\/div><div class=\"row\">   <div class=\"col-md-4 wc-info-box\">\n      <i class=\"fa fa-3x fa-scale-balanced\"><\/i>\n      <h4>3 Gramm Tee pro 200ml<\/h4>\n      <\/div>   <div class=\"col-md-4 wc-info-box\">\n      <i class=\"fa fa-3x fa-temperature-full\"><\/i>\n      <h4>75\u00b0C Wassertemperatur<\/h4>\n      <\/div>   <div class=\"col-md-4 wc-info-box\">\n      <i class=\"fa fa-3x fa-clock\"><\/i>\n      <h4>3 Minuten Ziehzeit<\/h4>\n      <\/div><\/div>\n","protected":false},"excerpt":{"rendered":"<p>Eine ganz besondere Spezialit\u00e4t aus dem chinesischen Distrikt Fujian ist dieser wei\u00dfe Tee, f\u00fcr den ausschlie\u00dflich die unge\u00f6ffneten Blattknospen gepfl\u00fcckt<\/p>\n","protected":false},"featured_media":1094,"template":"","meta":[],"product_brand":[],"product_cat":[16,60],"product_tag":[],"class_list":{"0":"post-501","1":"product","2":"type-product","3":"status-publish","4":"has-post-thumbnail","6":"product_cat-tee","7":"product_cat-weisser-tee","9":"first","10":"outofstock","11":"taxable","12":"shipping-taxable","13":"purchasable","14":"product-type-simple"},"_links":{"self":[{"href":"https:\/\/harly-tea.at\/de\/wp-json\/wp\/v2\/product\/501","targetHints":{"allow":["GET"]}}],"collection":[{"href":"https:\/\/harly-tea.at\/de\/wp-json\/wp\/v2\/product"}],"about":[{"href":"https:\/\/harly-tea.at\/de\/wp-json\/wp\/v2\/types\/product"}],"wp:featuredmedia":[{"embeddable":true,"href":"https:\/\/harly-tea.at\/de\/wp-json\/wp\/v2\/media\/1094"}],"wp:attachment":[{"href":"https:\/\/harly-tea.at\/de\/wp-json\/wp\/v2\/media?parent=501"}],"wp:term":[{"taxonomy":"product_brand","embeddable":true,"href":"https:\/\/harly-tea.at\/de\/wp-json\/wp\/v2\/product_brand?post=501"},{"taxonomy":"product_cat","embeddable":true,"href":"https:\/\/harly-tea.at\/de\/wp-json\/wp\/v2\/product_cat?post=501"},{"taxonomy":"product_tag","embeddable":true,"href":"https:\/\/harly-tea.at\/de\/wp-json\/wp\/v2\/product_tag?post=501"}],"curies":[{"name":"wp","href":"https:\/\/api.w.org\/{rel}","templated":true}]}}