{"id":503,"date":"2022-08-09T21:20:24","date_gmt":"2022-08-09T19:20:24","guid":{"rendered":"https:\/\/harly-tea.at\/produkt\/china-ti-kuan-yin-oolong\/"},"modified":"2022-09-04T16:35:27","modified_gmt":"2022-09-04T14:35:27","slug":"china-ti-kuan-yin-oolong","status":"publish","type":"product","link":"https:\/\/harly-tea.at\/de\/produkt\/china-ti-kuan-yin-oolong\/","title":{"rendered":"China Ti Kuan Yin Oolong"},"content":{"rendered":"<p>Oolong Klassiker der chinesischen Schule aus der Provinz Fujian. Im Gegensatz zu den gr\u00fcnen oder wei\u00dfen chinesischen Tees mit Produktionsh\u00f6hepunkt im Fr\u00fchjahr, werden beim Ti Kuan Yin Qualit\u00e4ten aus dem Herbst bevorzugt. Diese Tees \u00fcberzeugen durch ihre Reife und ihre hocharomatischen vollen K\u00f6rper.<\/p>\n<div class=\"row mt-5\">\n   <div class=\"col-md-12 text-center\">\n      <h3>Zubereitungsempfehlung<\/h3>\n   <\/div>\n   <\/div><div class=\"row\">   <div class=\"col-md-4 wc-info-box\">\n      <i class=\"fa fa-3x fa-scale-balanced\"><\/i>\n      <h4>3-4 Gramm Tee pro 200ml<\/h4>\n      <\/div>   <div class=\"col-md-4 wc-info-box\">\n      <i class=\"fa fa-3x fa-temperature-full\"><\/i>\n      <h4>90\u00b0C Wassertemperatur<\/h4>\n      <\/div>   <div class=\"col-md-4 wc-info-box\">\n      <i class=\"fa fa-3x fa-clock\"><\/i>\n      <h4>3 Minuten Ziehzeit<\/h4>\n      <\/div><\/div>\n","protected":false},"excerpt":{"rendered":"<p>Oolong Klassiker der chinesischen Schule aus der Provinz Fujian. Im Gegensatz zu den gr\u00fcnen oder wei\u00dfen chinesischen Tees mit Produktionsh\u00f6hepunkt<\/p>\n","protected":false},"featured_media":1404,"template":"","meta":[],"product_brand":[],"product_cat":[95,16],"product_tag":[],"class_list":{"0":"post-503","1":"product","2":"type-product","3":"status-publish","4":"has-post-thumbnail","6":"product_cat-oolong-tee","7":"product_cat-tee","9":"first","10":"instock","11":"taxable","12":"shipping-taxable","13":"purchasable","14":"product-type-simple"},"_links":{"self":[{"href":"https:\/\/harly-tea.at\/de\/wp-json\/wp\/v2\/product\/503","targetHints":{"allow":["GET"]}}],"collection":[{"href":"https:\/\/harly-tea.at\/de\/wp-json\/wp\/v2\/product"}],"about":[{"href":"https:\/\/harly-tea.at\/de\/wp-json\/wp\/v2\/types\/product"}],"wp:featuredmedia":[{"embeddable":true,"href":"https:\/\/harly-tea.at\/de\/wp-json\/wp\/v2\/media\/1404"}],"wp:attachment":[{"href":"https:\/\/harly-tea.at\/de\/wp-json\/wp\/v2\/media?parent=503"}],"wp:term":[{"taxonomy":"product_brand","embeddable":true,"href":"https:\/\/harly-tea.at\/de\/wp-json\/wp\/v2\/product_brand?post=503"},{"taxonomy":"product_cat","embeddable":true,"href":"https:\/\/harly-tea.at\/de\/wp-json\/wp\/v2\/product_cat?post=503"},{"taxonomy":"product_tag","embeddable":true,"href":"https:\/\/harly-tea.at\/de\/wp-json\/wp\/v2\/product_tag?post=503"}],"curies":[{"name":"wp","href":"https:\/\/api.w.org\/{rel}","templated":true}]}}