{"id":507,"date":"2022-08-09T21:20:24","date_gmt":"2022-08-09T19:20:24","guid":{"rendered":"https:\/\/harly-tea.at\/produkt\/china-milky-jade-oolong-g\/"},"modified":"2024-07-04T23:52:42","modified_gmt":"2024-07-04T21:52:42","slug":"china-milky-jade-oolong-g","status":"publish","type":"product","link":"https:\/\/harly-tea.at\/de\/produkt\/china-milky-jade-oolong-g\/","title":{"rendered":"China MILKY JADE OOLONG (G)"},"content":{"rendered":"<p>Das frische Teeblatt dieses au\u00dfergew\u00f6hnlichen Tees wird bereits im Ursprung mit Aroma versetzt. Er hat einen s\u00fc\u00dflichen, an Milch erinnernden Geschmack._x000D_<br \/>\nZutaten: Oolong Tee, Aroma (enth\u00e4lt MILCHERZEUGNIS) [G]<\/p>\n<div class=\"row mt-5\">\n   <div class=\"col-md-12 text-center\">\n      <h3>Zubereitungsempfehlung<\/h3>\n   <\/div>\n   <\/div><div class=\"row\">   <div class=\"col-md-4 wc-info-box\">\n      <i class=\"fa fa-3x fa-scale-balanced\"><\/i>\n      <h4>3-4 Gramm Tee pro 200ml<\/h4>\n      <\/div>   <div class=\"col-md-4 wc-info-box\">\n      <i class=\"fa fa-3x fa-temperature-full\"><\/i>\n      <h4>85-90\u00b0C Wassertemperatur<\/h4>\n      <\/div>   <div class=\"col-md-4 wc-info-box\">\n      <i class=\"fa fa-3x fa-clock\"><\/i>\n      <h4>3 Minuten Ziehzeit<\/h4>\n      <\/div><\/div>\n","protected":false},"excerpt":{"rendered":"<p>Das frische Teeblatt dieses au\u00dfergew\u00f6hnlichen Tees wird bereits im Ursprung mit Aroma versetzt. Er hat einen s\u00fc\u00dflichen, an Milch erinnernden<\/p>\n","protected":false},"featured_media":1402,"template":"","meta":[],"product_brand":[],"product_cat":[95,16],"product_tag":[],"class_list":{"0":"post-507","1":"product","2":"type-product","3":"status-publish","4":"has-post-thumbnail","6":"product_cat-oolong-tee","7":"product_cat-tee","9":"first","10":"outofstock","11":"taxable","12":"shipping-taxable","13":"purchasable","14":"product-type-simple"},"_links":{"self":[{"href":"https:\/\/harly-tea.at\/de\/wp-json\/wp\/v2\/product\/507","targetHints":{"allow":["GET"]}}],"collection":[{"href":"https:\/\/harly-tea.at\/de\/wp-json\/wp\/v2\/product"}],"about":[{"href":"https:\/\/harly-tea.at\/de\/wp-json\/wp\/v2\/types\/product"}],"wp:featuredmedia":[{"embeddable":true,"href":"https:\/\/harly-tea.at\/de\/wp-json\/wp\/v2\/media\/1402"}],"wp:attachment":[{"href":"https:\/\/harly-tea.at\/de\/wp-json\/wp\/v2\/media?parent=507"}],"wp:term":[{"taxonomy":"product_brand","embeddable":true,"href":"https:\/\/harly-tea.at\/de\/wp-json\/wp\/v2\/product_brand?post=507"},{"taxonomy":"product_cat","embeddable":true,"href":"https:\/\/harly-tea.at\/de\/wp-json\/wp\/v2\/product_cat?post=507"},{"taxonomy":"product_tag","embeddable":true,"href":"https:\/\/harly-tea.at\/de\/wp-json\/wp\/v2\/product_tag?post=507"}],"curies":[{"name":"wp","href":"https:\/\/api.w.org\/{rel}","templated":true}]}}