{"id":5085,"date":"2026-03-04T22:02:49","date_gmt":"2026-03-04T21:02:49","guid":{"rendered":"https:\/\/harly-tea.at\/?post_type=product&#038;p=5085"},"modified":"2026-03-30T12:20:39","modified_gmt":"2026-03-30T10:20:39","slug":"weisser-tee-die-pure-seele-des-blattes","status":"publish","type":"product","link":"https:\/\/harly-tea.at\/de\/produkt\/weisser-tee-die-pure-seele-des-blattes\/","title":{"rendered":"Weisser Tee &#8211; die pure Seele des Blattes"},"content":{"rendered":"<p data-start=\"40\" data-end=\"234\">Tauche ein in die faszinierende Welt des wei\u00dfen Tees. In diesem Workshop lernst du, was wei\u00dfen Tee so besonders macht \u2013 von seiner schonenden Verarbeitung bis zu seinen feinen, eleganten Aromen.<\/p>\n<p data-start=\"236\" data-end=\"400\">Gemeinsam verkosten wir ausgew\u00e4hlte Sorten, entdecken Unterschiede in Duft, Geschmack und Herkunft und erhalten praktische Tipps zur optimalen Zubereitung zu Hause.<\/p>\n<p data-start=\"402\" data-end=\"527\" data-is-last-node=\"\" data-is-only-node=\"\">Ein inspirierendes Erlebnis f\u00fcr Einsteiger und Teeliebhaber, die ihre Sinne sch\u00e4rfen und wei\u00dfen Tee neu entdecken m\u00f6chten<\/p>\n<p class=\"x_MsoNormal\"><span lang=\"DE-AT\">\u00a0<\/span><\/p>\n","protected":false},"excerpt":{"rendered":"<p>&nbsp;<\/p>\n<p><strong>N\u00e4chster Termin:<\/strong><\/p>\n<p><b>17.03.2026\u00a0 Dienstag um 18:00 Uhr<\/b><\/p>\n","protected":false},"featured_media":5086,"template":"","meta":[],"product_brand":[],"product_cat":[167,168],"product_tag":[],"class_list":{"0":"post-5085","1":"product","2":"type-product","3":"status-publish","4":"has-post-thumbnail","6":"product_cat-events","7":"product_cat-seminare","9":"first","10":"outofstock","11":"virtual","12":"taxable","13":"purchasable","14":"product-type-simple"},"_links":{"self":[{"href":"https:\/\/harly-tea.at\/de\/wp-json\/wp\/v2\/product\/5085","targetHints":{"allow":["GET"]}}],"collection":[{"href":"https:\/\/harly-tea.at\/de\/wp-json\/wp\/v2\/product"}],"about":[{"href":"https:\/\/harly-tea.at\/de\/wp-json\/wp\/v2\/types\/product"}],"wp:featuredmedia":[{"embeddable":true,"href":"https:\/\/harly-tea.at\/de\/wp-json\/wp\/v2\/media\/5086"}],"wp:attachment":[{"href":"https:\/\/harly-tea.at\/de\/wp-json\/wp\/v2\/media?parent=5085"}],"wp:term":[{"taxonomy":"product_brand","embeddable":true,"href":"https:\/\/harly-tea.at\/de\/wp-json\/wp\/v2\/product_brand?post=5085"},{"taxonomy":"product_cat","embeddable":true,"href":"https:\/\/harly-tea.at\/de\/wp-json\/wp\/v2\/product_cat?post=5085"},{"taxonomy":"product_tag","embeddable":true,"href":"https:\/\/harly-tea.at\/de\/wp-json\/wp\/v2\/product_tag?post=5085"}],"curies":[{"name":"wp","href":"https:\/\/api.w.org\/{rel}","templated":true}]}}