{"id":5123,"date":"2026-03-16T14:01:23","date_gmt":"2026-03-16T13:01:23","guid":{"rendered":"https:\/\/harly-tea.at\/?post_type=product&#038;p=5123"},"modified":"2026-03-16T14:02:51","modified_gmt":"2026-03-16T13:02:51","slug":"valle-del-cauca-white-andean-serenity-bio","status":"publish","type":"product","link":"https:\/\/harly-tea.at\/de\/produkt\/valle-del-cauca-white-andean-serenity-bio\/","title":{"rendered":"Valle del Cauca &#8211; White Andean Serenity (Bio)"},"content":{"rendered":"<p>F\u00fcr diesen Ausnahmetee wurden nur die Knospe und die ersten beiden Bl\u00e4tter der Teepflanze der s\u00fcdamerikanischen Creole Cultivare im ersten Wachstumsjahr nach dem Verj\u00fcngungsschnitt verwendet. H\u00f6he:\u00a0<span class=\"entry--content\">1900 &#8211; 2050 m<\/span><\/p>\n<p>Das Ergebnis ist ein wunderbar fruchtig, s\u00fc\u00dflicher, naturbelassener Wei\u00dftee. DE-\u00d6KO-003<\/p>\n<div class=\"row mt-5\">\n   <div class=\"col-md-12 text-center\">\n      <h3>Zubereitungsempfehlung<\/h3>\n   <\/div>\n   <\/div><div class=\"row\">   <div class=\"col-md-4 wc-info-box\">\n      <i class=\"fa fa-3x fa-scale-balanced\"><\/i>\n      <h4>5 Gramm Tee pro 200ml<\/h4>\n      <\/div>   <div class=\"col-md-4 wc-info-box\">\n      <i class=\"fa fa-3x fa-temperature-full\"><\/i>\n      <h4>70-80\u00b0C Wassertemperatur<\/h4>\n      <\/div>   <div class=\"col-md-4 wc-info-box\">\n      <i class=\"fa fa-3x fa-clock\"><\/i>\n      <h4>2-4 Minuten Ziehzeit<\/h4>\n      <\/div><\/div>\n","protected":false},"excerpt":{"rendered":"<p>F\u00fcr diesen Ausnahmetee wurden nur die Knospe und die ersten beiden Bl\u00e4tter der Teepflanze der s\u00fcdamerikanischen Creole Cultivare im ersten<\/p>\n","protected":false},"featured_media":5126,"template":"","meta":[],"product_brand":[],"product_cat":[16,60],"product_tag":[],"class_list":{"0":"post-5123","1":"product","2":"type-product","3":"status-publish","4":"has-post-thumbnail","6":"product_cat-tee","7":"product_cat-weisser-tee","9":"first","10":"instock","11":"taxable","12":"shipping-taxable","13":"purchasable","14":"product-type-simple"},"_links":{"self":[{"href":"https:\/\/harly-tea.at\/de\/wp-json\/wp\/v2\/product\/5123","targetHints":{"allow":["GET"]}}],"collection":[{"href":"https:\/\/harly-tea.at\/de\/wp-json\/wp\/v2\/product"}],"about":[{"href":"https:\/\/harly-tea.at\/de\/wp-json\/wp\/v2\/types\/product"}],"wp:featuredmedia":[{"embeddable":true,"href":"https:\/\/harly-tea.at\/de\/wp-json\/wp\/v2\/media\/5126"}],"wp:attachment":[{"href":"https:\/\/harly-tea.at\/de\/wp-json\/wp\/v2\/media?parent=5123"}],"wp:term":[{"taxonomy":"product_brand","embeddable":true,"href":"https:\/\/harly-tea.at\/de\/wp-json\/wp\/v2\/product_brand?post=5123"},{"taxonomy":"product_cat","embeddable":true,"href":"https:\/\/harly-tea.at\/de\/wp-json\/wp\/v2\/product_cat?post=5123"},{"taxonomy":"product_tag","embeddable":true,"href":"https:\/\/harly-tea.at\/de\/wp-json\/wp\/v2\/product_tag?post=5123"}],"curies":[{"name":"wp","href":"https:\/\/api.w.org\/{rel}","templated":true}]}}