{"id":5141,"date":"2026-03-16T15:33:43","date_gmt":"2026-03-16T14:33:43","guid":{"rendered":"https:\/\/harly-tea.at\/?post_type=product&#038;p=5141"},"modified":"2026-03-16T15:38:24","modified_gmt":"2026-03-16T14:38:24","slug":"travelset-t-4-one-160-ml","status":"publish","type":"product","link":"https:\/\/harly-tea.at\/de\/produkt\/travelset-t-4-one-160-ml\/","title":{"rendered":"Travelset T-4-One  160 ml"},"content":{"rendered":"<div class=\"flex flex-col text-sm pb-25\">\n<article class=\"text-token-text-primary w-full focus:outline-none [--shadow-height:45px] has-data-writing-block:pointer-events-none has-data-writing-block:-mt-(--shadow-height) has-data-writing-block:pt-(--shadow-height) [&amp;:has([data-writing-block])&gt;*]:pointer-events-auto scroll-mt-[calc(var(--header-height)+min(200px,max(70px,20svh)))]\" dir=\"auto\" tabindex=\"-1\" data-turn-id=\"request-WEB:7cd05102-c8a1-435b-83fe-69b3b17ebd06-0\" data-testid=\"conversation-turn-2\" data-scroll-anchor=\"true\" data-turn=\"assistant\">\n<div class=\"text-base my-auto mx-auto pb-10 [--thread-content-margin:var(--thread-content-margin-xs,calc(var(--spacing)*4))] @w-sm\/main:[--thread-content-margin:var(--thread-content-margin-sm,calc(var(--spacing)*6))] @w-lg\/main:[--thread-content-margin:var(--thread-content-margin-lg,calc(var(--spacing)*16))] px-(--thread-content-margin)\">\n<div class=\"[--thread-content-max-width:40rem] @w-lg\/main:[--thread-content-max-width:48rem] mx-auto max-w-(--thread-content-max-width) flex-1 group\/turn-messages focus-visible:outline-hidden relative flex w-full min-w-0 flex-col agent-turn\" tabindex=\"-1\">\n<div class=\"flex max-w-full flex-col gap-4 grow\">\n<div class=\"min-h-8 text-message relative flex w-full flex-col items-end gap-2 text-start break-words whitespace-normal [.text-message+&amp;]:mt-1\" dir=\"auto\" data-message-author-role=\"assistant\" data-message-id=\"9ca81c17-78a6-46fe-aa9b-c6e0734dcf64\" data-message-model-slug=\"gpt-5-3\">\n<div class=\"flex w-full flex-col gap-1 empty:hidden\">\n<div class=\"markdown prose dark:prose-invert w-full wrap-break-word light markdown-new-styling\">\n<p data-start=\"0\" data-end=\"296\">Ein <strong data-start=\"4\" data-end=\"23\">praktisches Set<\/strong>, um unterwegs\u00a0 Tee in Gong Fu Still zuzubereiten. Dieses Set ist nicht nur funktional, sondern dank seiner hochwertigen Verarbeitung und dekorierten Griffe auch besonders sch\u00f6n gestaltet. Perfekt, um hochwertigen losen Tee \u00fcberall zu genie\u00dfen!<\/p>\n<p data-start=\"298\" data-end=\"323\"><strong data-start=\"298\" data-end=\"323\">Inhalt des Reisesets:<\/strong><\/p>\n<ul data-start=\"324\" data-end=\"438\">\n<li data-section-id=\"cfbsd\" data-start=\"324\" data-end=\"365\">\n<p data-start=\"326\" data-end=\"365\">1 Teekanne mit Filterl\u00f6chern (160 ml)<\/p>\n<\/li>\n<li data-section-id=\"v7bv1l\" data-start=\"366\" data-end=\"377\">\n<p data-start=\"368\" data-end=\"377\">1 Tasse<\/p>\n<\/li>\n<li data-section-id=\"1t9czap\" data-start=\"378\" data-end=\"438\">\n<p data-start=\"380\" data-end=\"438\">1 gepolsterte blaue Aufbewahrungstasche f\u00fcr sicheren Transport<\/p>\n<\/li>\n<\/ul>\n<\/div>\n<\/div>\n<\/div>\n<\/div>\n<div class=\"z-0 flex min-h-[46px] justify-start\"><\/div>\n<div class=\"mt-3 w-full empty:hidden\">\n<div class=\"text-center\"><\/div>\n<\/div>\n<\/div>\n<\/div>\n<\/article>\n<\/div>\n<div class=\"pointer-events-none h-px w-px absolute bottom-0\" aria-hidden=\"true\" data-edge=\"true\"><\/div>\n","protected":false},"excerpt":{"rendered":"<p>Ein praktisches Set, um unterwegs\u00a0 Tee in Gong Fu Still zuzubereiten. Dieses Set ist nicht nur funktional, sondern dank seiner<\/p>\n","protected":false},"featured_media":5142,"template":"","meta":[],"product_brand":[],"product_cat":[67,69,63,64],"product_tag":[],"class_list":{"0":"post-5141","1":"product","2":"type-product","3":"status-publish","4":"has-post-thumbnail","6":"product_cat-geschenke","7":"product_cat-individuelle-geschenksets-fuer-liebhaber","8":"product_cat-zubehoer","9":"product_cat-teezubereitung","11":"first","12":"instock","13":"taxable","14":"shipping-taxable","15":"purchasable","16":"product-type-simple"},"_links":{"self":[{"href":"https:\/\/harly-tea.at\/de\/wp-json\/wp\/v2\/product\/5141","targetHints":{"allow":["GET"]}}],"collection":[{"href":"https:\/\/harly-tea.at\/de\/wp-json\/wp\/v2\/product"}],"about":[{"href":"https:\/\/harly-tea.at\/de\/wp-json\/wp\/v2\/types\/product"}],"wp:featuredmedia":[{"embeddable":true,"href":"https:\/\/harly-tea.at\/de\/wp-json\/wp\/v2\/media\/5142"}],"wp:attachment":[{"href":"https:\/\/harly-tea.at\/de\/wp-json\/wp\/v2\/media?parent=5141"}],"wp:term":[{"taxonomy":"product_brand","embeddable":true,"href":"https:\/\/harly-tea.at\/de\/wp-json\/wp\/v2\/product_brand?post=5141"},{"taxonomy":"product_cat","embeddable":true,"href":"https:\/\/harly-tea.at\/de\/wp-json\/wp\/v2\/product_cat?post=5141"},{"taxonomy":"product_tag","embeddable":true,"href":"https:\/\/harly-tea.at\/de\/wp-json\/wp\/v2\/product_tag?post=5141"}],"curies":[{"name":"wp","href":"https:\/\/api.w.org\/{rel}","templated":true}]}}