{"id":515,"date":"2022-08-09T21:20:24","date_gmt":"2022-08-09T19:20:24","guid":{"rendered":"https:\/\/harly-tea.at\/produkt\/china-pu-erh-royal-palace-bio\/"},"modified":"2025-03-09T16:07:12","modified_gmt":"2025-03-09T15:07:12","slug":"china-pu-erh-royal-palace-bio","status":"publish","type":"product","link":"https:\/\/harly-tea.at\/de\/produkt\/china-pu-erh-royal-palace-bio\/","title":{"rendered":"China PU ERH ROYAL PALACE Bio"},"content":{"rendered":"<p>Eine ganz besondere Qualit\u00e4t, kontrolliert biologisch angebaut in der Provinz Yunnan. Das sehr fein gearbeitete Blatt wurde nach Beendigung der eigentlichen Fermentation erneut befeuchtet und damit die Nachfermentation eingeleitet. Eine anschlie\u00dfende monatelange Lagerung garantiert den\u00a0ausdrucksstarken Charakter mit der so typischen erdigen, leicht s\u00fc\u00dflichen Note, dem vollen K\u00f6rper und der dunklen, r\u00f6tlichen Tasse.<br \/>\nAT-BIO-402<\/p>\n<div class=\"row mt-5\">\n   <div class=\"col-md-12 text-center\">\n      <h3>Zubereitungsempfehlung<\/h3>\n   <\/div>\n   <\/div><div class=\"row\">   <div class=\"col-md-4 wc-info-box\">\n      <i class=\"fa fa-3x fa-scale-balanced\"><\/i>\n      <h4>3 Gramm Tee pro 200ml<\/h4>\n      <\/div>   <div class=\"col-md-4 wc-info-box\">\n      <i class=\"fa fa-3x fa-temperature-full\"><\/i>\n      <h4>100\u00b0C Wassertemperatur<\/h4>\n      <\/div>   <div class=\"col-md-4 wc-info-box\">\n      <i class=\"fa fa-3x fa-clock\"><\/i>\n      <h4>3 Minuten Ziehzeit<\/h4>\n      <\/div><\/div>\n","protected":false},"excerpt":{"rendered":"<p>Eine ganz besondere Qualit\u00e4t, kontrolliert biologisch angebaut in der Provinz Yunnan. Das sehr fein gearbeitete Blatt wurde nach Beendigung der<\/p>\n","protected":false},"featured_media":1089,"template":"","meta":[],"product_brand":[],"product_cat":[16,209],"product_tag":[210],"class_list":{"0":"post-515","1":"product","2":"type-product","3":"status-publish","4":"has-post-thumbnail","6":"product_cat-tee","7":"product_cat-puerh","8":"product_tag-puerh","10":"first","11":"instock","12":"taxable","13":"shipping-taxable","14":"purchasable","15":"product-type-simple"},"_links":{"self":[{"href":"https:\/\/harly-tea.at\/de\/wp-json\/wp\/v2\/product\/515","targetHints":{"allow":["GET"]}}],"collection":[{"href":"https:\/\/harly-tea.at\/de\/wp-json\/wp\/v2\/product"}],"about":[{"href":"https:\/\/harly-tea.at\/de\/wp-json\/wp\/v2\/types\/product"}],"wp:featuredmedia":[{"embeddable":true,"href":"https:\/\/harly-tea.at\/de\/wp-json\/wp\/v2\/media\/1089"}],"wp:attachment":[{"href":"https:\/\/harly-tea.at\/de\/wp-json\/wp\/v2\/media?parent=515"}],"wp:term":[{"taxonomy":"product_brand","embeddable":true,"href":"https:\/\/harly-tea.at\/de\/wp-json\/wp\/v2\/product_brand?post=515"},{"taxonomy":"product_cat","embeddable":true,"href":"https:\/\/harly-tea.at\/de\/wp-json\/wp\/v2\/product_cat?post=515"},{"taxonomy":"product_tag","embeddable":true,"href":"https:\/\/harly-tea.at\/de\/wp-json\/wp\/v2\/product_tag?post=515"}],"curies":[{"name":"wp","href":"https:\/\/api.w.org\/{rel}","templated":true}]}}