{"id":516,"date":"2022-08-09T21:20:24","date_gmt":"2022-08-09T19:20:24","guid":{"rendered":"https:\/\/harly-tea.at\/produkt\/china-pu-erh-tee\/"},"modified":"2025-03-09T16:08:08","modified_gmt":"2025-03-09T15:08:08","slug":"china-pu-erh-tee","status":"publish","type":"product","link":"https:\/\/harly-tea.at\/de\/produkt\/china-pu-erh-tee\/","title":{"rendered":"China PU ERH Tee"},"content":{"rendered":"<p>Dieser Pu Erh stammt aus der Region Yunnan. \u00a0Es handelt sich hierbei um einen &#8222;nachfermentierten&#8220; Tee, der ein typisch erdiges, leicht s\u00fc\u00dfliches Aroma hat. Der Tee hat einen sehr intensiven , strengen Geruch. \u00c4hnlich wie gr\u00fcner Tee sollte er nicht ganz kochend (90\u00b0 C) und gern auch mehrfach aufgegossen werden.<\/p>\n<div class=\"row mt-5\">\n   <div class=\"col-md-12 text-center\">\n      <h3>Zubereitungsempfehlung<\/h3>\n   <\/div>\n   <\/div><div class=\"row\">   <div class=\"col-md-4 wc-info-box\">\n      <i class=\"fa fa-3x fa-scale-balanced\"><\/i>\n      <h4>3 Gramm Tee pro 200ml<\/h4>\n      <\/div>   <div class=\"col-md-4 wc-info-box\">\n      <i class=\"fa fa-3x fa-temperature-full\"><\/i>\n      <h4>90\u00b0C Wassertemperatur<\/h4>\n      <\/div>   <div class=\"col-md-4 wc-info-box\">\n      <i class=\"fa fa-3x fa-clock\"><\/i>\n      <h4>3 Minuten Ziehzeit<\/h4>\n      <\/div><\/div>\n","protected":false},"excerpt":{"rendered":"<p>Dieser Pu Erh stammt aus der Region Yunnan. \u00a0Es handelt sich hierbei um einen &#8222;nachfermentierten&#8220; Tee, der ein typisch erdiges,<\/p>\n","protected":false},"featured_media":1097,"template":"","meta":[],"product_brand":[],"product_cat":[16,209],"product_tag":[],"class_list":{"0":"post-516","1":"product","2":"type-product","3":"status-publish","4":"has-post-thumbnail","6":"product_cat-tee","7":"product_cat-puerh","9":"first","10":"instock","11":"taxable","12":"shipping-taxable","13":"purchasable","14":"product-type-simple"},"_links":{"self":[{"href":"https:\/\/harly-tea.at\/de\/wp-json\/wp\/v2\/product\/516","targetHints":{"allow":["GET"]}}],"collection":[{"href":"https:\/\/harly-tea.at\/de\/wp-json\/wp\/v2\/product"}],"about":[{"href":"https:\/\/harly-tea.at\/de\/wp-json\/wp\/v2\/types\/product"}],"wp:featuredmedia":[{"embeddable":true,"href":"https:\/\/harly-tea.at\/de\/wp-json\/wp\/v2\/media\/1097"}],"wp:attachment":[{"href":"https:\/\/harly-tea.at\/de\/wp-json\/wp\/v2\/media?parent=516"}],"wp:term":[{"taxonomy":"product_brand","embeddable":true,"href":"https:\/\/harly-tea.at\/de\/wp-json\/wp\/v2\/product_brand?post=516"},{"taxonomy":"product_cat","embeddable":true,"href":"https:\/\/harly-tea.at\/de\/wp-json\/wp\/v2\/product_cat?post=516"},{"taxonomy":"product_tag","embeddable":true,"href":"https:\/\/harly-tea.at\/de\/wp-json\/wp\/v2\/product_tag?post=516"}],"curies":[{"name":"wp","href":"https:\/\/api.w.org\/{rel}","templated":true}]}}