{"id":5165,"date":"2026-03-31T23:16:17","date_gmt":"2026-03-31T21:16:17","guid":{"rendered":"https:\/\/harly-tea.at\/?post_type=product&#038;p=5165"},"modified":"2026-04-03T06:17:09","modified_gmt":"2026-04-03T04:17:09","slug":"millefloer-debuetalbums-blaubeerblut","status":"publish","type":"product","link":"https:\/\/harly-tea.at\/de\/produkt\/millefloer-debuetalbums-blaubeerblut\/","title":{"rendered":"MILLEFL\u00d6R:  \u201eBlaubeerblut\u201c"},"content":{"rendered":"<p><i><a href=\"https:\/\/florageisselbrecht.at\/projekt\/millefloer\/\" target=\"_blank\" rel=\"noopener\">Millefl\u00f6r<\/a> sind die Schwestern Flora und Camilla Gei\u00dfelbrecht, die seit \u00fcber 20 Jahren zusammen musizieren und mit Bratsche, Cello, Gambe, Harfe, Ukulele und ihren beiden Stimmen auf besondere Weise harmonieren. Seit kurzem begleitet ihr Bruder Linus die beiden auf dem Kontrabass \u2013 f\u00fcr eine Extraportion Groove und tiefe Frequenzen. Das Ergebnis ist ein m\u00e4rchenhaft-makabres H\u00f6rerlebnis mit Elementen von Chanson, Jazz, Pop, Musical und Wienerlied.<br \/>\nAnl\u00e4sslich der Ver\u00f6ffentlichung ihres <a href=\"https:\/\/www.artistcamp.com\/millefloer\/blaubeerblut\/9008798724277\/index.html\" target=\"_blank\" rel=\"noopener\">Deb\u00fctalbums \u201eBlaubeerblut\u201c<\/a> sind Millefl\u00f6r bei Sir Harly\u2019s Tea zu Gast, wo geballte Tee-Expertise auf ihre Songs trifft. Es wird gelauscht und verkostet \u2013 und das Publikum darf gespannt bleiben, welche Tee-Song-Kombinationen sich daraus ergeben&#8230;<\/i><\/p>\n<p>&nbsp;<\/p>\n<p>&nbsp;<\/p>\n<p>Fotos: Gerhard Pirngruber; Leonore Geisselbrecht<\/p>\n","protected":false},"excerpt":{"rendered":"<p>30.Mai.2026 Samstag um 19:00 Uhr<\/p>\n<p>Eintritt: freie Spende<\/p>\n<p>Bewirtung: Tee&amp;Kuchen<\/p>\n<p><strong>Begrenzte Anzahlpl\u00e4tze verf\u00fcgbar<\/strong><\/p>\n","protected":false},"featured_media":5166,"template":"","meta":[],"product_brand":[],"product_cat":[167,186],"product_tag":[],"class_list":{"0":"post-5165","1":"product","2":"type-product","3":"status-publish","4":"has-post-thumbnail","6":"product_cat-events","7":"product_cat-musiklesungen","9":"first","10":"instock","11":"taxable","12":"shipping-taxable","13":"purchasable","14":"product-type-simple"},"_links":{"self":[{"href":"https:\/\/harly-tea.at\/de\/wp-json\/wp\/v2\/product\/5165","targetHints":{"allow":["GET"]}}],"collection":[{"href":"https:\/\/harly-tea.at\/de\/wp-json\/wp\/v2\/product"}],"about":[{"href":"https:\/\/harly-tea.at\/de\/wp-json\/wp\/v2\/types\/product"}],"wp:featuredmedia":[{"embeddable":true,"href":"https:\/\/harly-tea.at\/de\/wp-json\/wp\/v2\/media\/5166"}],"wp:attachment":[{"href":"https:\/\/harly-tea.at\/de\/wp-json\/wp\/v2\/media?parent=5165"}],"wp:term":[{"taxonomy":"product_brand","embeddable":true,"href":"https:\/\/harly-tea.at\/de\/wp-json\/wp\/v2\/product_brand?post=5165"},{"taxonomy":"product_cat","embeddable":true,"href":"https:\/\/harly-tea.at\/de\/wp-json\/wp\/v2\/product_cat?post=5165"},{"taxonomy":"product_tag","embeddable":true,"href":"https:\/\/harly-tea.at\/de\/wp-json\/wp\/v2\/product_tag?post=5165"}],"curies":[{"name":"wp","href":"https:\/\/api.w.org\/{rel}","templated":true}]}}