{"id":517,"date":"2022-08-09T21:20:28","date_gmt":"2022-08-09T19:20:28","guid":{"rendered":"https:\/\/harly-tea.at\/produkt\/china-special-golden-yunnan-bio\/"},"modified":"2023-01-10T13:00:16","modified_gmt":"2023-01-10T12:00:16","slug":"china-special-golden-yunnan-bio","status":"publish","type":"product","link":"https:\/\/harly-tea.at\/de\/produkt\/china-special-golden-yunnan-bio\/","title":{"rendered":"China Special Golden YUNNAN Bio"},"content":{"rendered":"<p>Yunnan, im S\u00fcdwesten Chinas, ist die Heimat dieser au\u00dfergew\u00f6hnlichen Schwarztee- Qualit\u00e4t. Dieser Tee wird nur Ende M\u00e4rz bis Mitte April gepfl\u00fcckt und unter Beachtung spezieller Produktionsmethoden hergestellt. H\u00f6henlagen von 1.800 bis 2.100 m, nat\u00fcrliche , bewaldete Umgebung und ein k\u00fchles Klima, bilden die Grundlage f\u00fcr die Kultivierung dieser Spezialit\u00e4t. Das gro\u00dfe, fein gedrehte, tabakartige Blatt, mit einem sehr hohen Anteil goldener Blattknospen, entwickelt in der kupferfarbenen Tasse einen kr\u00e4ftigen, w\u00fcrzigmalzigen Geschmack, in Kombination mit dem typisch weich-erdigen Yunnan-Charakter<br \/>\nAT-BIO-402<\/p>\n<div class=\"row mt-5\">\n   <div class=\"col-md-12 text-center\">\n      <h3>Zubereitungsempfehlung<\/h3>\n   <\/div>\n   <\/div><div class=\"row\">   <div class=\"col-md-4 wc-info-box\">\n      <i class=\"fa fa-3x fa-scale-balanced\"><\/i>\n      <h4>3 Gramm Tee pro 200ml<\/h4>\n      <\/div>   <div class=\"col-md-4 wc-info-box\">\n      <i class=\"fa fa-3x fa-temperature-full\"><\/i>\n      <h4>100\u00b0C Wassertemperatur<\/h4>\n      <\/div>   <div class=\"col-md-4 wc-info-box\">\n      <i class=\"fa fa-3x fa-clock\"><\/i>\n      <h4>3 Minuten Ziehzeit<\/h4>\n      <\/div><\/div>\n","protected":false},"excerpt":{"rendered":"<p>Yunnan, im S\u00fcdwesten Chinas, ist die Heimat dieser au\u00dfergew\u00f6hnlichen Schwarztee- Qualit\u00e4t. Dieser Tee wird nur Ende M\u00e4rz bis Mitte April<\/p>\n","protected":false},"featured_media":1607,"template":"","meta":[],"product_brand":[],"product_cat":[16,58],"product_tag":[],"class_list":{"0":"post-517","1":"product","2":"type-product","3":"status-publish","4":"has-post-thumbnail","6":"product_cat-tee","7":"product_cat-schwarztee","9":"first","10":"instock","11":"taxable","12":"shipping-taxable","13":"purchasable","14":"product-type-simple"},"_links":{"self":[{"href":"https:\/\/harly-tea.at\/de\/wp-json\/wp\/v2\/product\/517","targetHints":{"allow":["GET"]}}],"collection":[{"href":"https:\/\/harly-tea.at\/de\/wp-json\/wp\/v2\/product"}],"about":[{"href":"https:\/\/harly-tea.at\/de\/wp-json\/wp\/v2\/types\/product"}],"wp:featuredmedia":[{"embeddable":true,"href":"https:\/\/harly-tea.at\/de\/wp-json\/wp\/v2\/media\/1607"}],"wp:attachment":[{"href":"https:\/\/harly-tea.at\/de\/wp-json\/wp\/v2\/media?parent=517"}],"wp:term":[{"taxonomy":"product_brand","embeddable":true,"href":"https:\/\/harly-tea.at\/de\/wp-json\/wp\/v2\/product_brand?post=517"},{"taxonomy":"product_cat","embeddable":true,"href":"https:\/\/harly-tea.at\/de\/wp-json\/wp\/v2\/product_cat?post=517"},{"taxonomy":"product_tag","embeddable":true,"href":"https:\/\/harly-tea.at\/de\/wp-json\/wp\/v2\/product_tag?post=517"}],"curies":[{"name":"wp","href":"https:\/\/api.w.org\/{rel}","templated":true}]}}