{"id":520,"date":"2022-08-09T21:20:28","date_gmt":"2022-08-09T19:20:28","guid":{"rendered":"https:\/\/harly-tea.at\/produkt\/darjeeling-first-flush-singell\/"},"modified":"2023-01-10T13:01:00","modified_gmt":"2023-01-10T12:01:00","slug":"darjeeling-first-flush-singell","status":"publish","type":"product","link":"https:\/\/harly-tea.at\/de\/produkt\/darjeeling-first-flush-singell\/","title":{"rendered":"Darjeeling First Flush SINGELL"},"content":{"rendered":"<p>Eine au\u00dfergew\u00f6hnliche Rarit\u00e4t. Dieser Tee besticht durch seinen weichen, blumigen und aromatischen Geschmack und einer goldgelben Tasse. Aus kontrolliert biologischem Anbau. (DE-\u00d6KO-039 Non EU Agriculture)<\/p>\n","protected":false},"excerpt":{"rendered":"<p>Eine au\u00dfergew\u00f6hnliche Rarit\u00e4t. Dieser Tee besticht durch seinen weichen, blumigen und aromatischen Geschmack und einer goldgelben Tasse. Aus kontrolliert biologischem<\/p>\n","protected":false},"featured_media":1609,"template":"","meta":[],"product_brand":[],"product_cat":[58,16],"product_tag":[],"class_list":{"0":"post-520","1":"product","2":"type-product","3":"status-publish","4":"has-post-thumbnail","6":"product_cat-schwarztee","7":"product_cat-tee","9":"first","10":"outofstock","11":"taxable","12":"shipping-taxable","13":"purchasable","14":"product-type-simple"},"_links":{"self":[{"href":"https:\/\/harly-tea.at\/de\/wp-json\/wp\/v2\/product\/520","targetHints":{"allow":["GET"]}}],"collection":[{"href":"https:\/\/harly-tea.at\/de\/wp-json\/wp\/v2\/product"}],"about":[{"href":"https:\/\/harly-tea.at\/de\/wp-json\/wp\/v2\/types\/product"}],"wp:featuredmedia":[{"embeddable":true,"href":"https:\/\/harly-tea.at\/de\/wp-json\/wp\/v2\/media\/1609"}],"wp:attachment":[{"href":"https:\/\/harly-tea.at\/de\/wp-json\/wp\/v2\/media?parent=520"}],"wp:term":[{"taxonomy":"product_brand","embeddable":true,"href":"https:\/\/harly-tea.at\/de\/wp-json\/wp\/v2\/product_brand?post=520"},{"taxonomy":"product_cat","embeddable":true,"href":"https:\/\/harly-tea.at\/de\/wp-json\/wp\/v2\/product_cat?post=520"},{"taxonomy":"product_tag","embeddable":true,"href":"https:\/\/harly-tea.at\/de\/wp-json\/wp\/v2\/product_tag?post=520"}],"curies":[{"name":"wp","href":"https:\/\/api.w.org\/{rel}","templated":true}]}}