{"id":521,"date":"2022-08-09T21:20:28","date_gmt":"2022-08-09T19:20:28","guid":{"rendered":"https:\/\/harly-tea.at\/produkt\/darjeeling-phuguri-ftgfop1-first-flush-bio\/"},"modified":"2023-01-19T16:04:00","modified_gmt":"2023-01-19T15:04:00","slug":"darjeeling-phuguri-ftgfop1-first-flush-bio","status":"publish","type":"product","link":"https:\/\/harly-tea.at\/de\/produkt\/darjeeling-phuguri-ftgfop1-first-flush-bio\/","title":{"rendered":"Darjeeling PHUGURI FTGFOP1 First Flush Bio"},"content":{"rendered":"<p>In der N\u00e4he der Kachenjunga Bergkette gelegen, erstreckt sich diese Plantage \u00fcber eine Fl\u00e4che von mehr als 400 Hektar. In der winterlichen Vegetationspause sammeln die in 1.400 und 2.400 m H\u00f6he kultivierten Pflanzen Kraft, um uns mit ihren au\u00dferordentlichen Qualit\u00e4ten zu \u00fcberzeugen. Sehr gro\u00dfes, regelm\u00e4\u00dfiges Blatt mit gro\u00dfen Anteilen an silberfarbenen Tips. Mit eigenst\u00e4ndigem, blumig-w\u00fcrzigem Charakter, s\u00fc\u00dfem K\u00f6rper, hocharomatisch duftend.<\/p>\n<div class=\"row mt-5\">\n   <div class=\"col-md-12 text-center\">\n      <h3>Zubereitungsempfehlung<\/h3>\n   <\/div>\n   <\/div><div class=\"row\">   <div class=\"col-md-4 wc-info-box\">\n      <i class=\"fa fa-3x fa-scale-balanced\"><\/i>\n      <h4>3-4 Gramm Tee pro 200ml<\/h4>\n      <\/div>   <div class=\"col-md-4 wc-info-box\">\n      <i class=\"fa fa-3x fa-temperature-full\"><\/i>\n      <h4>95\u00b0C Wassertemperatur<\/h4>\n      <\/div>   <div class=\"col-md-4 wc-info-box\">\n      <i class=\"fa fa-3x fa-clock\"><\/i>\n      <h4>3 Minuten Ziehzeit<\/h4>\n      <\/div><\/div>\n","protected":false},"excerpt":{"rendered":"<p>In der N\u00e4he der Kachenjunga Bergkette gelegen, erstreckt sich diese Plantage \u00fcber eine Fl\u00e4che von mehr als 400 Hektar. In<\/p>\n","protected":false},"featured_media":917,"template":"","meta":[],"product_brand":[],"product_cat":[16,58],"product_tag":[],"class_list":{"0":"post-521","1":"product","2":"type-product","3":"status-publish","4":"has-post-thumbnail","6":"product_cat-tee","7":"product_cat-schwarztee","9":"first","10":"instock","11":"taxable","12":"shipping-taxable","13":"purchasable","14":"product-type-simple"},"_links":{"self":[{"href":"https:\/\/harly-tea.at\/de\/wp-json\/wp\/v2\/product\/521","targetHints":{"allow":["GET"]}}],"collection":[{"href":"https:\/\/harly-tea.at\/de\/wp-json\/wp\/v2\/product"}],"about":[{"href":"https:\/\/harly-tea.at\/de\/wp-json\/wp\/v2\/types\/product"}],"wp:featuredmedia":[{"embeddable":true,"href":"https:\/\/harly-tea.at\/de\/wp-json\/wp\/v2\/media\/917"}],"wp:attachment":[{"href":"https:\/\/harly-tea.at\/de\/wp-json\/wp\/v2\/media?parent=521"}],"wp:term":[{"taxonomy":"product_brand","embeddable":true,"href":"https:\/\/harly-tea.at\/de\/wp-json\/wp\/v2\/product_brand?post=521"},{"taxonomy":"product_cat","embeddable":true,"href":"https:\/\/harly-tea.at\/de\/wp-json\/wp\/v2\/product_cat?post=521"},{"taxonomy":"product_tag","embeddable":true,"href":"https:\/\/harly-tea.at\/de\/wp-json\/wp\/v2\/product_tag?post=521"}],"curies":[{"name":"wp","href":"https:\/\/api.w.org\/{rel}","templated":true}]}}