{"id":522,"date":"2022-08-09T21:20:28","date_gmt":"2022-08-09T19:20:28","guid":{"rendered":"https:\/\/harly-tea.at\/produkt\/darjeeling-second-flush-ftgfop1-sungma-bio\/"},"modified":"2023-01-10T13:01:40","modified_gmt":"2023-01-10T12:01:40","slug":"darjeeling-second-flush-ftgfop1-sungma-bio","status":"publish","type":"product","link":"https:\/\/harly-tea.at\/de\/produkt\/darjeeling-second-flush-ftgfop1-sungma-bio\/","title":{"rendered":"Darjeeling* Second Flush FTGFOP1 SUNGMA Bio"},"content":{"rendered":"<p>Ein aromatischer Darjeeling aus kontrolliert biologischem Anbau. Dieser Tee aus der sp\u00e4ten Sommerpfl\u00fcckung hat ein gro\u00dfes, regelm\u00e4\u00dfig gearbeitetes Blatt mit recht vielen Tips und \u00fcberzeugt durch sein mild-nussiges Aroma und die kupferrote Tasse.<\/p>\n<p>AT-BIO-402<\/p>\n<div class=\"row mt-5\">\n   <div class=\"col-md-12 text-center\">\n      <h3>Zubereitungsempfehlung<\/h3>\n   <\/div>\n   <\/div><div class=\"row\">   <div class=\"col-md-4 wc-info-box\">\n      <i class=\"fa fa-3x fa-scale-balanced\"><\/i>\n      <h4>3-4 Gramm Tee pro 200ml<\/h4>\n      <\/div>   <div class=\"col-md-4 wc-info-box\">\n      <i class=\"fa fa-3x fa-temperature-full\"><\/i>\n      <h4>95\u00b0C Wassertemperatur<\/h4>\n      <\/div>   <div class=\"col-md-4 wc-info-box\">\n      <i class=\"fa fa-3x fa-clock\"><\/i>\n      <h4>3 Minuten Ziehzeit<\/h4>\n      <\/div><\/div>\n","protected":false},"excerpt":{"rendered":"<p>Ein aromatischer Darjeeling aus kontrolliert biologischem Anbau. Dieser Tee aus der sp\u00e4ten Sommerpfl\u00fcckung hat ein gro\u00dfes, regelm\u00e4\u00dfig gearbeitetes Blatt mit<\/p>\n","protected":false},"featured_media":1017,"template":"","meta":[],"product_brand":[],"product_cat":[58,16],"product_tag":[],"class_list":{"0":"post-522","1":"product","2":"type-product","3":"status-publish","4":"has-post-thumbnail","6":"product_cat-schwarztee","7":"product_cat-tee","9":"first","10":"outofstock","11":"taxable","12":"shipping-taxable","13":"purchasable","14":"product-type-simple"},"_links":{"self":[{"href":"https:\/\/harly-tea.at\/de\/wp-json\/wp\/v2\/product\/522","targetHints":{"allow":["GET"]}}],"collection":[{"href":"https:\/\/harly-tea.at\/de\/wp-json\/wp\/v2\/product"}],"about":[{"href":"https:\/\/harly-tea.at\/de\/wp-json\/wp\/v2\/types\/product"}],"wp:featuredmedia":[{"embeddable":true,"href":"https:\/\/harly-tea.at\/de\/wp-json\/wp\/v2\/media\/1017"}],"wp:attachment":[{"href":"https:\/\/harly-tea.at\/de\/wp-json\/wp\/v2\/media?parent=522"}],"wp:term":[{"taxonomy":"product_brand","embeddable":true,"href":"https:\/\/harly-tea.at\/de\/wp-json\/wp\/v2\/product_brand?post=522"},{"taxonomy":"product_cat","embeddable":true,"href":"https:\/\/harly-tea.at\/de\/wp-json\/wp\/v2\/product_cat?post=522"},{"taxonomy":"product_tag","embeddable":true,"href":"https:\/\/harly-tea.at\/de\/wp-json\/wp\/v2\/product_tag?post=522"}],"curies":[{"name":"wp","href":"https:\/\/api.w.org\/{rel}","templated":true}]}}