{"id":523,"date":"2022-08-09T21:20:28","date_gmt":"2022-08-09T19:20:28","guid":{"rendered":"https:\/\/harly-tea.at\/produkt\/kenia-gfbop1-marinyn\/"},"modified":"2023-02-24T11:55:03","modified_gmt":"2023-02-24T10:55:03","slug":"kenia-gfbop1-marinyn","status":"publish","type":"product","link":"https:\/\/harly-tea.at\/de\/produkt\/kenia-gfbop1-marinyn\/","title":{"rendered":"Kenia GFBOP1 Marinyn"},"content":{"rendered":"<p>W\u00e4hrend gro\u00dfe Mengen Kenia-Tee im CTC-Verfahren hergestellt werden, k\u00f6nnen wir Ihnen hier einen orthodox hergestellten Broken-Tee mit kr\u00e4ftigem Geschmack und guter Bek\u00f6mmlichkeit anbieten.<\/p>\n<div class=\"row mt-5\">\n   <div class=\"col-md-12 text-center\">\n      <h3>Zubereitungsempfehlung<\/h3>\n   <\/div>\n   <\/div><div class=\"row\">   <div class=\"col-md-4 wc-info-box\">\n      <i class=\"fa fa-3x fa-scale-balanced\"><\/i>\n      <h4>3-4 Gramm Tee pro 200ml<\/h4>\n      <\/div>   <div class=\"col-md-4 wc-info-box\">\n      <i class=\"fa fa-3x fa-temperature-full\"><\/i>\n      <h4>95\u00b0C Wassertemperatur<\/h4>\n      <\/div>   <div class=\"col-md-4 wc-info-box\">\n      <i class=\"fa fa-3x fa-clock\"><\/i>\n      <h4>3 Minuten Ziehzeit<\/h4>\n      <\/div><\/div>\n","protected":false},"excerpt":{"rendered":"<p>W\u00e4hrend gro\u00dfe Mengen Kenia-Tee im CTC-Verfahren hergestellt werden, k\u00f6nnen wir Ihnen hier einen orthodox hergestellten Broken-Tee mit kr\u00e4ftigem Geschmack und<\/p>\n","protected":false},"featured_media":1015,"template":"","meta":[],"product_brand":[],"product_cat":[16,58],"product_tag":[],"class_list":{"0":"post-523","1":"product","2":"type-product","3":"status-publish","4":"has-post-thumbnail","6":"product_cat-tee","7":"product_cat-schwarztee","9":"first","10":"instock","11":"taxable","12":"shipping-taxable","13":"purchasable","14":"product-type-simple"},"_links":{"self":[{"href":"https:\/\/harly-tea.at\/de\/wp-json\/wp\/v2\/product\/523","targetHints":{"allow":["GET"]}}],"collection":[{"href":"https:\/\/harly-tea.at\/de\/wp-json\/wp\/v2\/product"}],"about":[{"href":"https:\/\/harly-tea.at\/de\/wp-json\/wp\/v2\/types\/product"}],"wp:featuredmedia":[{"embeddable":true,"href":"https:\/\/harly-tea.at\/de\/wp-json\/wp\/v2\/media\/1015"}],"wp:attachment":[{"href":"https:\/\/harly-tea.at\/de\/wp-json\/wp\/v2\/media?parent=523"}],"wp:term":[{"taxonomy":"product_brand","embeddable":true,"href":"https:\/\/harly-tea.at\/de\/wp-json\/wp\/v2\/product_brand?post=523"},{"taxonomy":"product_cat","embeddable":true,"href":"https:\/\/harly-tea.at\/de\/wp-json\/wp\/v2\/product_cat?post=523"},{"taxonomy":"product_tag","embeddable":true,"href":"https:\/\/harly-tea.at\/de\/wp-json\/wp\/v2\/product_tag?post=523"}],"curies":[{"name":"wp","href":"https:\/\/api.w.org\/{rel}","templated":true}]}}