{"id":524,"date":"2022-08-09T21:20:28","date_gmt":"2022-08-09T19:20:28","guid":{"rendered":"https:\/\/harly-tea.at\/produkt\/nepal-golden-nepal-ftgfop1-maloom-selection\/"},"modified":"2023-01-10T13:02:26","modified_gmt":"2023-01-10T12:02:26","slug":"nepal-golden-nepal-ftgfop1-maloom-selection","status":"publish","type":"product","link":"https:\/\/harly-tea.at\/de\/produkt\/nepal-golden-nepal-ftgfop1-maloom-selection\/","title":{"rendered":"Nepal &#8211; Golden Nepal FTGFOP1 MALOOM Selection"},"content":{"rendered":"<p>Auf dieser hochgelegenen, noch recht jungen Teeplantage werden mit gro\u00dfer Sorgfalt hocharomatische und leicht fruchtige Tees produziert. Dieser Golden Nepal stammt aus der Sommerpfl\u00fcckung, ist ausgereift, gerbs\u00e4urearm und hat viele Blattspitzen. Eine sch\u00f6ne Alternative auch f\u00fcr Darjeeling-Freunde.<\/p>\n<div class=\"row mt-5\">\n   <div class=\"col-md-12 text-center\">\n      <h3>Zubereitungsempfehlung<\/h3>\n   <\/div>\n   <\/div><div class=\"row\">   <div class=\"col-md-4 wc-info-box\">\n      <i class=\"fa fa-3x fa-scale-balanced\"><\/i>\n      <h4>3-4 Gramm Tee pro 200ml<\/h4>\n      <\/div>   <div class=\"col-md-4 wc-info-box\">\n      <i class=\"fa fa-3x fa-temperature-full\"><\/i>\n      <h4>95\u00b0C Wassertemperatur<\/h4>\n      <\/div>   <div class=\"col-md-4 wc-info-box\">\n      <i class=\"fa fa-3x fa-clock\"><\/i>\n      <h4>3 Minuten Ziehzeit<\/h4>\n      <\/div><\/div>\n","protected":false},"excerpt":{"rendered":"<p>Auf dieser hochgelegenen, noch recht jungen Teeplantage werden mit gro\u00dfer Sorgfalt hocharomatische und leicht fruchtige Tees produziert. Dieser Golden Nepal<\/p>\n","protected":false},"featured_media":1009,"template":"","meta":[],"product_brand":[],"product_cat":[16,58],"product_tag":[],"class_list":{"0":"post-524","1":"product","2":"type-product","3":"status-publish","4":"has-post-thumbnail","6":"product_cat-tee","7":"product_cat-schwarztee","9":"first","10":"instock","11":"taxable","12":"shipping-taxable","13":"purchasable","14":"product-type-simple"},"_links":{"self":[{"href":"https:\/\/harly-tea.at\/de\/wp-json\/wp\/v2\/product\/524","targetHints":{"allow":["GET"]}}],"collection":[{"href":"https:\/\/harly-tea.at\/de\/wp-json\/wp\/v2\/product"}],"about":[{"href":"https:\/\/harly-tea.at\/de\/wp-json\/wp\/v2\/types\/product"}],"wp:featuredmedia":[{"embeddable":true,"href":"https:\/\/harly-tea.at\/de\/wp-json\/wp\/v2\/media\/1009"}],"wp:attachment":[{"href":"https:\/\/harly-tea.at\/de\/wp-json\/wp\/v2\/media?parent=524"}],"wp:term":[{"taxonomy":"product_brand","embeddable":true,"href":"https:\/\/harly-tea.at\/de\/wp-json\/wp\/v2\/product_brand?post=524"},{"taxonomy":"product_cat","embeddable":true,"href":"https:\/\/harly-tea.at\/de\/wp-json\/wp\/v2\/product_cat?post=524"},{"taxonomy":"product_tag","embeddable":true,"href":"https:\/\/harly-tea.at\/de\/wp-json\/wp\/v2\/product_tag?post=524"}],"curies":[{"name":"wp","href":"https:\/\/api.w.org\/{rel}","templated":true}]}}