{"id":530,"date":"2022-08-09T21:20:28","date_gmt":"2022-08-09T19:20:28","guid":{"rendered":"https:\/\/harly-tea.at\/produkt\/chai-frukteo\/"},"modified":"2022-11-26T23:25:26","modified_gmt":"2022-11-26T22:25:26","slug":"chai-frukteo","status":"publish","type":"product","link":"https:\/\/harly-tea.at\/de\/produkt\/chai-frukteo\/","title":{"rendered":"Chai Frukteo\u00ae"},"content":{"rendered":"<p>Ein zimtiges Geschmackserlebnis mit s\u00fc\u00dflich-warmer, samtener Sch\u00e4rfe im Abgang.\u00a0Ein Premium-Tee aus unserem Juicea\u00ae-Sortiment mit verkapselten Aromagranulaten<\/p>\n<p>Zutaten: Schwarzer Tee (65 %), Ingwerst\u00fccke, Zimtst\u00fccke, Aromen, Kardamomsaat, Gew\u00fcrznelken<\/p>\n<div class=\"row mt-5\">\n   <div class=\"col-md-12 text-center\">\n      <h3>Zubereitungsempfehlung<\/h3>\n   <\/div>\n   <\/div><div class=\"row\">   <div class=\"col-md-4 wc-info-box\">\n      <i class=\"fa fa-3x fa-scale-balanced\"><\/i>\n      <h4>3-4 Gramm Tee pro 200ml<\/h4>\n      <\/div>   <div class=\"col-md-4 wc-info-box\">\n      <i class=\"fa fa-3x fa-temperature-full\"><\/i>\n      <h4>95\u00b0C Wassertemperatur<\/h4>\n      <\/div>   <div class=\"col-md-4 wc-info-box\">\n      <i class=\"fa fa-3x fa-clock\"><\/i>\n      <h4>3 Minuten Ziehzeit<\/h4>\n      <\/div><\/div>\n","protected":false},"excerpt":{"rendered":"<p><strong>5% RABATT\u00a0 \u00a0DIWALI ANGEBOT<\/strong><\/p>\n","protected":false},"featured_media":1031,"template":"","meta":[],"product_brand":[],"product_cat":[16,100],"product_tag":[],"class_list":{"0":"post-530","1":"product","2":"type-product","3":"status-publish","4":"has-post-thumbnail","6":"product_cat-tee","7":"product_cat-aromatisierter-schwarztee","9":"first","10":"instock","11":"taxable","12":"shipping-taxable","13":"purchasable","14":"product-type-simple"},"_links":{"self":[{"href":"https:\/\/harly-tea.at\/de\/wp-json\/wp\/v2\/product\/530","targetHints":{"allow":["GET"]}}],"collection":[{"href":"https:\/\/harly-tea.at\/de\/wp-json\/wp\/v2\/product"}],"about":[{"href":"https:\/\/harly-tea.at\/de\/wp-json\/wp\/v2\/types\/product"}],"wp:featuredmedia":[{"embeddable":true,"href":"https:\/\/harly-tea.at\/de\/wp-json\/wp\/v2\/media\/1031"}],"wp:attachment":[{"href":"https:\/\/harly-tea.at\/de\/wp-json\/wp\/v2\/media?parent=530"}],"wp:term":[{"taxonomy":"product_brand","embeddable":true,"href":"https:\/\/harly-tea.at\/de\/wp-json\/wp\/v2\/product_brand?post=530"},{"taxonomy":"product_cat","embeddable":true,"href":"https:\/\/harly-tea.at\/de\/wp-json\/wp\/v2\/product_cat?post=530"},{"taxonomy":"product_tag","embeddable":true,"href":"https:\/\/harly-tea.at\/de\/wp-json\/wp\/v2\/product_tag?post=530"}],"curies":[{"name":"wp","href":"https:\/\/api.w.org\/{rel}","templated":true}]}}