{"id":532,"date":"2022-08-09T21:20:28","date_gmt":"2022-08-09T19:20:28","guid":{"rendered":"https:\/\/harly-tea.at\/produkt\/china-tarry-lapsang-souchong-strong\/"},"modified":"2026-04-05T12:30:55","modified_gmt":"2026-04-05T10:30:55","slug":"china-tarry-lapsang-souchong-strong","status":"publish","type":"product","link":"https:\/\/harly-tea.at\/de\/produkt\/china-tarry-lapsang-souchong-strong\/","title":{"rendered":"China TARRY LAPSANG SOUCHONG Strong"},"content":{"rendered":"<p>F\u00fcr diesen besonderen Tee werden nicht die typischen\u00a0&#8222;two leaves and a bud&#8220; gepfl\u00fcckt, sondern kr\u00e4ftigere\u00a0und gr\u00f6\u00dfere Bl\u00e4tter aus den unteren Bereichen des\u00a0Teestrauches. Durch die R\u00e4ucherung \u00fcber Edelh\u00f6lzern\u00a0gewinnt er seinen typisch rauchigen Geschmack.<\/p>\n<div class=\"row mt-5\">\n   <div class=\"col-md-12 text-center\">\n      <h3>Zubereitungsempfehlung<\/h3>\n   <\/div>\n   <\/div><div class=\"row\">   <div class=\"col-md-4 wc-info-box\">\n      <i class=\"fa fa-3x fa-scale-balanced\"><\/i>\n      <h4>\u201c3-4<\/h4>\n      <\/div>   <div class=\"col-md-4 wc-info-box\">\n      <i class=\"fa fa-3x fa-temperature-full\"><\/i>\n      <h4>\u201c95\u201c\u00b0C Wassertemperatur<\/h4>\n      <\/div>   <div class=\"col-md-4 wc-info-box\">\n      <i class=\"fa fa-3x fa-clock\"><\/i>\n      <h4>\u201c3\u201c Minuten Ziehzeit<\/h4>\n      <\/div><\/div>\n","protected":false},"excerpt":{"rendered":"<p>F\u00fcr diesen besonderen Tee werden nicht die typischen\u00a0&#8222;two leaves and a bud&#8220; gepfl\u00fcckt, sondern kr\u00e4ftigere\u00a0und gr\u00f6\u00dfere Bl\u00e4tter aus den unteren<\/p>\n","protected":false},"featured_media":959,"template":"","meta":[],"product_brand":[],"product_cat":[16,100],"product_tag":[],"class_list":{"0":"post-532","1":"product","2":"type-product","3":"status-publish","4":"has-post-thumbnail","6":"product_cat-tee","7":"product_cat-aromatisierter-schwarztee","9":"first","10":"instock","11":"taxable","12":"shipping-taxable","13":"purchasable","14":"product-type-simple"},"_links":{"self":[{"href":"https:\/\/harly-tea.at\/de\/wp-json\/wp\/v2\/product\/532","targetHints":{"allow":["GET"]}}],"collection":[{"href":"https:\/\/harly-tea.at\/de\/wp-json\/wp\/v2\/product"}],"about":[{"href":"https:\/\/harly-tea.at\/de\/wp-json\/wp\/v2\/types\/product"}],"wp:featuredmedia":[{"embeddable":true,"href":"https:\/\/harly-tea.at\/de\/wp-json\/wp\/v2\/media\/959"}],"wp:attachment":[{"href":"https:\/\/harly-tea.at\/de\/wp-json\/wp\/v2\/media?parent=532"}],"wp:term":[{"taxonomy":"product_brand","embeddable":true,"href":"https:\/\/harly-tea.at\/de\/wp-json\/wp\/v2\/product_brand?post=532"},{"taxonomy":"product_cat","embeddable":true,"href":"https:\/\/harly-tea.at\/de\/wp-json\/wp\/v2\/product_cat?post=532"},{"taxonomy":"product_tag","embeddable":true,"href":"https:\/\/harly-tea.at\/de\/wp-json\/wp\/v2\/product_tag?post=532"}],"curies":[{"name":"wp","href":"https:\/\/api.w.org\/{rel}","templated":true}]}}