{"id":539,"date":"2022-08-09T21:20:32","date_gmt":"2022-08-09T19:20:32","guid":{"rendered":"https:\/\/harly-tea.at\/produkt\/himbeere\/"},"modified":"2024-12-15T11:43:14","modified_gmt":"2024-12-15T10:43:14","slug":"himbeere","status":"publish","type":"product","link":"https:\/\/harly-tea.at\/de\/produkt\/himbeere\/","title":{"rendered":"Himbeere"},"content":{"rendered":"<p>Ein milder, aromatisierter schwarzer Tee mit rosa Himbeeren und beerigem Geschmack<\/p>\n<p>Zutaten: Schwarzer Tee (86 %), Erdbeerfruchtgranulat (Glukosesirup, Erdbeeren, Fruktose, modifizierte St\u00e4rke, Verdickungsmittel: E401\u00a0(4 %), Aromen, Himbeeren, rosa Heidekrautbl\u00fcten, rosa Rosenbl\u00fctenbl\u00e4tter<\/p>\n<div class=\"row mt-5\">\n   <div class=\"col-md-12 text-center\">\n      <h3>Zubereitungsempfehlung<\/h3>\n   <\/div>\n   <\/div><div class=\"row\">   <div class=\"col-md-4 wc-info-box\">\n      <i class=\"fa fa-3x fa-scale-balanced\"><\/i>\n      <h4>3-4 Gramm Tee pro 200ml<\/h4>\n      <\/div>   <div class=\"col-md-4 wc-info-box\">\n      <i class=\"fa fa-3x fa-temperature-full\"><\/i>\n      <h4>95\u00b0C Wassertemperatur<\/h4>\n      <\/div>   <div class=\"col-md-4 wc-info-box\">\n      <i class=\"fa fa-3x fa-clock\"><\/i>\n      <h4>3 Minuten Ziehzeit<\/h4>\n      <\/div><\/div>\n","protected":false},"excerpt":{"rendered":"<p>Ein milder, aromatisierter schwarzer Tee mit rosa Himbeeren und beerigem Geschmack Zutaten: Schwarzer Tee (86 %), Erdbeerfruchtgranulat (Glukosesirup, Erdbeeren, Fruktose,<\/p>\n","protected":false},"featured_media":1006,"template":"","meta":[],"product_brand":[],"product_cat":[100,16],"product_tag":[],"class_list":{"0":"post-539","1":"product","2":"type-product","3":"status-publish","4":"has-post-thumbnail","6":"product_cat-aromatisierter-schwarztee","7":"product_cat-tee","9":"first","10":"outofstock","11":"taxable","12":"shipping-taxable","13":"purchasable","14":"product-type-simple"},"_links":{"self":[{"href":"https:\/\/harly-tea.at\/de\/wp-json\/wp\/v2\/product\/539","targetHints":{"allow":["GET"]}}],"collection":[{"href":"https:\/\/harly-tea.at\/de\/wp-json\/wp\/v2\/product"}],"about":[{"href":"https:\/\/harly-tea.at\/de\/wp-json\/wp\/v2\/types\/product"}],"wp:featuredmedia":[{"embeddable":true,"href":"https:\/\/harly-tea.at\/de\/wp-json\/wp\/v2\/media\/1006"}],"wp:attachment":[{"href":"https:\/\/harly-tea.at\/de\/wp-json\/wp\/v2\/media?parent=539"}],"wp:term":[{"taxonomy":"product_brand","embeddable":true,"href":"https:\/\/harly-tea.at\/de\/wp-json\/wp\/v2\/product_brand?post=539"},{"taxonomy":"product_cat","embeddable":true,"href":"https:\/\/harly-tea.at\/de\/wp-json\/wp\/v2\/product_cat?post=539"},{"taxonomy":"product_tag","embeddable":true,"href":"https:\/\/harly-tea.at\/de\/wp-json\/wp\/v2\/product_tag?post=539"}],"curies":[{"name":"wp","href":"https:\/\/api.w.org\/{rel}","templated":true}]}}