{"id":543,"date":"2022-08-09T21:20:32","date_gmt":"2022-08-09T19:20:32","guid":{"rendered":"https:\/\/harly-tea.at\/produkt\/karamell-g\/"},"modified":"2024-11-13T11:50:19","modified_gmt":"2024-11-13T10:50:19","slug":"karamell-g","status":"publish","type":"product","link":"https:\/\/harly-tea.at\/de\/produkt\/karamell-g\/","title":{"rendered":"Karamell (G)"},"content":{"rendered":"<p>Ein aromatisierter schwarzer Tee, der wie ein Karamellbonbon warm auf der Zunge verschmilzt und eine feine S\u00fc\u00dfe hinterl\u00e4sst. Ein perfekter Begleiter durch den Tag.<\/p>\n<p>Zutaten: Schwarzer Tee (88 %), Karamellst\u00fccke (gezuckerte\u00a0<strong>Kondensmagermilch<\/strong>, Zucker, Glukosesirup,\u00a0<strong>Butterfett<\/strong>, Feuchthaltemittel: E420, Emulgator: E471) (10%), Aromen [G]<\/p>\n<div class=\"row mt-5\">\n   <div class=\"col-md-12 text-center\">\n      <h3>Zubereitungsempfehlung<\/h3>\n   <\/div>\n   <\/div><div class=\"row\">   <div class=\"col-md-4 wc-info-box\">\n      <i class=\"fa fa-3x fa-scale-balanced\"><\/i>\n      <h4>3-4 Gramm Tee pro 200ml<\/h4>\n      <\/div>   <div class=\"col-md-4 wc-info-box\">\n      <i class=\"fa fa-3x fa-temperature-full\"><\/i>\n      <h4>95\u00b0C Wassertemperatur<\/h4>\n      <\/div>   <div class=\"col-md-4 wc-info-box\">\n      <i class=\"fa fa-3x fa-clock\"><\/i>\n      <h4>3 Minuten Ziehzeit<\/h4>\n      <\/div><\/div>\n<p>&nbsp;<\/p>\n","protected":false},"excerpt":{"rendered":"<p>Ein aromatisierter schwarzer Tee, der wie ein Karamellbonbon warm auf der Zunge verschmilzt und eine feine S\u00fc\u00dfe hinterl\u00e4sst. Ein perfekter<\/p>\n","protected":false},"featured_media":975,"template":"","meta":[],"product_brand":[],"product_cat":[16,100],"product_tag":[],"class_list":{"0":"post-543","1":"product","2":"type-product","3":"status-publish","4":"has-post-thumbnail","6":"product_cat-tee","7":"product_cat-aromatisierter-schwarztee","9":"first","10":"instock","11":"taxable","12":"shipping-taxable","13":"purchasable","14":"product-type-simple"},"_links":{"self":[{"href":"https:\/\/harly-tea.at\/de\/wp-json\/wp\/v2\/product\/543","targetHints":{"allow":["GET"]}}],"collection":[{"href":"https:\/\/harly-tea.at\/de\/wp-json\/wp\/v2\/product"}],"about":[{"href":"https:\/\/harly-tea.at\/de\/wp-json\/wp\/v2\/types\/product"}],"wp:featuredmedia":[{"embeddable":true,"href":"https:\/\/harly-tea.at\/de\/wp-json\/wp\/v2\/media\/975"}],"wp:attachment":[{"href":"https:\/\/harly-tea.at\/de\/wp-json\/wp\/v2\/media?parent=543"}],"wp:term":[{"taxonomy":"product_brand","embeddable":true,"href":"https:\/\/harly-tea.at\/de\/wp-json\/wp\/v2\/product_brand?post=543"},{"taxonomy":"product_cat","embeddable":true,"href":"https:\/\/harly-tea.at\/de\/wp-json\/wp\/v2\/product_cat?post=543"},{"taxonomy":"product_tag","embeddable":true,"href":"https:\/\/harly-tea.at\/de\/wp-json\/wp\/v2\/product_tag?post=543"}],"curies":[{"name":"wp","href":"https:\/\/api.w.org\/{rel}","templated":true}]}}