{"id":545,"date":"2022-08-09T21:20:32","date_gmt":"2022-08-09T19:20:32","guid":{"rendered":"https:\/\/harly-tea.at\/produkt\/mozarttee\/"},"modified":"2025-08-25T13:23:03","modified_gmt":"2025-08-25T11:23:03","slug":"mozarttee","status":"publish","type":"product","link":"https:\/\/harly-tea.at\/de\/produkt\/mozarttee\/","title":{"rendered":"Mozarttee"},"content":{"rendered":"<p>Schwarzteemischung Pistazie\/Marzipan aromatisiert<br \/>\nUnsere allseits beliebte Schwarzteebasis erscheint hier in neuem Gewand. Gr\u00fcne Pistazien, leuchtende Rosenbl\u00fcten und das besondere Etwas: echte Marzipantr\u00f6pfchen, die in der Tasse langsam zusammenschmelzen und Ihnen das Herz erw\u00e4rmen werden.<\/p>\n<p>Zutaten: schwarzer Tee (90 %), PISTATIEN, Aroma, gefr.-getr. Marzipantr\u00f6pfchen (MANDELN, Zucker, Feuchthaltemittel: Invertase), Rosenbl\u00fcten.\u00a0Kann spuren von N\u00fcssen enthalten!<\/p>\n<div class=\"row mt-5\">\n   <div class=\"col-md-12 text-center\">\n      <h3>Zubereitungsempfehlung<\/h3>\n   <\/div>\n   <\/div><div class=\"row\">   <div class=\"col-md-4 wc-info-box\">\n      <i class=\"fa fa-3x fa-scale-balanced\"><\/i>\n      <h4>3-4 Gramm Tee pro 200ml<\/h4>\n      <\/div>   <div class=\"col-md-4 wc-info-box\">\n      <i class=\"fa fa-3x fa-temperature-full\"><\/i>\n      <h4>95\u00b0C Wassertemperatur<\/h4>\n      <\/div>   <div class=\"col-md-4 wc-info-box\">\n      <i class=\"fa fa-3x fa-clock\"><\/i>\n      <h4>3 Minuten Ziehzeit<\/h4>\n      <\/div><\/div>\n","protected":false},"excerpt":{"rendered":"<p>Schwarzteemischung Pistazie\/Marzipan aromatisiert Unsere allseits beliebte Schwarzteebasis erscheint hier in neuem Gewand. Gr\u00fcne Pistazien, leuchtende Rosenbl\u00fcten und das besondere Etwas:<\/p>\n","protected":false},"featured_media":1056,"template":"","meta":[],"product_brand":[],"product_cat":[100,16],"product_tag":[],"class_list":{"0":"post-545","1":"product","2":"type-product","3":"status-publish","4":"has-post-thumbnail","6":"product_cat-aromatisierter-schwarztee","7":"product_cat-tee","9":"first","10":"instock","11":"taxable","12":"shipping-taxable","13":"purchasable","14":"product-type-simple"},"_links":{"self":[{"href":"https:\/\/harly-tea.at\/de\/wp-json\/wp\/v2\/product\/545","targetHints":{"allow":["GET"]}}],"collection":[{"href":"https:\/\/harly-tea.at\/de\/wp-json\/wp\/v2\/product"}],"about":[{"href":"https:\/\/harly-tea.at\/de\/wp-json\/wp\/v2\/types\/product"}],"wp:featuredmedia":[{"embeddable":true,"href":"https:\/\/harly-tea.at\/de\/wp-json\/wp\/v2\/media\/1056"}],"wp:attachment":[{"href":"https:\/\/harly-tea.at\/de\/wp-json\/wp\/v2\/media?parent=545"}],"wp:term":[{"taxonomy":"product_brand","embeddable":true,"href":"https:\/\/harly-tea.at\/de\/wp-json\/wp\/v2\/product_brand?post=545"},{"taxonomy":"product_cat","embeddable":true,"href":"https:\/\/harly-tea.at\/de\/wp-json\/wp\/v2\/product_cat?post=545"},{"taxonomy":"product_tag","embeddable":true,"href":"https:\/\/harly-tea.at\/de\/wp-json\/wp\/v2\/product_tag?post=545"}],"curies":[{"name":"wp","href":"https:\/\/api.w.org\/{rel}","templated":true}]}}