{"id":548,"date":"2022-08-09T21:20:32","date_gmt":"2022-08-09T19:20:32","guid":{"rendered":"https:\/\/harly-tea.at\/produkt\/orientalischer-bazar\/"},"modified":"2022-11-26T23:25:24","modified_gmt":"2022-11-26T22:25:24","slug":"orientalischer-bazar","status":"publish","type":"product","link":"https:\/\/harly-tea.at\/de\/produkt\/orientalischer-bazar\/","title":{"rendered":"Orientalischer Bazar"},"content":{"rendered":"<p>Ein Tee wie ein M\u00e4rchen aus 1001 Nacht! Die samtene W\u00e4rme des schwarzen Tees mit verschiedenen Gew\u00fcrzen versetzt uns in einen orientalischen Bazar!<\/p>\n<p>Zutaten: Schwarzer Tee (67 %), Orangenschalen, Ingwer, Zimt, Kardamomsaat, Aromen, Vanillest\u00fccke<\/p>\n<div class=\"row mt-5\">\n   <div class=\"col-md-12 text-center\">\n      <h3>Zubereitungsempfehlung<\/h3>\n   <\/div>\n   <\/div><div class=\"row\">   <div class=\"col-md-4 wc-info-box\">\n      <i class=\"fa fa-3x fa-scale-balanced\"><\/i>\n      <h4>3-4 Gramm Tee pro 200ml<\/h4>\n      <\/div>   <div class=\"col-md-4 wc-info-box\">\n      <i class=\"fa fa-3x fa-temperature-full\"><\/i>\n      <h4>95\u00b0C Wassertemperatur<\/h4>\n      <\/div>   <div class=\"col-md-4 wc-info-box\">\n      <i class=\"fa fa-3x fa-clock\"><\/i>\n      <h4>3 Minuten Ziehzeit<\/h4>\n      <\/div><\/div>\n","protected":false},"excerpt":{"rendered":"<p>Ein Tee wie ein M\u00e4rchen aus 1001 Nacht! Die samtene W\u00e4rme des schwarzen Tees mit verschiedenen Gew\u00fcrzen versetzt uns in<\/p>\n","protected":false},"featured_media":978,"template":"","meta":[],"product_brand":[],"product_cat":[100,16],"product_tag":[],"class_list":{"0":"post-548","1":"product","2":"type-product","3":"status-publish","4":"has-post-thumbnail","6":"product_cat-aromatisierter-schwarztee","7":"product_cat-tee","9":"first","10":"instock","11":"taxable","12":"shipping-taxable","13":"purchasable","14":"product-type-simple"},"_links":{"self":[{"href":"https:\/\/harly-tea.at\/de\/wp-json\/wp\/v2\/product\/548","targetHints":{"allow":["GET"]}}],"collection":[{"href":"https:\/\/harly-tea.at\/de\/wp-json\/wp\/v2\/product"}],"about":[{"href":"https:\/\/harly-tea.at\/de\/wp-json\/wp\/v2\/types\/product"}],"wp:featuredmedia":[{"embeddable":true,"href":"https:\/\/harly-tea.at\/de\/wp-json\/wp\/v2\/media\/978"}],"wp:attachment":[{"href":"https:\/\/harly-tea.at\/de\/wp-json\/wp\/v2\/media?parent=548"}],"wp:term":[{"taxonomy":"product_brand","embeddable":true,"href":"https:\/\/harly-tea.at\/de\/wp-json\/wp\/v2\/product_brand?post=548"},{"taxonomy":"product_cat","embeddable":true,"href":"https:\/\/harly-tea.at\/de\/wp-json\/wp\/v2\/product_cat?post=548"},{"taxonomy":"product_tag","embeddable":true,"href":"https:\/\/harly-tea.at\/de\/wp-json\/wp\/v2\/product_tag?post=548"}],"curies":[{"name":"wp","href":"https:\/\/api.w.org\/{rel}","templated":true}]}}