{"id":557,"date":"2022-08-09T21:20:35","date_gmt":"2022-08-09T19:20:35","guid":{"rendered":"https:\/\/harly-tea.at\/produkt\/weisser-pfirsich\/"},"modified":"2023-07-18T10:40:39","modified_gmt":"2023-07-18T08:40:39","slug":"weisser-pfirsich","status":"publish","type":"product","link":"https:\/\/harly-tea.at\/de\/produkt\/weisser-pfirsich\/","title":{"rendered":"Weisser Pfirsich"},"content":{"rendered":"<p>Eine sommerliche Gr\u00fcn- und Wei\u00dftee-Mischung mit dem fruchtigen Geschmack von Pfirsich.<\/p>\n<p>Zutaten: Wei\u00dfer Tee (45 %), Yin Hao Gr\u00fcntee (30 %), gr\u00fcner Lycheetee (gr\u00fcner Tee, Aroma) (20 %), Aromen, Ringelblumenbl\u00fcten<\/p>\n<p>&nbsp;<\/p>\n<div class=\"row mt-5\">\n   <div class=\"col-md-12 text-center\">\n      <h3>Zubereitungsempfehlung<\/h3>\n   <\/div>\n   <\/div><div class=\"row\">   <div class=\"col-md-4 wc-info-box\">\n      <i class=\"fa fa-3x fa-scale-balanced\"><\/i>\n      <h4>3 Gramm Tee pro 200ml<\/h4>\n      <\/div>   <div class=\"col-md-4 wc-info-box\">\n      <i class=\"fa fa-3x fa-temperature-full\"><\/i>\n      <h4>75-80\u00b0C Wassertemperatur<\/h4>\n      <\/div>   <div class=\"col-md-4 wc-info-box\">\n      <i class=\"fa fa-3x fa-clock\"><\/i>\n      <h4>3 Minuten Ziehzeit<\/h4>\n      <\/div><\/div>\n","protected":false},"excerpt":{"rendered":"<p>Eine sommerliche Gr\u00fcn- und Wei\u00dftee-Mischung mit dem fruchtigen Geschmack von Pfirsich. Zutaten: Wei\u00dfer Tee (45 %), Yin Hao Gr\u00fcntee (30<\/p>\n","protected":false},"featured_media":838,"template":"","meta":[],"product_brand":[],"product_cat":[99,16],"product_tag":[],"class_list":{"0":"post-557","1":"product","2":"type-product","3":"status-publish","4":"has-post-thumbnail","6":"product_cat-aromatisierter-gruentee","7":"product_cat-tee","9":"first","10":"instock","11":"taxable","12":"shipping-taxable","13":"purchasable","14":"product-type-simple"},"_links":{"self":[{"href":"https:\/\/harly-tea.at\/de\/wp-json\/wp\/v2\/product\/557","targetHints":{"allow":["GET"]}}],"collection":[{"href":"https:\/\/harly-tea.at\/de\/wp-json\/wp\/v2\/product"}],"about":[{"href":"https:\/\/harly-tea.at\/de\/wp-json\/wp\/v2\/types\/product"}],"wp:featuredmedia":[{"embeddable":true,"href":"https:\/\/harly-tea.at\/de\/wp-json\/wp\/v2\/media\/838"}],"wp:attachment":[{"href":"https:\/\/harly-tea.at\/de\/wp-json\/wp\/v2\/media?parent=557"}],"wp:term":[{"taxonomy":"product_brand","embeddable":true,"href":"https:\/\/harly-tea.at\/de\/wp-json\/wp\/v2\/product_brand?post=557"},{"taxonomy":"product_cat","embeddable":true,"href":"https:\/\/harly-tea.at\/de\/wp-json\/wp\/v2\/product_cat?post=557"},{"taxonomy":"product_tag","embeddable":true,"href":"https:\/\/harly-tea.at\/de\/wp-json\/wp\/v2\/product_tag?post=557"}],"curies":[{"name":"wp","href":"https:\/\/api.w.org\/{rel}","templated":true}]}}