{"id":559,"date":"2022-08-09T21:20:35","date_gmt":"2022-08-09T19:20:35","guid":{"rendered":"https:\/\/harly-tea.at\/produkt\/zaubermond\/"},"modified":"2023-01-17T14:09:50","modified_gmt":"2023-01-17T13:09:50","slug":"zaubermond","status":"publish","type":"product","link":"https:\/\/harly-tea.at\/de\/produkt\/zaubermond\/","title":{"rendered":"Zaubermond"},"content":{"rendered":"<p>Eine au\u00dfergew\u00f6hnliche, bunte Schwarz- und Gr\u00fcnteemischung, die durch die sorgf\u00e4ltige ausgew\u00e4hlten Zutaten zu einem v\u00f6llig neuen Geschmackserlebnis f\u00fchrt. Die s\u00fc\u00dfe Frucht der Papaya bildet ein harmonisches Zusammenspiel mit der feinen S\u00e4ure der intensiv rot-leuchtenden Hagebuttenschale. Zart aromatisiert mit den vollfruchtigen Aromen ausgesuchter, hochwertiger, exotischer und beliebter heimischer Fr\u00fcchte, entsteht eine einzigartige Geschmackssensation. Zauberhaft.<\/p>\n<p>Zutaten: schwarzer Tee (57 %), gr\u00fcner Tee (20%), Papayaw\u00fcrfel (Papaya, Zucker), Hagebuttenschalen, Aroma, Sonnenblumenbl\u00fcten, Rosenbl\u00fcten<\/p>\n","protected":false},"excerpt":{"rendered":"<p>Eine au\u00dfergew\u00f6hnliche, bunte Schwarz- und Gr\u00fcnteemischung, die durch die sorgf\u00e4ltige ausgew\u00e4hlten Zutaten zu einem v\u00f6llig neuen Geschmackserlebnis f\u00fchrt. Die s\u00fc\u00dfe<\/p>\n","protected":false},"featured_media":2103,"template":"","meta":[],"product_brand":[],"product_cat":[99,100,16],"product_tag":[],"class_list":{"0":"post-559","1":"product","2":"type-product","3":"status-publish","4":"has-post-thumbnail","6":"product_cat-aromatisierter-gruentee","7":"product_cat-aromatisierter-schwarztee","8":"product_cat-tee","10":"first","11":"instock","12":"taxable","13":"shipping-taxable","14":"purchasable","15":"product-type-simple"},"_links":{"self":[{"href":"https:\/\/harly-tea.at\/de\/wp-json\/wp\/v2\/product\/559","targetHints":{"allow":["GET"]}}],"collection":[{"href":"https:\/\/harly-tea.at\/de\/wp-json\/wp\/v2\/product"}],"about":[{"href":"https:\/\/harly-tea.at\/de\/wp-json\/wp\/v2\/types\/product"}],"wp:featuredmedia":[{"embeddable":true,"href":"https:\/\/harly-tea.at\/de\/wp-json\/wp\/v2\/media\/2103"}],"wp:attachment":[{"href":"https:\/\/harly-tea.at\/de\/wp-json\/wp\/v2\/media?parent=559"}],"wp:term":[{"taxonomy":"product_brand","embeddable":true,"href":"https:\/\/harly-tea.at\/de\/wp-json\/wp\/v2\/product_brand?post=559"},{"taxonomy":"product_cat","embeddable":true,"href":"https:\/\/harly-tea.at\/de\/wp-json\/wp\/v2\/product_cat?post=559"},{"taxonomy":"product_tag","embeddable":true,"href":"https:\/\/harly-tea.at\/de\/wp-json\/wp\/v2\/product_tag?post=559"}],"curies":[{"name":"wp","href":"https:\/\/api.w.org\/{rel}","templated":true}]}}