{"id":567,"date":"2022-08-09T21:20:35","date_gmt":"2022-08-09T19:20:35","guid":{"rendered":"https:\/\/harly-tea.at\/produkt\/kir-royal\/"},"modified":"2026-02-02T14:25:33","modified_gmt":"2026-02-02T13:25:33","slug":"kir-royal","status":"publish","type":"product","link":"https:\/\/harly-tea.at\/de\/produkt\/kir-royal\/","title":{"rendered":"Kir Royal"},"content":{"rendered":"<p>Der Renner unter den Fr\u00fcchtetees &#8211; eine beerige,\u00a0s\u00fc\u00df-saure Fr\u00fcchtemischung, die sowohl kalt im Sommer oder warm im Winter ein perfekter Begleiter ist.<\/p>\n<p>Zutaten: Hibiskusbl\u00fcten, Papayast\u00fccke (Papaya, Zucker) (10 %), Korinthen, schwarze Johannisbeeren, Aromen, Holunderbeeren, Heidelbeeren, Himbeerst\u00fccke, Erdbeerst\u00fccke<\/p>\n<div class=\"row mt-5\">\n   <div class=\"col-md-12 text-center\">\n      <h3>Zubereitungsempfehlung<\/h3>\n   <\/div>\n   <\/div><div class=\"row\">   <div class=\"col-md-4 wc-info-box\">\n      <i class=\"fa fa-3x fa-scale-balanced\"><\/i>\n      <h4>5 Gramm Tee pro 200ml<\/h4>\n      <\/div>   <div class=\"col-md-4 wc-info-box\">\n      <i class=\"fa fa-3x fa-temperature-full\"><\/i>\n      <h4>100\u00b0C Wassertemperatur<\/h4>\n      <\/div>   <div class=\"col-md-4 wc-info-box\">\n      <i class=\"fa fa-3x fa-clock\"><\/i>\n      <h4>5 Minuten Ziehzeit<\/h4>\n      <\/div><\/div>\n","protected":false},"excerpt":{"rendered":"<p>Der Renner unter den Fr\u00fcchtetees &#8211; eine beerige,\u00a0s\u00fc\u00df-saure Fr\u00fcchtemischung, die sowohl kalt im Sommer oder warm im Winter ein perfekter<\/p>\n","protected":false},"featured_media":841,"template":"","meta":[],"product_brand":[],"product_cat":[104,16],"product_tag":[],"class_list":{"0":"post-567","1":"product","2":"type-product","3":"status-publish","4":"has-post-thumbnail","6":"product_cat-fruechtetee","7":"product_cat-tee","9":"first","10":"instock","11":"taxable","12":"shipping-taxable","13":"purchasable","14":"product-type-simple"},"_links":{"self":[{"href":"https:\/\/harly-tea.at\/de\/wp-json\/wp\/v2\/product\/567","targetHints":{"allow":["GET"]}}],"collection":[{"href":"https:\/\/harly-tea.at\/de\/wp-json\/wp\/v2\/product"}],"about":[{"href":"https:\/\/harly-tea.at\/de\/wp-json\/wp\/v2\/types\/product"}],"wp:featuredmedia":[{"embeddable":true,"href":"https:\/\/harly-tea.at\/de\/wp-json\/wp\/v2\/media\/841"}],"wp:attachment":[{"href":"https:\/\/harly-tea.at\/de\/wp-json\/wp\/v2\/media?parent=567"}],"wp:term":[{"taxonomy":"product_brand","embeddable":true,"href":"https:\/\/harly-tea.at\/de\/wp-json\/wp\/v2\/product_brand?post=567"},{"taxonomy":"product_cat","embeddable":true,"href":"https:\/\/harly-tea.at\/de\/wp-json\/wp\/v2\/product_cat?post=567"},{"taxonomy":"product_tag","embeddable":true,"href":"https:\/\/harly-tea.at\/de\/wp-json\/wp\/v2\/product_tag?post=567"}],"curies":[{"name":"wp","href":"https:\/\/api.w.org\/{rel}","templated":true}]}}