{"id":568,"date":"2022-08-09T21:20:35","date_gmt":"2022-08-09T19:20:35","guid":{"rendered":"https:\/\/harly-tea.at\/produkt\/mango-tango\/"},"modified":"2023-01-17T14:32:28","modified_gmt":"2023-01-17T13:32:28","slug":"mango-tango","status":"publish","type":"product","link":"https:\/\/harly-tea.at\/de\/produkt\/mango-tango\/","title":{"rendered":"Mango Tango"},"content":{"rendered":"<p>Ein Fr\u00fcchtetee der Extraklasse! Extra gro\u00dfe Flocken und W\u00fcrfel von saftigen, ausschlie\u00dflich exotischen Fr\u00fcchten bilden diese s\u00e4urearme Basis. Der bereits durch diese Fruchtzutaten raffinierte, typische Geschmack wird durch eine besondere s\u00fc\u00df-frische Aromenkombination wunderbar erg\u00e4nzt. Als Eistee ein Hochgenuss, der so manches Saftgetr\u00e4nk in den Schatten stellen kann. Auch ein nachtr\u00e4gliches S\u00fc\u00dfen will wohl \u00fcberlegt werden. Zutaten: Ananasw\u00fcrfel (Ananas, Zucker) und Mangow\u00fcrfel (Mango, Zucker), Ananas- und Mangoflocken, Orangenspalten, Aroma, gefr.-getr. Mandarinorangenst\u00fccke, F\u00e4rberdisteln, Ringelblumen, gefr.-getr. Erdbeerscheiben.<\/p>\n<div class=\"row mt-5\">\n   <div class=\"col-md-12 text-center\">\n      <h3>Zubereitungsempfehlung<\/h3>\n   <\/div>\n   <\/div><div class=\"row\">   <div class=\"col-md-4 wc-info-box\">\n      <i class=\"fa fa-3x fa-scale-balanced\"><\/i>\n      <h4>5 Gramm Tee pro 200ml<\/h4>\n      <\/div>   <div class=\"col-md-4 wc-info-box\">\n      <i class=\"fa fa-3x fa-temperature-full\"><\/i>\n      <h4>100\u00b0C Wassertemperatur<\/h4>\n      <\/div>   <div class=\"col-md-4 wc-info-box\">\n      <i class=\"fa fa-3x fa-clock\"><\/i>\n      <h4>5 Minuten Ziehzeit<\/h4>\n      <\/div><\/div>\n","protected":false},"excerpt":{"rendered":"<p>Ein Fr\u00fcchtetee der Extraklasse! Extra gro\u00dfe Flocken und W\u00fcrfel von saftigen, ausschlie\u00dflich exotischen Fr\u00fcchten bilden diese s\u00e4urearme Basis. Der bereits<\/p>\n","protected":false},"featured_media":921,"template":"","meta":[],"product_brand":[],"product_cat":[16,104],"product_tag":[],"class_list":{"0":"post-568","1":"product","2":"type-product","3":"status-publish","4":"has-post-thumbnail","6":"product_cat-tee","7":"product_cat-fruechtetee","9":"first","10":"instock","11":"taxable","12":"shipping-taxable","13":"purchasable","14":"product-type-simple"},"_links":{"self":[{"href":"https:\/\/harly-tea.at\/de\/wp-json\/wp\/v2\/product\/568","targetHints":{"allow":["GET"]}}],"collection":[{"href":"https:\/\/harly-tea.at\/de\/wp-json\/wp\/v2\/product"}],"about":[{"href":"https:\/\/harly-tea.at\/de\/wp-json\/wp\/v2\/types\/product"}],"wp:featuredmedia":[{"embeddable":true,"href":"https:\/\/harly-tea.at\/de\/wp-json\/wp\/v2\/media\/921"}],"wp:attachment":[{"href":"https:\/\/harly-tea.at\/de\/wp-json\/wp\/v2\/media?parent=568"}],"wp:term":[{"taxonomy":"product_brand","embeddable":true,"href":"https:\/\/harly-tea.at\/de\/wp-json\/wp\/v2\/product_brand?post=568"},{"taxonomy":"product_cat","embeddable":true,"href":"https:\/\/harly-tea.at\/de\/wp-json\/wp\/v2\/product_cat?post=568"},{"taxonomy":"product_tag","embeddable":true,"href":"https:\/\/harly-tea.at\/de\/wp-json\/wp\/v2\/product_tag?post=568"}],"curies":[{"name":"wp","href":"https:\/\/api.w.org\/{rel}","templated":true}]}}