{"id":570,"date":"2022-08-09T21:20:35","date_gmt":"2022-08-09T19:20:35","guid":{"rendered":"https:\/\/harly-tea.at\/produkt\/strawberry-fields-juicea\/"},"modified":"2024-01-12T14:00:29","modified_gmt":"2024-01-12T13:00:29","slug":"strawberry-fields-juicea","status":"publish","type":"product","link":"https:\/\/harly-tea.at\/de\/produkt\/strawberry-fields-juicea\/","title":{"rendered":"Strawberry Fields Juicea*"},"content":{"rendered":"<p>Diese erdbeerig Mischung mit ausgewogener S\u00e4ure vermittelt einem &#8211; neben der ersten Assoziation mit einem Beatles Lied &#8211; das Gef\u00fchl, in einem Feld voller roter, reifer Erdbeeren zu sitzen. Probieren Sie mal.<\/p>\n<p>Ein Premium-Tee aus unserem Juicea\u00ae-Sortiment mit verkapselten Aromagranulaten<\/p>\n<p>Zutaten: Hibiskusbl\u00fcten, Hagebuttenschalen, Orangenschalen, Apfeltrester, Aromen, s\u00fc\u00dfe Brombeerbl\u00e4tter, Erdbeerfruchtgranulat (Glukosesirup, Erdbeeren, Fruktose, modifizierte St\u00e4rke, Verdickungsmittel E401) (5 %), S\u00e4uerungsmittel: Citronens\u00e4ure, F\u00e4rberdistelbl\u00fcten<\/p>\n<div class=\"row mt-5\">\n   <div class=\"col-md-12 text-center\">\n      <h3>Zubereitungsempfehlung<\/h3>\n   <\/div>\n   <\/div><div class=\"row\">   <div class=\"col-md-4 wc-info-box\">\n      <i class=\"fa fa-3x fa-scale-balanced\"><\/i>\n      <h4>5 Gramm Tee pro 200ml<\/h4>\n      <\/div>   <div class=\"col-md-4 wc-info-box\">\n      <i class=\"fa fa-3x fa-temperature-full\"><\/i>\n      <h4>100\u00b0C Wassertemperatur<\/h4>\n      <\/div>   <div class=\"col-md-4 wc-info-box\">\n      <i class=\"fa fa-3x fa-clock\"><\/i>\n      <h4>5 Minuten Ziehzeit<\/h4>\n      <\/div><\/div>\n","protected":false},"excerpt":{"rendered":"<p>Diese erdbeerig Mischung mit ausgewogener S\u00e4ure vermittelt einem &#8211; neben der ersten Assoziation mit einem Beatles Lied &#8211; das Gef\u00fchl,<\/p>\n","protected":false},"featured_media":944,"template":"","meta":[],"product_brand":[],"product_cat":[104,16],"product_tag":[],"class_list":{"0":"post-570","1":"product","2":"type-product","3":"status-publish","4":"has-post-thumbnail","6":"product_cat-fruechtetee","7":"product_cat-tee","9":"first","10":"instock","11":"taxable","12":"shipping-taxable","13":"purchasable","14":"product-type-simple"},"_links":{"self":[{"href":"https:\/\/harly-tea.at\/de\/wp-json\/wp\/v2\/product\/570","targetHints":{"allow":["GET"]}}],"collection":[{"href":"https:\/\/harly-tea.at\/de\/wp-json\/wp\/v2\/product"}],"about":[{"href":"https:\/\/harly-tea.at\/de\/wp-json\/wp\/v2\/types\/product"}],"wp:featuredmedia":[{"embeddable":true,"href":"https:\/\/harly-tea.at\/de\/wp-json\/wp\/v2\/media\/944"}],"wp:attachment":[{"href":"https:\/\/harly-tea.at\/de\/wp-json\/wp\/v2\/media?parent=570"}],"wp:term":[{"taxonomy":"product_brand","embeddable":true,"href":"https:\/\/harly-tea.at\/de\/wp-json\/wp\/v2\/product_brand?post=570"},{"taxonomy":"product_cat","embeddable":true,"href":"https:\/\/harly-tea.at\/de\/wp-json\/wp\/v2\/product_cat?post=570"},{"taxonomy":"product_tag","embeddable":true,"href":"https:\/\/harly-tea.at\/de\/wp-json\/wp\/v2\/product_tag?post=570"}],"curies":[{"name":"wp","href":"https:\/\/api.w.org\/{rel}","templated":true}]}}