{"id":571,"date":"2022-08-09T21:20:35","date_gmt":"2022-08-09T19:20:35","guid":{"rendered":"https:\/\/harly-tea.at\/produkt\/apple-frukteo\/"},"modified":"2023-01-17T14:45:47","modified_gmt":"2023-01-17T13:45:47","slug":"apple-frukteo","status":"publish","type":"product","link":"https:\/\/harly-tea.at\/de\/produkt\/apple-frukteo\/","title":{"rendered":"Apple Frukteo\u00ae"},"content":{"rendered":"<p>Ein magenmilder Premium-Tee aus unserem Frukteo\u00ae-Sortiment mit verkapselten Aromagranulaten.<\/p>\n<p>Zutaten: Apfelst\u00fccke, Apfeltrester, s\u00fc\u00dfe Brombeerbl\u00e4tter, S\u00e4uerungsmittel: Citronens\u00e4ure, Aroma<\/p>\n<div class=\"row mt-5\">\n   <div class=\"col-md-12 text-center\">\n      <h3>Zubereitungsempfehlung<\/h3>\n   <\/div>\n   <\/div><div class=\"row\">   <div class=\"col-md-4 wc-info-box\">\n      <i class=\"fa fa-3x fa-scale-balanced\"><\/i>\n      <h4>5 Gramm Tee pro 200ml<\/h4>\n      <\/div>   <div class=\"col-md-4 wc-info-box\">\n      <i class=\"fa fa-3x fa-temperature-full\"><\/i>\n      <h4>100\u00b0C Wassertemperatur<\/h4>\n      <\/div>   <div class=\"col-md-4 wc-info-box\">\n      <i class=\"fa fa-3x fa-clock\"><\/i>\n      <h4>5 Minuten Ziehzeit<\/h4>\n      <\/div><\/div>\n","protected":false},"excerpt":{"rendered":"<p>Ein magenmilder Premium-Tee aus unserem Frukteo\u00ae-Sortiment mit verkapselten Aromagranulaten. Zutaten: Apfelst\u00fccke, Apfeltrester, s\u00fc\u00dfe Brombeerbl\u00e4tter, S\u00e4uerungsmittel: Citronens\u00e4ure, Aroma<\/p>\n","protected":false},"featured_media":915,"template":"","meta":[],"product_brand":[],"product_cat":[104,16],"product_tag":[],"class_list":{"0":"post-571","1":"product","2":"type-product","3":"status-publish","4":"has-post-thumbnail","6":"product_cat-fruechtetee","7":"product_cat-tee","9":"first","10":"instock","11":"taxable","12":"shipping-taxable","13":"purchasable","14":"product-type-simple"},"_links":{"self":[{"href":"https:\/\/harly-tea.at\/de\/wp-json\/wp\/v2\/product\/571","targetHints":{"allow":["GET"]}}],"collection":[{"href":"https:\/\/harly-tea.at\/de\/wp-json\/wp\/v2\/product"}],"about":[{"href":"https:\/\/harly-tea.at\/de\/wp-json\/wp\/v2\/types\/product"}],"wp:featuredmedia":[{"embeddable":true,"href":"https:\/\/harly-tea.at\/de\/wp-json\/wp\/v2\/media\/915"}],"wp:attachment":[{"href":"https:\/\/harly-tea.at\/de\/wp-json\/wp\/v2\/media?parent=571"}],"wp:term":[{"taxonomy":"product_brand","embeddable":true,"href":"https:\/\/harly-tea.at\/de\/wp-json\/wp\/v2\/product_brand?post=571"},{"taxonomy":"product_cat","embeddable":true,"href":"https:\/\/harly-tea.at\/de\/wp-json\/wp\/v2\/product_cat?post=571"},{"taxonomy":"product_tag","embeddable":true,"href":"https:\/\/harly-tea.at\/de\/wp-json\/wp\/v2\/product_tag?post=571"}],"curies":[{"name":"wp","href":"https:\/\/api.w.org\/{rel}","templated":true}]}}