{"id":582,"date":"2022-08-09T21:20:39","date_gmt":"2022-08-09T19:20:39","guid":{"rendered":"https:\/\/harly-tea.at\/produkt\/ingwer-lemon-mix-bio\/"},"modified":"2024-11-13T11:47:35","modified_gmt":"2024-11-13T10:47:35","slug":"ingwer-lemon-mix-bio","status":"publish","type":"product","link":"https:\/\/harly-tea.at\/de\/produkt\/ingwer-lemon-mix-bio\/","title":{"rendered":"Ingwer-Lemon-Mix Bio"},"content":{"rendered":"<p>Diese erfrischende Kr\u00e4utermischung besticht durch zitronige Noten mit leicht scharfem Ingwer-Abgang.<\/p>\n<p>Zutaten: Ingwerst\u00fccke* (45 %), Apfelst\u00fccke*, Hagebuttenschalen*, Zitronenverbene* (10 %), Hibiskusbl\u00fcten*, Zitronenschalen* (2,5 %), nat\u00fcrliches Zitronenaroma<br \/>\n(* Zutaten aus kontrolliert biologischem Anbau)<\/p>\n<p>Enth\u00e4lt S\u00fc\u00dfholz \u2013 bei Bluthochdruck sollte ein\u00a0\u00fcberm\u00e4\u00dfiger Verzehr dieses Erzeugnisses vermieden\u00a0werden.<\/p>\n<p>AT-BIO-402<\/p>\n<div class=\"row mt-5\">\n   <div class=\"col-md-12 text-center\">\n      <h3>Zubereitungsempfehlung<\/h3>\n   <\/div>\n   <\/div><div class=\"row\">   <div class=\"col-md-4 wc-info-box\">\n      <i class=\"fa fa-3x fa-scale-balanced\"><\/i>\n      <h4>5 Gramm Tee pro 200ml<\/h4>\n      <\/div>   <div class=\"col-md-4 wc-info-box\">\n      <i class=\"fa fa-3x fa-temperature-full\"><\/i>\n      <h4>100\u00b0C Wassertemperatur<\/h4>\n      <\/div>   <div class=\"col-md-4 wc-info-box\">\n      <i class=\"fa fa-3x fa-clock\"><\/i>\n      <h4>5-7 Minuten Ziehzeit<\/h4>\n      <\/div><\/div>\n","protected":false},"excerpt":{"rendered":"<p>Diese erfrischende Kr\u00e4utermischung besticht durch zitronige Noten mit leicht scharfem Ingwer-Abgang. Zutaten: Ingwerst\u00fccke* (45 %), Apfelst\u00fccke*, Hagebuttenschalen*, Zitronenverbene* (10 %),<\/p>\n","protected":false},"featured_media":724,"template":"","meta":[],"product_brand":[],"product_cat":[16,105],"product_tag":[],"class_list":{"0":"post-582","1":"product","2":"type-product","3":"status-publish","4":"has-post-thumbnail","6":"product_cat-tee","7":"product_cat-kraeutertee","9":"first","10":"instock","11":"taxable","12":"shipping-taxable","13":"purchasable","14":"product-type-simple"},"_links":{"self":[{"href":"https:\/\/harly-tea.at\/de\/wp-json\/wp\/v2\/product\/582","targetHints":{"allow":["GET"]}}],"collection":[{"href":"https:\/\/harly-tea.at\/de\/wp-json\/wp\/v2\/product"}],"about":[{"href":"https:\/\/harly-tea.at\/de\/wp-json\/wp\/v2\/types\/product"}],"wp:featuredmedia":[{"embeddable":true,"href":"https:\/\/harly-tea.at\/de\/wp-json\/wp\/v2\/media\/724"}],"wp:attachment":[{"href":"https:\/\/harly-tea.at\/de\/wp-json\/wp\/v2\/media?parent=582"}],"wp:term":[{"taxonomy":"product_brand","embeddable":true,"href":"https:\/\/harly-tea.at\/de\/wp-json\/wp\/v2\/product_brand?post=582"},{"taxonomy":"product_cat","embeddable":true,"href":"https:\/\/harly-tea.at\/de\/wp-json\/wp\/v2\/product_cat?post=582"},{"taxonomy":"product_tag","embeddable":true,"href":"https:\/\/harly-tea.at\/de\/wp-json\/wp\/v2\/product_tag?post=582"}],"curies":[{"name":"wp","href":"https:\/\/api.w.org\/{rel}","templated":true}]}}