{"id":585,"date":"2022-08-09T21:20:39","date_gmt":"2022-08-09T19:20:39","guid":{"rendered":"https:\/\/harly-tea.at\/produkt\/kraeutertee-simply-beautiful-bio\/"},"modified":"2024-01-16T16:25:06","modified_gmt":"2024-01-16T15:25:06","slug":"kraeutertee-simply-beautiful-bio","status":"publish","type":"product","link":"https:\/\/harly-tea.at\/de\/produkt\/kraeutertee-simply-beautiful-bio\/","title":{"rendered":"Simply Beautiful Kr\u00e4utertee Bio"},"content":{"rendered":"<p>Naturbelassene Kr\u00e4utertee-Mischung aus blumigen Noten von Lavendel und den s\u00fc\u00df-w\u00fcrzigen Noten von Pu Erhalten und Gew\u00fcrzen.<\/p>\n<p>Zutaten: Rosmarin*, Brennnesselbl\u00e4tter*, Hagebuttenschalen*, Rooibos*, Lavendelbl\u00fcten*, Ingwerst\u00fccke*, Pu Erh-Tee Tee mit spezieller Fermentation*, Mate*, Fenchelsaat*, S\u00fc\u00dfholzwurzel*, Zimt*, schwarzer Pfeffer*, Kardamomschoten*, Gew\u00fcrznelken*<\/p>\n<p>Enth\u00e4lt S\u00fc\u00dfholzwurzel &#8211; bei hohem Blutdruck sollte ein \u00fcberm\u00e4\u00dfiger Verzehr dieses Erzeugnisses vermieden werden.<\/p>\n<p>(* Zutaten aus kontrolliert biologischem Anbau)<\/p>\n<p>AT-BIO-402<\/p>\n<div class=\"row mt-5\">\n   <div class=\"col-md-12 text-center\">\n      <h3>Zubereitungsempfehlung<\/h3>\n   <\/div>\n   <\/div><div class=\"row\">   <div class=\"col-md-4 wc-info-box\">\n      <i class=\"fa fa-3x fa-scale-balanced\"><\/i>\n      <h4>5 Gramm Tee pro 200ml<\/h4>\n      <\/div>   <div class=\"col-md-4 wc-info-box\">\n      <i class=\"fa fa-3x fa-temperature-full\"><\/i>\n      <h4>100\u00b0C Wassertemperatur<\/h4>\n      <\/div>   <div class=\"col-md-4 wc-info-box\">\n      <i class=\"fa fa-3x fa-clock\"><\/i>\n      <h4>5-7 Minuten Ziehzeit<\/h4>\n      <\/div><\/div>\n<p>&nbsp;<\/p>\n","protected":false},"excerpt":{"rendered":"<p>Naturbelassene Kr\u00e4utertee-Mischung aus blumigen Noten von Lavendel und den s\u00fc\u00df-w\u00fcrzigen Noten von Pu Erhalten und Gew\u00fcrzen. Zutaten: Rosmarin*, Brennnesselbl\u00e4tter*, Hagebuttenschalen*,<\/p>\n","protected":false},"featured_media":817,"template":"","meta":[],"product_brand":[],"product_cat":[105,16],"product_tag":[],"class_list":{"0":"post-585","1":"product","2":"type-product","3":"status-publish","4":"has-post-thumbnail","6":"product_cat-kraeutertee","7":"product_cat-tee","9":"first","10":"instock","11":"taxable","12":"shipping-taxable","13":"purchasable","14":"product-type-simple"},"_links":{"self":[{"href":"https:\/\/harly-tea.at\/de\/wp-json\/wp\/v2\/product\/585","targetHints":{"allow":["GET"]}}],"collection":[{"href":"https:\/\/harly-tea.at\/de\/wp-json\/wp\/v2\/product"}],"about":[{"href":"https:\/\/harly-tea.at\/de\/wp-json\/wp\/v2\/types\/product"}],"wp:featuredmedia":[{"embeddable":true,"href":"https:\/\/harly-tea.at\/de\/wp-json\/wp\/v2\/media\/817"}],"wp:attachment":[{"href":"https:\/\/harly-tea.at\/de\/wp-json\/wp\/v2\/media?parent=585"}],"wp:term":[{"taxonomy":"product_brand","embeddable":true,"href":"https:\/\/harly-tea.at\/de\/wp-json\/wp\/v2\/product_brand?post=585"},{"taxonomy":"product_cat","embeddable":true,"href":"https:\/\/harly-tea.at\/de\/wp-json\/wp\/v2\/product_cat?post=585"},{"taxonomy":"product_tag","embeddable":true,"href":"https:\/\/harly-tea.at\/de\/wp-json\/wp\/v2\/product_tag?post=585"}],"curies":[{"name":"wp","href":"https:\/\/api.w.org\/{rel}","templated":true}]}}