{"id":586,"date":"2022-08-09T21:20:39","date_gmt":"2022-08-09T19:20:39","guid":{"rendered":"https:\/\/harly-tea.at\/produkt\/mate-chai\/"},"modified":"2023-05-15T14:58:19","modified_gmt":"2023-05-15T12:58:19","slug":"mate-chai","status":"publish","type":"product","link":"https:\/\/harly-tea.at\/de\/produkt\/mate-chai\/","title":{"rendered":"Mate Chai"},"content":{"rendered":"<p>Aromatisierte Mate-Gew\u00fcrzteemischung<\/p>\n<p>Zutaten: Mate gr\u00fcn, Zimtst\u00fccke, Ingwerst\u00fccke, Kardamomschote, Kardamomsaat, Vanille, Aroma<\/p>\n<p>MATE<br \/>\nMate, das argentinische Nationalgetr\u00e4nk, erfreut sich immer gr\u00f6\u00dferer Beliebtheit. Er wird aus den Bl\u00e4ttern der Stechpalme gewonnen. Mate ist in vielen Fastentees enthalten. Traditionell wird er in einer Calebasse (einem ausgeh\u00f6hlten K\u00fcrbisgef\u00e4\u00df) zubereitet und mit einem Bombilla (eine Art Saugrohr) geschl\u00fcrft. Die Matebl\u00e4tter k\u00f6nnen mehrfach mit siedend hei\u00dfem Wasser aufgegossen werden.<\/p>\n<div class=\"row mt-5\">\n   <div class=\"col-md-12 text-center\">\n      <h3>Zubereitungsempfehlung<\/h3>\n   <\/div>\n   <\/div><div class=\"row\">   <div class=\"col-md-4 wc-info-box\">\n      <i class=\"fa fa-3x fa-scale-balanced\"><\/i>\n      <h4>5 Gramm Tee pro 200ml<\/h4>\n      <\/div>   <div class=\"col-md-4 wc-info-box\">\n      <i class=\"fa fa-3x fa-temperature-full\"><\/i>\n      <h4>100\u00b0C Wassertemperatur<\/h4>\n      <\/div>   <div class=\"col-md-4 wc-info-box\">\n      <i class=\"fa fa-3x fa-clock\"><\/i>\n      <h4>5-7 Minuten Ziehzeit<\/h4>\n      <\/div><\/div>\n","protected":false},"excerpt":{"rendered":"<p>Aromatisierte Mate-Gew\u00fcrzteemischung Zutaten: Mate gr\u00fcn, Zimtst\u00fccke, Ingwerst\u00fccke, Kardamomschote, Kardamomsaat, Vanille, Aroma MATE Mate, das argentinische Nationalgetr\u00e4nk, erfreut sich immer gr\u00f6\u00dferer<\/p>\n","protected":false},"featured_media":726,"template":"","meta":[],"product_brand":[],"product_cat":[16,105],"product_tag":[],"class_list":{"0":"post-586","1":"product","2":"type-product","3":"status-publish","4":"has-post-thumbnail","6":"product_cat-tee","7":"product_cat-kraeutertee","9":"first","10":"outofstock","11":"taxable","12":"shipping-taxable","13":"purchasable","14":"product-type-simple"},"_links":{"self":[{"href":"https:\/\/harly-tea.at\/de\/wp-json\/wp\/v2\/product\/586","targetHints":{"allow":["GET"]}}],"collection":[{"href":"https:\/\/harly-tea.at\/de\/wp-json\/wp\/v2\/product"}],"about":[{"href":"https:\/\/harly-tea.at\/de\/wp-json\/wp\/v2\/types\/product"}],"wp:featuredmedia":[{"embeddable":true,"href":"https:\/\/harly-tea.at\/de\/wp-json\/wp\/v2\/media\/726"}],"wp:attachment":[{"href":"https:\/\/harly-tea.at\/de\/wp-json\/wp\/v2\/media?parent=586"}],"wp:term":[{"taxonomy":"product_brand","embeddable":true,"href":"https:\/\/harly-tea.at\/de\/wp-json\/wp\/v2\/product_brand?post=586"},{"taxonomy":"product_cat","embeddable":true,"href":"https:\/\/harly-tea.at\/de\/wp-json\/wp\/v2\/product_cat?post=586"},{"taxonomy":"product_tag","embeddable":true,"href":"https:\/\/harly-tea.at\/de\/wp-json\/wp\/v2\/product_tag?post=586"}],"curies":[{"name":"wp","href":"https:\/\/api.w.org\/{rel}","templated":true}]}}